{"id":3470,"date":"2026-01-27T04:24:27","date_gmt":"2026-01-27T03:24:27","guid":{"rendered":"https:\/\/shop.wagenthaler.com\/produkt\/akrapovic-sound-kit-fuer-bmw-m5-g90-g99-opf-gpf\/"},"modified":"2026-01-27T04:24:35","modified_gmt":"2026-01-27T03:24:35","slug":"akrapovic-sound-kit-fuer-bmw-m5-g90-g99-opf-gpf","status":"publish","type":"product","link":"https:\/\/wagenthaler.com\/shop\/akrapovic-sound-kit-fuer-bmw-m5-g90-g99-opf-gpf\/","title":{"rendered":"Akrapovi\u010d Sound Kit f\u00fcr BMW M5 (G90 \/ G99) &#8211; OPF\/GPF"},"content":{"rendered":"<p>\u00a0The optional Akrapovi\u010d Sound Kit enables owners of selected Akrapovi\u010d car exhausts to control the sound of the system from the cockpit of their machine. Using Akrapovi\u010d technology, drivers can easily switch between the quiet mode and a sportier sound.\u00a0With the use of a receiver (already included in evolution system) to drive the actuators that either open the valves or setting them in a regulated mode at the end of the exhaust system, drivers can use the Sound Remote Controller to regulate the valves.<\/p>\n<p><strong>With the use of the optional Akrapovi\u010d Sound Kit, the ECE type approval is no longer valid.<\/strong><\/p>\n<p>Pictures are symbolic.<\/p>\n","protected":false},"excerpt":{"rendered":"<p>\u00a0The optional Akrapovi\u010d Sound Kit enables owners of selected Akrapovi\u010d car exhausts to control the sound of the system from the cockpit of their machine. Using Akrapovi\u010d technology, drivers can easily switch between the quiet mode and a sportier sound.\u00a0With the use of a receiver (already included in evolution system) to drive the actuators that [&hellip;]<\/p>\n","protected":false},"featured_media":3471,"comment_status":"open","ping_status":"closed","template":"","meta":[],"product_brand":[],"product_cat":[18,17],"product_tag":[],"class_list":{"0":"post-3470","1":"product","2":"type-product","3":"status-publish","4":"has-post-thumbnail","6":"product_cat-akrapovic-zubehoer","7":"product_cat-bmw","9":"first","10":"onbackorder","11":"sale","12":"taxable","13":"shipping-taxable","14":"purchasable","15":"product-type-simple"},"_links":{"self":[{"href":"https:\/\/wagenthaler.com\/shop\/wp-json\/wp\/v2\/product\/3470","targetHints":{"allow":["GET"]}}],"collection":[{"href":"https:\/\/wagenthaler.com\/shop\/wp-json\/wp\/v2\/product"}],"about":[{"href":"https:\/\/wagenthaler.com\/shop\/wp-json\/wp\/v2\/types\/product"}],"replies":[{"embeddable":true,"href":"https:\/\/wagenthaler.com\/shop\/wp-json\/wp\/v2\/comments?post=3470"}],"wp:featuredmedia":[{"embeddable":true,"href":"https:\/\/wagenthaler.com\/shop\/wp-json\/wp\/v2\/media\/3471"}],"wp:attachment":[{"href":"https:\/\/wagenthaler.com\/shop\/wp-json\/wp\/v2\/media?parent=3470"}],"wp:term":[{"taxonomy":"product_brand","embeddable":true,"href":"https:\/\/wagenthaler.com\/shop\/wp-json\/wp\/v2\/product_brand?post=3470"},{"taxonomy":"product_cat","embeddable":true,"href":"https:\/\/wagenthaler.com\/shop\/wp-json\/wp\/v2\/product_cat?post=3470"},{"taxonomy":"product_tag","embeddable":true,"href":"https:\/\/wagenthaler.com\/shop\/wp-json\/wp\/v2\/product_tag?post=3470"}],"curies":[{"name":"wp","href":"https:\/\/api.w.org\/{rel}","templated":true}]}}