{"id":3478,"date":"2026-01-27T04:24:37","date_gmt":"2026-01-27T03:24:37","guid":{"rendered":"https:\/\/shop.wagenthaler.com\/produkt\/import\/"},"modified":"2026-02-05T14:24:02","modified_gmt":"2026-02-05T13:24:02","slug":"akrapovic-evolution-line-titan-fuer-bmw-m5-m5-competition-f90","status":"publish","type":"product","link":"https:\/\/wagenthaler.com\/shop\/akrapovic-evolution-line-titan-fuer-bmw-m5-m5-competition-f90\/","title":{"rendered":"Akrapovi\u010d Evolution Line (Titan) f\u00fcr BMW M5 \/ M5 Competition (F90)"},"content":{"rendered":"<p>Die Evolution Line Abgasanlage (Titan), die aus hochwertigem,<strong> leichten Titan<\/strong> gefertigt wurde, um zus\u00e4tzliches Gewicht einzusparen, und mit in der hauseigenen Gie\u00dferei gegossenen Ventilgeh\u00e4usen ausgestattet ist, passt perfekt auf die Stock-Downpipes des BMW M5. Entwickelt, um sowohl Kraft- als auch Drehmomentsteigerungen im gesamten Bereich zu bieten und den Gegendruck <strong>signifikant zu reduzieren<\/strong>, ist sie mit <strong>handgefertigten Endrohren<\/strong> aus Kohlefaser ausgestattet, um zum optischen Genuss der Abgasanlage beizutragen. Die Endrohre wurden perfekt verarbeitet und so konstruiert, dass sie perfekt zu dem optionalen<strong> Kohlefaser-Diffusor<\/strong> passen. Optionale Spiegelkappen aus Karbon sind ebenfalls erh\u00e4ltlich, um das Erscheinungsbild des Autos zus\u00e4tzlich zu verbessern.<br \/><\/br\/><\/p>\n<p>Die Anlage kann als Plug-and-Play-System einfach montiert werden und erf\u00fcllt die Vorgaben der ECE-Typzulassung. Ebenfalls erh\u00e4ltlich ist das optionale Akrapovi\u010d Sound Kit.<br \/><\/br\/><\/p>\n<p><strong>Montagehinweis: Dieses System ist nicht f\u00fcr Fahrzeuge mit Ottopartikelfilter (OPF) geeignet.<\/strong><br \/><\/br\/><\/p>\n<p><strong>Dieses Produkt passt auch auf BMW M5 CS NON-OPF Fahrzeuge<br \/><\/br\/><\/strong><\/p>\n","protected":false},"excerpt":{"rendered":"<p>Die Evolution Line Abgasanlage (Titan), die aus hochwertigem, leichten Titan gefertigt wurde, um zus\u00e4tzliches Gewicht einzusparen, und mit in der hauseigenen Gie\u00dferei gegossenen Ventilgeh\u00e4usen ausgestattet ist, passt perfekt auf die Stock-Downpipes des BMW M5. Entwickelt, um sowohl Kraft- als auch Drehmomentsteigerungen im gesamten Bereich zu bieten und den Gegendruck signifikant zu reduzieren, ist sie mit [&hellip;]<\/p>\n","protected":false},"featured_media":23316,"comment_status":"open","ping_status":"closed","template":"","meta":[],"product_brand":[],"product_cat":[16,17],"product_tag":[],"class_list":{"0":"post-3478","1":"product","2":"type-product","3":"status-publish","4":"has-post-thumbnail","6":"product_cat-akrapovic-auspuffanlagen","7":"product_cat-bmw","9":"first","10":"outofstock","11":"sale","12":"taxable","13":"shipping-taxable","14":"purchasable","15":"product-type-simple"},"_links":{"self":[{"href":"https:\/\/wagenthaler.com\/shop\/wp-json\/wp\/v2\/product\/3478","targetHints":{"allow":["GET"]}}],"collection":[{"href":"https:\/\/wagenthaler.com\/shop\/wp-json\/wp\/v2\/product"}],"about":[{"href":"https:\/\/wagenthaler.com\/shop\/wp-json\/wp\/v2\/types\/product"}],"replies":[{"embeddable":true,"href":"https:\/\/wagenthaler.com\/shop\/wp-json\/wp\/v2\/comments?post=3478"}],"wp:featuredmedia":[{"embeddable":true,"href":"https:\/\/wagenthaler.com\/shop\/wp-json\/wp\/v2\/media\/23316"}],"wp:attachment":[{"href":"https:\/\/wagenthaler.com\/shop\/wp-json\/wp\/v2\/media?parent=3478"}],"wp:term":[{"taxonomy":"product_brand","embeddable":true,"href":"https:\/\/wagenthaler.com\/shop\/wp-json\/wp\/v2\/product_brand?post=3478"},{"taxonomy":"product_cat","embeddable":true,"href":"https:\/\/wagenthaler.com\/shop\/wp-json\/wp\/v2\/product_cat?post=3478"},{"taxonomy":"product_tag","embeddable":true,"href":"https:\/\/wagenthaler.com\/shop\/wp-json\/wp\/v2\/product_tag?post=3478"}],"curies":[{"name":"wp","href":"https:\/\/api.w.org\/{rel}","templated":true}]}}