{"id":3490,"date":"2026-01-27T04:25:11","date_gmt":"2026-01-27T03:25:11","guid":{"rendered":"https:\/\/shop.wagenthaler.com\/produkt\/import\/"},"modified":"2026-01-27T04:25:15","modified_gmt":"2026-01-27T03:25:15","slug":"akrapovic-carbon-fibre-mirror-cap-set-matte-fuer-bmw-m5-m5-competition-f90","status":"publish","type":"product","link":"https:\/\/wagenthaler.com\/shop\/akrapovic-carbon-fibre-mirror-cap-set-matte-fuer-bmw-m5-m5-competition-f90\/","title":{"rendered":"Akrapovi\u010d Carbon Fibre Mirror Cap Set &#8211; Matte f\u00fcr BMW M5 \/ M5 Competition (F90)"},"content":{"rendered":"<p>Diese handgefertigten <strong>Karbon-Au\u00dfenspiegelkappen<\/strong> sind ein echter Hingucker und sorgen in der sportlichen Linienf\u00fchrung des Fahrzeugs f\u00fcr ein weiteres Highlight. Wundersch\u00f6n designt und erh\u00e4ltlich mit <strong>Hochglanz-Beschichtung<\/strong> oder in <strong>matt <\/strong>unterstreichen diese Spiegelkappen den Auftritt des Fahrzeugs und passen perfekt zum Akrapovi\u010d Karbon-Diffusor.<br \/><\/br\/><\/p>\n<p><strong>Das Spiegelkappen-Set passt nicht bei Fahrzeugen mit Rechtslenkung.<\/strong><br \/><\/br\/><\/p>\n","protected":false},"excerpt":{"rendered":"<p>Diese handgefertigten Karbon-Au\u00dfenspiegelkappen sind ein echter Hingucker und sorgen in der sportlichen Linienf\u00fchrung des Fahrzeugs f\u00fcr ein weiteres Highlight. Wundersch\u00f6n designt und erh\u00e4ltlich mit Hochglanz-Beschichtung oder in matt unterstreichen diese Spiegelkappen den Auftritt des Fahrzeugs und passen perfekt zum Akrapovi\u010d Karbon-Diffusor. Das Spiegelkappen-Set passt nicht bei Fahrzeugen mit Rechtslenkung.<\/p>\n","protected":false},"featured_media":3491,"comment_status":"open","ping_status":"closed","template":"","meta":[],"product_brand":[],"product_cat":[18,17],"product_tag":[],"class_list":{"0":"post-3490","1":"product","2":"type-product","3":"status-publish","4":"has-post-thumbnail","6":"product_cat-akrapovic-zubehoer","7":"product_cat-bmw","9":"first","10":"outofstock","11":"sale","12":"taxable","13":"shipping-taxable","14":"purchasable","15":"product-type-simple"},"_links":{"self":[{"href":"https:\/\/wagenthaler.com\/shop\/wp-json\/wp\/v2\/product\/3490","targetHints":{"allow":["GET"]}}],"collection":[{"href":"https:\/\/wagenthaler.com\/shop\/wp-json\/wp\/v2\/product"}],"about":[{"href":"https:\/\/wagenthaler.com\/shop\/wp-json\/wp\/v2\/types\/product"}],"replies":[{"embeddable":true,"href":"https:\/\/wagenthaler.com\/shop\/wp-json\/wp\/v2\/comments?post=3490"}],"wp:featuredmedia":[{"embeddable":true,"href":"https:\/\/wagenthaler.com\/shop\/wp-json\/wp\/v2\/media\/3491"}],"wp:attachment":[{"href":"https:\/\/wagenthaler.com\/shop\/wp-json\/wp\/v2\/media?parent=3490"}],"wp:term":[{"taxonomy":"product_brand","embeddable":true,"href":"https:\/\/wagenthaler.com\/shop\/wp-json\/wp\/v2\/product_brand?post=3490"},{"taxonomy":"product_cat","embeddable":true,"href":"https:\/\/wagenthaler.com\/shop\/wp-json\/wp\/v2\/product_cat?post=3490"},{"taxonomy":"product_tag","embeddable":true,"href":"https:\/\/wagenthaler.com\/shop\/wp-json\/wp\/v2\/product_tag?post=3490"}],"curies":[{"name":"wp","href":"https:\/\/api.w.org\/{rel}","templated":true}]}}