{"id":3505,"date":"2026-01-27T04:26:15","date_gmt":"2026-01-27T03:26:15","guid":{"rendered":"https:\/\/shop.wagenthaler.com\/produkt\/import\/"},"modified":"2026-01-27T04:26:24","modified_gmt":"2026-01-27T03:26:24","slug":"akrapovic-evolution-link-pipe-set-titan-fuer-bmw-m5-m5-competition-f90-opf-gpf","status":"publish","type":"product","link":"https:\/\/wagenthaler.com\/shop\/akrapovic-evolution-link-pipe-set-titan-fuer-bmw-m5-m5-competition-f90-opf-gpf\/","title":{"rendered":"Akrapovi\u010d Evolution Link pipe set (Titan) f\u00fcr BMW M5 \/ M5 Competition (F90) &#8211; OPF\/GPF"},"content":{"rendered":"<p><strong>Der Evolution Link Pipe Set (Titan) wurde zusammen mit der Evolution Line (Titan) system montiert werden.<br \/><\/br\/><\/strong><\/p>\n<p>Das Evolution Link Pipe-Set erweitert das Slip-On-System zum Evolution-System und besteht aus hochwertigem, <strong>leichtem Titan<\/strong>. Es wurde entwickelt, um Leistung und Drehmoment zu erh\u00f6hen und um den <strong>Gegendruck <\/strong>deutlich zu reduzieren. Das System wurde perfekt abgestimmt, um in allen Modi das beste Sounderlebnis zu bieten. Um einen sportlichen, tieferen, <strong>h\u00f6herfrequenten V8-Sound<\/strong> mit unverwechselbarem Akrapovi\u010d-Charakter zu erm\u00f6glichen, wurde ein enormer Aufwand betrieben. Zudem wurden St\u00f6rger\u00e4usche eliminiert und das System verfeinert, um einen bestm\u00f6glichen Alltagskomfort zu garantieren.<\/p>\n<p>Nach der Installation des Akrapovi\u010d Evolution Link Pipe Sets ist eine Neuprogrammierung der ECU erforderlich, um m\u00f6gliche Warnsignale der Motorkontrollleuchte zu verhindern.<\/br\/><\/p>\n<p>DIESES PRODUKT ERF\u00dcLLT NICHT DIE EINZUHALTENDEN ABGASNORMEN IM STRASSENGEBRAUCH.<\/p>\n<p><\/br\/><\/p>\n","protected":false},"excerpt":{"rendered":"<p>Der Evolution Link Pipe Set (Titan) wurde zusammen mit der Evolution Line (Titan) system montiert werden. Das Evolution Link Pipe-Set erweitert das Slip-On-System zum Evolution-System und besteht aus hochwertigem, leichtem Titan. Es wurde entwickelt, um Leistung und Drehmoment zu erh\u00f6hen und um den Gegendruck deutlich zu reduzieren. Das System wurde perfekt abgestimmt, um in allen [&hellip;]<\/p>\n","protected":false},"featured_media":3506,"comment_status":"open","ping_status":"closed","template":"","meta":[],"product_brand":[],"product_cat":[18,17],"product_tag":[],"class_list":{"0":"post-3505","1":"product","2":"type-product","3":"status-publish","4":"has-post-thumbnail","6":"product_cat-akrapovic-zubehoer","7":"product_cat-bmw","9":"first","10":"instock","11":"taxable","12":"shipping-taxable","13":"purchasable","14":"product-type-simple"},"_links":{"self":[{"href":"https:\/\/wagenthaler.com\/shop\/wp-json\/wp\/v2\/product\/3505","targetHints":{"allow":["GET"]}}],"collection":[{"href":"https:\/\/wagenthaler.com\/shop\/wp-json\/wp\/v2\/product"}],"about":[{"href":"https:\/\/wagenthaler.com\/shop\/wp-json\/wp\/v2\/types\/product"}],"replies":[{"embeddable":true,"href":"https:\/\/wagenthaler.com\/shop\/wp-json\/wp\/v2\/comments?post=3505"}],"wp:featuredmedia":[{"embeddable":true,"href":"https:\/\/wagenthaler.com\/shop\/wp-json\/wp\/v2\/media\/3506"}],"wp:attachment":[{"href":"https:\/\/wagenthaler.com\/shop\/wp-json\/wp\/v2\/media?parent=3505"}],"wp:term":[{"taxonomy":"product_brand","embeddable":true,"href":"https:\/\/wagenthaler.com\/shop\/wp-json\/wp\/v2\/product_brand?post=3505"},{"taxonomy":"product_cat","embeddable":true,"href":"https:\/\/wagenthaler.com\/shop\/wp-json\/wp\/v2\/product_cat?post=3505"},{"taxonomy":"product_tag","embeddable":true,"href":"https:\/\/wagenthaler.com\/shop\/wp-json\/wp\/v2\/product_tag?post=3505"}],"curies":[{"name":"wp","href":"https:\/\/api.w.org\/{rel}","templated":true}]}}