{"id":3509,"date":"2026-01-27T04:26:27","date_gmt":"2026-01-27T03:26:27","guid":{"rendered":"https:\/\/shop.wagenthaler.com\/produkt\/import\/"},"modified":"2026-01-27T04:26:27","modified_gmt":"2026-01-27T03:26:27","slug":"akrapovic-tail-pipe-set-carbon-fuer-bmw-m5-m5-competition-f90-opf-gpf","status":"publish","type":"product","link":"https:\/\/wagenthaler.com\/shop\/akrapovic-tail-pipe-set-carbon-fuer-bmw-m5-m5-competition-f90-opf-gpf\/","title":{"rendered":"Akrapovi\u010d Tail pipe set (Carbon) f\u00fcr BMW M5 \/ M5 Competition (F90) &#8211; OPF\/GPF"},"content":{"rendered":"<p>Es ist der sichtbarste Teil einer Auspuffanlage, und so widmen wir den Endrohren die h\u00f6chste Aufmerksamkeit. Akrapovi\u010d hat handgefertigte Karbon-Endrohre entwickelt, die das optische Erscheinungsbild der Slip-On oder Evolution Auspuffanlagen noch veredeln. Die Karbonversion besticht mit dem einzigartigen runden Akrapovi\u010d Design. Mit Innenteilen aus sandgestrahltem Titan und einem gr\u00f6\u00dferen Durchmesser als Serien-Endrohre heben sie sich noch mehr von der Masse ab. Weitere Highlights des neuen Modells sind unverwechselbare Akrapovi\u010d Design-Elemente. Diese wundersch\u00f6n gearbeiteten Erg\u00e4nzungen passen perfekt zum Karbon-Diffusor.<br \/><\/br\/><\/p>\n<p>Dieses Carbon Endkappenset wird mit einem <strong>rot\/wei\u00dfen Akrapovi\u010d-Logo geliefert.<\/strong><br \/><\/br\/><\/p>\n<p><\/br\/><\/p>\n","protected":false},"excerpt":{"rendered":"<p>Es ist der sichtbarste Teil einer Auspuffanlage, und so widmen wir den Endrohren die h\u00f6chste Aufmerksamkeit. Akrapovi\u010d hat handgefertigte Karbon-Endrohre entwickelt, die das optische Erscheinungsbild der Slip-On oder Evolution Auspuffanlagen noch veredeln. Die Karbonversion besticht mit dem einzigartigen runden Akrapovi\u010d Design. Mit Innenteilen aus sandgestrahltem Titan und einem gr\u00f6\u00dferen Durchmesser als Serien-Endrohre heben sie sich [&hellip;]<\/p>\n","protected":false},"featured_media":3487,"comment_status":"open","ping_status":"closed","template":"","meta":[],"product_brand":[],"product_cat":[18,17],"product_tag":[],"class_list":{"0":"post-3509","1":"product","2":"type-product","3":"status-publish","4":"has-post-thumbnail","6":"product_cat-akrapovic-zubehoer","7":"product_cat-bmw","9":"first","10":"outofstock","11":"sale","12":"taxable","13":"shipping-taxable","14":"purchasable","15":"product-type-simple"},"_links":{"self":[{"href":"https:\/\/wagenthaler.com\/shop\/wp-json\/wp\/v2\/product\/3509","targetHints":{"allow":["GET"]}}],"collection":[{"href":"https:\/\/wagenthaler.com\/shop\/wp-json\/wp\/v2\/product"}],"about":[{"href":"https:\/\/wagenthaler.com\/shop\/wp-json\/wp\/v2\/types\/product"}],"replies":[{"embeddable":true,"href":"https:\/\/wagenthaler.com\/shop\/wp-json\/wp\/v2\/comments?post=3509"}],"wp:featuredmedia":[{"embeddable":true,"href":"https:\/\/wagenthaler.com\/shop\/wp-json\/wp\/v2\/media\/3487"}],"wp:attachment":[{"href":"https:\/\/wagenthaler.com\/shop\/wp-json\/wp\/v2\/media?parent=3509"}],"wp:term":[{"taxonomy":"product_brand","embeddable":true,"href":"https:\/\/wagenthaler.com\/shop\/wp-json\/wp\/v2\/product_brand?post=3509"},{"taxonomy":"product_cat","embeddable":true,"href":"https:\/\/wagenthaler.com\/shop\/wp-json\/wp\/v2\/product_cat?post=3509"},{"taxonomy":"product_tag","embeddable":true,"href":"https:\/\/wagenthaler.com\/shop\/wp-json\/wp\/v2\/product_tag?post=3509"}],"curies":[{"name":"wp","href":"https:\/\/api.w.org\/{rel}","templated":true}]}}