{"id":3512,"date":"2026-01-27T04:26:31","date_gmt":"2026-01-27T03:26:31","guid":{"rendered":"https:\/\/shop.wagenthaler.com\/produkt\/import\/"},"modified":"2026-01-27T04:26:32","modified_gmt":"2026-01-27T03:26:32","slug":"akrapovic-rear-carbon-fibre-diffuser-high-gloss-fuer-bmw-m5-m5-competition-f90-opf-gpf","status":"publish","type":"product","link":"https:\/\/wagenthaler.com\/shop\/akrapovic-rear-carbon-fibre-diffuser-high-gloss-fuer-bmw-m5-m5-competition-f90-opf-gpf\/","title":{"rendered":"Akrapovi\u010d Rear Carbon Fibre Diffuser &#8211; High Gloss f\u00fcr BMW M5 \/ M5 Competition (F90) &#8211; OPF\/GPF"},"content":{"rendered":"<p>Ein beeindruckender <strong>Karbon-Diffusor <\/strong>ist als Option im Angebot, ganz nach Wunsch in einer <strong>gl\u00e4nzenden<\/strong> oder <strong>matten<\/strong> Ausf\u00fchrung. Gegen\u00fcber der Standardausf\u00fchrung des Autos verf\u00fcgt er \u00fcber ein komplett neues Design und verleiht dem Heck des M5 eine aggressivere und <strong>sportlichere<\/strong> Note, daer den Blick auf die kompletten Endrohre freigibt. Er ist eine perfekteErg\u00e4nzung zu den Spiegelkappen.<br \/><\/br\/><\/p>\n<p>Dieser Hochglanz Carbon Heck Diffusor wird mit einem<strong>&#65279;<\/strong> rot\/wei\u00dfen Akrapovi\u010d-Logo geliefert.&#65279;<\/p>\n<p>ACHTUNG: Passt m\u00f6glicherweise nicht mit originaler Anh\u00e4ngerkupplung.<br \/><\/br\/><\/p>\n<p>Mit dem Akrapovi\u010d-Diffusor funktioniert der Freisprechsensor zum \u00d6ffnen \/ Schlie\u00dfen des Kofferraumdeckels nicht.<br \/><\/br\/><\/p>\n<p><\/br\/><\/p>\n","protected":false},"excerpt":{"rendered":"<p>Ein beeindruckender Karbon-Diffusor ist als Option im Angebot, ganz nach Wunsch in einer gl\u00e4nzenden oder matten Ausf\u00fchrung. Gegen\u00fcber der Standardausf\u00fchrung des Autos verf\u00fcgt er \u00fcber ein komplett neues Design und verleiht dem Heck des M5 eine aggressivere und sportlichere Note, daer den Blick auf die kompletten Endrohre freigibt. Er ist eine perfekteErg\u00e4nzung zu den Spiegelkappen. [&hellip;]<\/p>\n","protected":false},"featured_media":3493,"comment_status":"open","ping_status":"closed","template":"","meta":[],"product_brand":[],"product_cat":[18,17],"product_tag":[],"class_list":{"0":"post-3512","1":"product","2":"type-product","3":"status-publish","4":"has-post-thumbnail","6":"product_cat-akrapovic-zubehoer","7":"product_cat-bmw","9":"first","10":"onbackorder","11":"sale","12":"taxable","13":"shipping-taxable","14":"purchasable","15":"product-type-simple"},"_links":{"self":[{"href":"https:\/\/wagenthaler.com\/shop\/wp-json\/wp\/v2\/product\/3512","targetHints":{"allow":["GET"]}}],"collection":[{"href":"https:\/\/wagenthaler.com\/shop\/wp-json\/wp\/v2\/product"}],"about":[{"href":"https:\/\/wagenthaler.com\/shop\/wp-json\/wp\/v2\/types\/product"}],"replies":[{"embeddable":true,"href":"https:\/\/wagenthaler.com\/shop\/wp-json\/wp\/v2\/comments?post=3512"}],"wp:featuredmedia":[{"embeddable":true,"href":"https:\/\/wagenthaler.com\/shop\/wp-json\/wp\/v2\/media\/3493"}],"wp:attachment":[{"href":"https:\/\/wagenthaler.com\/shop\/wp-json\/wp\/v2\/media?parent=3512"}],"wp:term":[{"taxonomy":"product_brand","embeddable":true,"href":"https:\/\/wagenthaler.com\/shop\/wp-json\/wp\/v2\/product_brand?post=3512"},{"taxonomy":"product_cat","embeddable":true,"href":"https:\/\/wagenthaler.com\/shop\/wp-json\/wp\/v2\/product_cat?post=3512"},{"taxonomy":"product_tag","embeddable":true,"href":"https:\/\/wagenthaler.com\/shop\/wp-json\/wp\/v2\/product_tag?post=3512"}],"curies":[{"name":"wp","href":"https:\/\/api.w.org\/{rel}","templated":true}]}}