{"id":3521,"date":"2026-01-27T04:27:08","date_gmt":"2026-01-27T03:27:08","guid":{"rendered":"https:\/\/shop.wagenthaler.com\/produkt\/import\/"},"modified":"2026-03-01T03:00:02","modified_gmt":"2026-03-01T02:00:02","slug":"akrapovic-evolution-line-titan-fuer-bmw-m6-f12-f13","status":"publish","type":"product","link":"https:\/\/wagenthaler.com\/shop\/akrapovic-evolution-line-titan-fuer-bmw-m6-f12-f13\/","title":{"rendered":"Akrapovi\u010d Evolution Line (Titan) f\u00fcr BMW M6 (F12 \/ F13)"},"content":{"rendered":"<p>Das aus unserem eigenen Titan gefertigte Evolution-System besteht aus neu entwickelten Dual-Outlet-Schalld\u00e4mpfern mit Abgasklappen, str\u00f6mungsoptimierten Rohren und einem einzigartigen X-f\u00f6rmigen Titangussteil mit Resonatoren.<br \/>Die Reduktion des Staudrucks gibt dem M6 mehr Power im gesamten Drehzahlbereich und f\u00fchrt zu einer Verbesserung des Ansprechverhaltens und des Leistungs-Masse-Verh\u00e4ltnisses, und zwar ohne Ausbau der Katalysatoren.<br \/>Das Evolution-System bietet einen tiefen, sportiven Sound, der bei schneller Fahrt zu aggressiven Br\u00fcllen anschwillt, aber niemals dr\u00f6hnt. Das System funktioniert tadellos mit dem ANC-System des M6 und ebenso das Klappensystem, das \u00fcber die Einstellungen des M6 gesteuert wird.<br \/>Geben Sie der Optik den letzten Schliff mit einem Set von vier exquisiten Endrohren aus Titan oder Carbon.<\/p>\n","protected":false},"excerpt":{"rendered":"<p>Das aus unserem eigenen Titan gefertigte Evolution-System besteht aus neu entwickelten Dual-Outlet-Schalld\u00e4mpfern mit Abgasklappen, str\u00f6mungsoptimierten Rohren und einem einzigartigen X-f\u00f6rmigen Titangussteil mit Resonatoren.Die Reduktion des Staudrucks gibt dem M6 mehr Power im gesamten Drehzahlbereich und f\u00fchrt zu einer Verbesserung des Ansprechverhaltens und des Leistungs-Masse-Verh\u00e4ltnisses, und zwar ohne Ausbau der Katalysatoren.Das Evolution-System bietet einen tiefen, sportiven [&hellip;]<\/p>\n","protected":false},"featured_media":3522,"comment_status":"open","ping_status":"closed","template":"","meta":[],"product_brand":[],"product_cat":[16,17],"product_tag":[],"class_list":{"0":"post-3521","1":"product","2":"type-product","3":"status-publish","4":"has-post-thumbnail","6":"product_cat-akrapovic-auspuffanlagen","7":"product_cat-bmw","9":"first","10":"outofstock","11":"sale","12":"taxable","13":"shipping-taxable","14":"purchasable","15":"product-type-variable"},"_links":{"self":[{"href":"https:\/\/wagenthaler.com\/shop\/wp-json\/wp\/v2\/product\/3521","targetHints":{"allow":["GET"]}}],"collection":[{"href":"https:\/\/wagenthaler.com\/shop\/wp-json\/wp\/v2\/product"}],"about":[{"href":"https:\/\/wagenthaler.com\/shop\/wp-json\/wp\/v2\/types\/product"}],"replies":[{"embeddable":true,"href":"https:\/\/wagenthaler.com\/shop\/wp-json\/wp\/v2\/comments?post=3521"}],"wp:featuredmedia":[{"embeddable":true,"href":"https:\/\/wagenthaler.com\/shop\/wp-json\/wp\/v2\/media\/3522"}],"wp:attachment":[{"href":"https:\/\/wagenthaler.com\/shop\/wp-json\/wp\/v2\/media?parent=3521"}],"wp:term":[{"taxonomy":"product_brand","embeddable":true,"href":"https:\/\/wagenthaler.com\/shop\/wp-json\/wp\/v2\/product_brand?post=3521"},{"taxonomy":"product_cat","embeddable":true,"href":"https:\/\/wagenthaler.com\/shop\/wp-json\/wp\/v2\/product_cat?post=3521"},{"taxonomy":"product_tag","embeddable":true,"href":"https:\/\/wagenthaler.com\/shop\/wp-json\/wp\/v2\/product_tag?post=3521"}],"curies":[{"name":"wp","href":"https:\/\/api.w.org\/{rel}","templated":true}]}}