{"id":3570,"date":"2026-01-27T04:30:26","date_gmt":"2026-01-27T03:30:26","guid":{"rendered":"https:\/\/shop.wagenthaler.com\/produkt\/import\/"},"modified":"2026-02-05T14:21:33","modified_gmt":"2026-02-05T13:21:33","slug":"akrapovic-evolution-line-titan-fuer-bmw-m8-m8-competition-gran-coupe-f93","status":"publish","type":"product","link":"https:\/\/wagenthaler.com\/shop\/akrapovic-evolution-line-titan-fuer-bmw-m8-m8-competition-gran-coupe-f93\/","title":{"rendered":"Akrapovi\u010d Evolution Line (Titan) f\u00fcr BMW M8 \/ M8 Competition Gran Coup\u00e9 (F93)"},"content":{"rendered":"<p>Die aus hochwertigen, <strong>leichten Titanlegierungen<\/strong> hergestellte Evolution Line Abgasanlage aus Titan wurde perfekt abgestimmt, um in allen Fahrmodi das beste Klangerlebnis zu bieten. Durch ausgiebige Tests und Entwicklungen haben die <strong>Sound-Ingenieure<\/strong> von Akrapovi\u010d dem Turbomotor des Fahrzeugs einen tiefen, sportlichen, h\u00f6herfrequenten V8-Sound entlockt, der eher dem eines Muscle Cars \u00e4hnelt, dabei aber geschmeidig bleibt und jegliches Dr\u00f6hnen, das den Genuss beeintr\u00e4chtigen k\u00f6nnte, eliminiert. Die Komplett-Titan-Abgasanlage ist mit zwei Endrohr-Sets aus <strong>Karbon<\/strong> und Titan ausgestattet, die an einen zentralen Schalld\u00e4mpfer mit zwei Ventilen anschlie\u00dfen, von denen jeweils eines auf jeder Seite des Schalld\u00e4mpfers angebracht ist. Die Geh\u00e4use werden in der hausinternen Akrapovi\u010d Gie\u00dferei gegossen, an der Linke Pipe befindet sich ein gegossener Kollektor, in dem sich die Gase von beiden Seiten des Motors vermischen, um einen perfekten Klang zu erzeugen. Dieses Plug-and-Play-Abgassystem kann durch das optionale <strong>Akrapovi\u010d Sound Kit<\/strong> erweitert werden, um die Ventile zu steuern und zwischen den Soundmodi umzuschalten. Weitere optische Verbesserungen k\u00f6nnen mit dem optionalen, handgefertigten <strong>Diffusor<\/strong> und den <strong>Spiegelkappen<\/strong> aus Karbon erzielt werden, die in matten und gl\u00e4nzenden Ausf\u00fchrungen erh\u00e4ltlich sind und eine auff\u00e4llige Erg\u00e4nzung passend zur Evolution Line (Titan) bieten.<\/p>\n<p><strong>Montagehinweis: Dieses System ist nicht f\u00fcr Fahrzeuge mit Ottopartikelfilter (OPF) geeignet.<\/strong><\/p>\n<p>DIESES PRODUKT ERF\u00dcLLT NICHT DIE EINZUHALTENDEN ABGASNORMEN IM STRASSENGEBRAUCH.<br \/><\/br\/><\/p>\n","protected":false},"excerpt":{"rendered":"<p>Die aus hochwertigen, leichten Titanlegierungen hergestellte Evolution Line Abgasanlage aus Titan wurde perfekt abgestimmt, um in allen Fahrmodi das beste Klangerlebnis zu bieten. Durch ausgiebige Tests und Entwicklungen haben die Sound-Ingenieure von Akrapovi\u010d dem Turbomotor des Fahrzeugs einen tiefen, sportlichen, h\u00f6herfrequenten V8-Sound entlockt, der eher dem eines Muscle Cars \u00e4hnelt, dabei aber geschmeidig bleibt und [&hellip;]<\/p>\n","protected":false},"featured_media":23299,"comment_status":"open","ping_status":"closed","template":"","meta":[],"product_brand":[],"product_cat":[16,17],"product_tag":[],"class_list":{"0":"post-3570","1":"product","2":"type-product","3":"status-publish","4":"has-post-thumbnail","6":"product_cat-akrapovic-auspuffanlagen","7":"product_cat-bmw","9":"first","10":"instock","11":"sale","12":"taxable","13":"shipping-taxable","14":"purchasable","15":"product-type-simple"},"_links":{"self":[{"href":"https:\/\/wagenthaler.com\/shop\/wp-json\/wp\/v2\/product\/3570","targetHints":{"allow":["GET"]}}],"collection":[{"href":"https:\/\/wagenthaler.com\/shop\/wp-json\/wp\/v2\/product"}],"about":[{"href":"https:\/\/wagenthaler.com\/shop\/wp-json\/wp\/v2\/types\/product"}],"replies":[{"embeddable":true,"href":"https:\/\/wagenthaler.com\/shop\/wp-json\/wp\/v2\/comments?post=3570"}],"wp:featuredmedia":[{"embeddable":true,"href":"https:\/\/wagenthaler.com\/shop\/wp-json\/wp\/v2\/media\/23299"}],"wp:attachment":[{"href":"https:\/\/wagenthaler.com\/shop\/wp-json\/wp\/v2\/media?parent=3570"}],"wp:term":[{"taxonomy":"product_brand","embeddable":true,"href":"https:\/\/wagenthaler.com\/shop\/wp-json\/wp\/v2\/product_brand?post=3570"},{"taxonomy":"product_cat","embeddable":true,"href":"https:\/\/wagenthaler.com\/shop\/wp-json\/wp\/v2\/product_cat?post=3570"},{"taxonomy":"product_tag","embeddable":true,"href":"https:\/\/wagenthaler.com\/shop\/wp-json\/wp\/v2\/product_tag?post=3570"}],"curies":[{"name":"wp","href":"https:\/\/api.w.org\/{rel}","templated":true}]}}