{"id":3576,"date":"2026-01-27T04:31:21","date_gmt":"2026-01-27T03:31:21","guid":{"rendered":"https:\/\/shop.wagenthaler.com\/produkt\/akrapovic-di-bm-ca-7-g-fuer-bmw-m8-m8-competition-gran-coupe-f93\/"},"modified":"2026-01-27T04:31:28","modified_gmt":"2026-01-27T03:31:28","slug":"akrapovic-rear-carbon-fibre-diffuser-high-gloss-fuer-bmw-m8-m8-competition-gran-coupe-f93","status":"publish","type":"product","link":"https:\/\/wagenthaler.com\/shop\/akrapovic-rear-carbon-fibre-diffuser-high-gloss-fuer-bmw-m8-m8-competition-gran-coupe-f93\/","title":{"rendered":"Akrapovi\u010d Rear Carbon Fibre Diffuser &#8211; High Gloss f\u00fcr BMW M8 \/ M8 Competition Gran Coup\u00e9 (F93)"},"content":{"rendered":"<p>Ein beeindruckender <strong>Karbon-Diffusor<\/strong> ist als Option im Angebot, ganz nach Wunsch in einer <strong>gl\u00e4nzenden<\/strong> oder <strong>matten <\/strong>Ausf\u00fchrung. Gegen\u00fcber der Standardausf\u00fchrung des Autos verf\u00fcgt er \u00fcber ein komplett neues Design und verleiht dem Heck des M5 eine aggressivere und <strong>sportlichere<\/strong> Note, daer den Blick auf die kompletten Endrohre freigibt. Er ist eine perfekteErg\u00e4nzung zu den <strong>Spiegelkappen.<\/strong><br \/><\/br\/><\/p>\n<p><strong>Montagehinweis: Mit dem Akrapovi\u010d Diffusor funktioniert der Freisprechsensor zum \u00d6ffnen\/Schlie\u00dfen der Heckklappe nicht.<br \/><\/br\/><\/strong><\/p>\n","protected":false},"excerpt":{"rendered":"<p>Ein beeindruckender Karbon-Diffusor ist als Option im Angebot, ganz nach Wunsch in einer gl\u00e4nzenden oder matten Ausf\u00fchrung. Gegen\u00fcber der Standardausf\u00fchrung des Autos verf\u00fcgt er \u00fcber ein komplett neues Design und verleiht dem Heck des M5 eine aggressivere und sportlichere Note, daer den Blick auf die kompletten Endrohre freigibt. Er ist eine perfekteErg\u00e4nzung zu den Spiegelkappen. [&hellip;]<\/p>\n","protected":false},"featured_media":3550,"comment_status":"open","ping_status":"closed","template":"","meta":[],"product_brand":[],"product_cat":[18,17],"product_tag":[],"class_list":{"0":"post-3576","1":"product","2":"type-product","3":"status-publish","4":"has-post-thumbnail","6":"product_cat-akrapovic-zubehoer","7":"product_cat-bmw","9":"first","10":"outofstock","11":"sale","12":"taxable","13":"shipping-taxable","14":"purchasable","15":"product-type-simple"},"_links":{"self":[{"href":"https:\/\/wagenthaler.com\/shop\/wp-json\/wp\/v2\/product\/3576","targetHints":{"allow":["GET"]}}],"collection":[{"href":"https:\/\/wagenthaler.com\/shop\/wp-json\/wp\/v2\/product"}],"about":[{"href":"https:\/\/wagenthaler.com\/shop\/wp-json\/wp\/v2\/types\/product"}],"replies":[{"embeddable":true,"href":"https:\/\/wagenthaler.com\/shop\/wp-json\/wp\/v2\/comments?post=3576"}],"wp:featuredmedia":[{"embeddable":true,"href":"https:\/\/wagenthaler.com\/shop\/wp-json\/wp\/v2\/media\/3550"}],"wp:attachment":[{"href":"https:\/\/wagenthaler.com\/shop\/wp-json\/wp\/v2\/media?parent=3576"}],"wp:term":[{"taxonomy":"product_brand","embeddable":true,"href":"https:\/\/wagenthaler.com\/shop\/wp-json\/wp\/v2\/product_brand?post=3576"},{"taxonomy":"product_cat","embeddable":true,"href":"https:\/\/wagenthaler.com\/shop\/wp-json\/wp\/v2\/product_cat?post=3576"},{"taxonomy":"product_tag","embeddable":true,"href":"https:\/\/wagenthaler.com\/shop\/wp-json\/wp\/v2\/product_tag?post=3576"}],"curies":[{"name":"wp","href":"https:\/\/api.w.org\/{rel}","templated":true}]}}