{"id":3589,"date":"2026-01-27T04:32:38","date_gmt":"2026-01-27T03:32:38","guid":{"rendered":"https:\/\/shop.wagenthaler.com\/produkt\/import\/"},"modified":"2026-01-27T04:32:42","modified_gmt":"2026-01-27T03:32:42","slug":"akrapovic-evolution-link-pipe-set-titan-fuer-bmw-m8-m8-competition-gran-coupe-f93-opf-gpf","status":"publish","type":"product","link":"https:\/\/wagenthaler.com\/shop\/akrapovic-evolution-link-pipe-set-titan-fuer-bmw-m8-m8-competition-gran-coupe-f93-opf-gpf\/","title":{"rendered":"Akrapovi\u010d Evolution Link pipe set (Titan) f\u00fcr BMW M8 \/ M8 Competition Gran Coup\u00e9 (F93) &#8211; OPF\/GPF"},"content":{"rendered":"<p><strong>Der Evolution Link Pipe Set (Titan) wurde zusammen mit der Slip-On Line (Titan) system montiert werden.<br \/><\/br\/><\/strong><\/p>\n<p>Das <strong>Komplett-Titan-Zubeh\u00f6rset<\/strong> besteht aus komplexen Teilen, die in der hauseigenen Gie\u00dferei von Akrapovi\u010d gegossen werden, und wird aus leichten, hochwertigen Legierungen hergestellt, um das Gewicht zu reduzieren. Durch die Kombination des Evolution Link pipe set aus Titan mit der Slip-On Line Abgasanlage aus Titan entsteht ein Komplettsystem, das perfekt aufeinander abgestimmt ist, um in allen Fahrmodi das beste Klangerlebnis zu bieten. Die <strong>Sound-Ingenieure<\/strong> von Akrapovi\u010d haben hart gearbeitet, um einen sportlichen V8-Sound mit einem unverwechselbaren Akrapovi\u010d Charakter zu erzeugen, der gleichzeitig geschmeidig bleibt und jegliches Dr\u00f6hnen eliminiert, alles ausgelegt auf einen maximalen Alltagskomfort. Der Klang ist \u00e4hnlich dem eines Muscle Cars und bietet einen berauschenden Sound. Mit einem gegossenen Kollektor in der Link Pipe, in dem sich die Gase von beiden Seiten des Motors vermischen, sorgt das Link Pipe Set f\u00fcr einen gleichm\u00e4\u00dfigen Gasfluss und tr\u00e4gt als ideales Upgrade f\u00fcr die Slip-On Line Anlage aus Titan zum perfekten Klang bei. Mit der Installation dieses optionalen Zubeh\u00f6rs ist die ECE-Typgenehmigung der Slip-On-Line Abgasanlage aus Titan nicht mehr g\u00fcltig, eine Neuprogrammierung des Steuerger\u00e4ts ist bei diesem Einbau obligatorisch.<\/p>\n<p>Nach der Installation des Akrapovi\u010d Evolution Link Pipe Sets ist eine Neuprogrammierung der ECU erforderlich, um m\u00f6gliche Warnsignale der Motorkontrollleuchte zu verhindern.<\/p>\n<p>Einbauhinweis: Dieses optionale Verbindungsrohr passt nicht f\u00fcr Fahrzeuge mit OPF-Ausstattung mit Emissionsproduktcode S1DFA.<\/p>\n<p>DIESES PRODUKT ERF\u00dcLLT NICHT DIE EINZUHALTENDEN ABGASNORMEN IM STRASSENGEBRAUCH.<br \/><\/br\/><\/p>\n","protected":false},"excerpt":{"rendered":"<p>Der Evolution Link Pipe Set (Titan) wurde zusammen mit der Slip-On Line (Titan) system montiert werden. Das Komplett-Titan-Zubeh\u00f6rset besteht aus komplexen Teilen, die in der hauseigenen Gie\u00dferei von Akrapovi\u010d gegossen werden, und wird aus leichten, hochwertigen Legierungen hergestellt, um das Gewicht zu reduzieren. Durch die Kombination des Evolution Link pipe set aus Titan mit der [&hellip;]<\/p>\n","protected":false},"featured_media":3590,"comment_status":"open","ping_status":"closed","template":"","meta":[],"product_brand":[],"product_cat":[18,17],"product_tag":[],"class_list":{"0":"post-3589","1":"product","2":"type-product","3":"status-publish","4":"has-post-thumbnail","6":"product_cat-akrapovic-zubehoer","7":"product_cat-bmw","9":"first","10":"outofstock","11":"sale","12":"taxable","13":"shipping-taxable","14":"purchasable","15":"product-type-simple"},"_links":{"self":[{"href":"https:\/\/wagenthaler.com\/shop\/wp-json\/wp\/v2\/product\/3589","targetHints":{"allow":["GET"]}}],"collection":[{"href":"https:\/\/wagenthaler.com\/shop\/wp-json\/wp\/v2\/product"}],"about":[{"href":"https:\/\/wagenthaler.com\/shop\/wp-json\/wp\/v2\/types\/product"}],"replies":[{"embeddable":true,"href":"https:\/\/wagenthaler.com\/shop\/wp-json\/wp\/v2\/comments?post=3589"}],"wp:featuredmedia":[{"embeddable":true,"href":"https:\/\/wagenthaler.com\/shop\/wp-json\/wp\/v2\/media\/3590"}],"wp:attachment":[{"href":"https:\/\/wagenthaler.com\/shop\/wp-json\/wp\/v2\/media?parent=3589"}],"wp:term":[{"taxonomy":"product_brand","embeddable":true,"href":"https:\/\/wagenthaler.com\/shop\/wp-json\/wp\/v2\/product_brand?post=3589"},{"taxonomy":"product_cat","embeddable":true,"href":"https:\/\/wagenthaler.com\/shop\/wp-json\/wp\/v2\/product_cat?post=3589"},{"taxonomy":"product_tag","embeddable":true,"href":"https:\/\/wagenthaler.com\/shop\/wp-json\/wp\/v2\/product_tag?post=3589"}],"curies":[{"name":"wp","href":"https:\/\/api.w.org\/{rel}","templated":true}]}}