{"id":3598,"date":"2026-01-27T04:33:12","date_gmt":"2026-01-27T03:33:12","guid":{"rendered":"https:\/\/shop.wagenthaler.com\/produkt\/import\/"},"modified":"2026-03-01T03:00:02","modified_gmt":"2026-03-01T02:00:02","slug":"akrapovic-slip-on-line-titan-fuer-bmw-x3-m-x3-m-competition-f97","status":"publish","type":"product","link":"https:\/\/wagenthaler.com\/shop\/akrapovic-slip-on-line-titan-fuer-bmw-x3-m-x3-m-competition-f97\/","title":{"rendered":"Akrapovi\u010d Slip-On Line (Titan) f\u00fcr BMW X3 M \/ X3 M Competition (F97)"},"content":{"rendered":"<p><strong>Das Evolution Link Pipe Set (Titan) E-BM\/T\/8 ist als obligatorischer Bestandteil f\u00fcr Fahrzeuge ohne Otto-\/Benzinpartikelfilter zu bestellen.<\/strong><\/p>\n<p>Die Akrapovi\u010d Abgasanlage f\u00fcr den X3 M\/Competition besteht aus hochwertigem, leichtem <strong>Titan<\/strong> mit zwei Paar Titan-\/<strong>Kohlefaser<\/strong>-Endrohren und verf\u00fcgt \u00fcber Auslassventile mit Geh\u00e4usen aus der hauseigenen Gie\u00dferei. Sie ist eine atemberaubende Konstruktion, die Leistung mit einem unglaublichen <strong>Sound<\/strong> und einer attraktiven Optik kombiniert. Der Sound wurde so abgestimmt, dass er ideal zum Reihensechszylinder-Turbomotor passt und das Lautst\u00e4rkegef\u00fchl verbessert, was beim Schalten ein aufregendes akustisches Feedback liefert. Jedes unerw\u00fcnschte Dr\u00f6hnen wird beseitigt. Das optionale <strong>Akrapovi\u010d Sound Kit<\/strong> kann erg\u00e4nzt werden, um das Paket zus\u00e4tzlich zu verbessern.<br \/><\/br\/><\/p>\n<p><strong>Das Tail Pipe Set (Karbon) muss separat als optionales Zubeh\u00f6r bestellt werden. W\u00e4hlen Sie TP-CT\/59 f\u00fcr die Modelle X3 M \/ Competiton.<\/strong><br \/><\/br\/><\/p>\n<p><\/br\/><\/p>\n","protected":false},"excerpt":{"rendered":"<p>Das Evolution Link Pipe Set (Titan) E-BM\/T\/8 ist als obligatorischer Bestandteil f\u00fcr Fahrzeuge ohne Otto-\/Benzinpartikelfilter zu bestellen. Die Akrapovi\u010d Abgasanlage f\u00fcr den X3 M\/Competition besteht aus hochwertigem, leichtem Titan mit zwei Paar Titan-\/Kohlefaser-Endrohren und verf\u00fcgt \u00fcber Auslassventile mit Geh\u00e4usen aus der hauseigenen Gie\u00dferei. Sie ist eine atemberaubende Konstruktion, die Leistung mit einem unglaublichen Sound und [&hellip;]<\/p>\n","protected":false},"featured_media":23289,"comment_status":"open","ping_status":"closed","template":"","meta":[],"product_brand":[],"product_cat":[16,17],"product_tag":[],"class_list":{"0":"post-3598","1":"product","2":"type-product","3":"status-publish","4":"has-post-thumbnail","6":"product_cat-akrapovic-auspuffanlagen","7":"product_cat-bmw","9":"first","10":"instock","11":"sale","12":"taxable","13":"shipping-taxable","14":"purchasable","15":"product-type-variable"},"_links":{"self":[{"href":"https:\/\/wagenthaler.com\/shop\/wp-json\/wp\/v2\/product\/3598","targetHints":{"allow":["GET"]}}],"collection":[{"href":"https:\/\/wagenthaler.com\/shop\/wp-json\/wp\/v2\/product"}],"about":[{"href":"https:\/\/wagenthaler.com\/shop\/wp-json\/wp\/v2\/types\/product"}],"replies":[{"embeddable":true,"href":"https:\/\/wagenthaler.com\/shop\/wp-json\/wp\/v2\/comments?post=3598"}],"wp:featuredmedia":[{"embeddable":true,"href":"https:\/\/wagenthaler.com\/shop\/wp-json\/wp\/v2\/media\/23289"}],"wp:attachment":[{"href":"https:\/\/wagenthaler.com\/shop\/wp-json\/wp\/v2\/media?parent=3598"}],"wp:term":[{"taxonomy":"product_brand","embeddable":true,"href":"https:\/\/wagenthaler.com\/shop\/wp-json\/wp\/v2\/product_brand?post=3598"},{"taxonomy":"product_cat","embeddable":true,"href":"https:\/\/wagenthaler.com\/shop\/wp-json\/wp\/v2\/product_cat?post=3598"},{"taxonomy":"product_tag","embeddable":true,"href":"https:\/\/wagenthaler.com\/shop\/wp-json\/wp\/v2\/product_tag?post=3598"}],"curies":[{"name":"wp","href":"https:\/\/api.w.org\/{rel}","templated":true}]}}