{"id":36018,"date":"2026-02-06T14:26:05","date_gmt":"2026-02-06T13:26:05","guid":{"rendered":"https:\/\/wagenthaler.com\/shop\/kw-v4-gewindefahrwerk-fuer-audi-a6-avant-4g-4g5-4gd-c7-05-2011-11-2019\/"},"modified":"2026-02-06T14:26:27","modified_gmt":"2026-02-06T13:26:27","slug":"kw-v4-gewindefahrwerk-fuer-audi-a6-avant-4g-4g5-4gd-c7-05-2011-11-2019","status":"publish","type":"product","link":"https:\/\/wagenthaler.com\/shop\/kw-v4-gewindefahrwerk-fuer-audi-a6-avant-4g-4g5-4gd-c7-05-2011-11-2019\/","title":{"rendered":"KW V4 Gewindefahrwerk f\u00fcr AUDI A6 Avant (4G) 4G5, 4GD, C7 05\/2011-11\/2019"},"content":{"rendered":"<p>Mit dem neuen KW V4 mit seinen Gewindefederbeinen aus Edelstahl oder Aluminium verleihen Sie Ihrem Supersportwagen die notwendigen Reserven, um die Fahrdynamik weiter zu steigern. Die dreifach einstellbaren High-Performance-D\u00e4mpfer mit ihrer unabh\u00e4ngigen Einstellung der Zugstufe sowie Lowspeed- und Highspeed-Druckstufend\u00e4mpfung basiert auf die erfolgreiche Rennsporttechnologie des mehrfachen Gesamtsiegers das ADAC Zurich 24h-Rennen N\u00fcrburgring und verf\u00fcgen je nach fahrzeugspezifischer Ausf\u00fchrung \u00fcber Aluminiumst\u00fctzlager. Das neue KW V4 wird ausschlie\u00dflich f\u00fcr ausgew\u00e4hlte High-Performance-Fahrzeuge entwickelt, die durch unsere KW Fahrwerktechnologie im fahrdynamischen Grenzbereich sicherer bewegt werden k\u00f6nnen.<\/p>\n<p>&#8211; 3-fach einstellbare High-Performance-D\u00e4mpfer mit Gewindefederbeinen aus Edelstahl<br \/>&#8211; Separate und unabh\u00e4ngige D\u00e4mpfereinstellung in: <br \/>&#8211; Zugstufend\u00e4mpfung mit 16 exakten Klicks + (straffer) \/ &#8211; (komfortabler)<br \/>&#8211; Lowspeed-Druckstufend\u00e4mpfung mit 6 exakten Klicks + (straffer) \/ &#8211; (komfortabler)<br \/>&#8211; Highspeed-Druckstufend\u00e4mpfung mit 14 exakten Klicks + (straffer) \/ &#8211; (komfortabler)<br \/>&#8211; Zwei Grundabstimmungen ab Werk mit Komforteinstellung und Performanceeinstellung<br \/>&#8211; Je nach Fahrzeug sind Aluminiumst\u00fctzlager fester Bestandteil des Lieferumfangs<\/p>\n","protected":false},"excerpt":{"rendered":"<p>Maximale Performance im <strong>AUDI<\/strong>. Pr\u00e4zises Handling, voll einstellbar.<\/p>\n<ul class='kw-specs'>\n<li><strong>Tieferlegung:<\/strong> VA 10-35mm \/ HA 10-35 mm<\/li>\n<li><strong>Material:<\/strong> Edelstahl<\/li>\n<li><strong>Technik:<\/strong> Kompatibel mit elektr. D\u00e4mpfern<\/li>\n<\/ul>\n<p><em>Jetzt konfigurieren!<\/em><\/p>\n","protected":false},"featured_media":36019,"comment_status":"open","ping_status":"closed","template":"","meta":[],"product_brand":[],"product_cat":[57,50],"product_tag":[],"class_list":{"0":"post-36018","1":"product","2":"type-product","3":"status-publish","4":"has-post-thumbnail","6":"product_cat-audi","7":"product_cat-kw-gewindefahrwerke","9":"first","10":"instock","11":"taxable","12":"shipping-taxable","13":"purchasable","14":"product-type-variable"},"_links":{"self":[{"href":"https:\/\/wagenthaler.com\/shop\/wp-json\/wp\/v2\/product\/36018","targetHints":{"allow":["GET"]}}],"collection":[{"href":"https:\/\/wagenthaler.com\/shop\/wp-json\/wp\/v2\/product"}],"about":[{"href":"https:\/\/wagenthaler.com\/shop\/wp-json\/wp\/v2\/types\/product"}],"replies":[{"embeddable":true,"href":"https:\/\/wagenthaler.com\/shop\/wp-json\/wp\/v2\/comments?post=36018"}],"wp:featuredmedia":[{"embeddable":true,"href":"https:\/\/wagenthaler.com\/shop\/wp-json\/wp\/v2\/media\/36019"}],"wp:attachment":[{"href":"https:\/\/wagenthaler.com\/shop\/wp-json\/wp\/v2\/media?parent=36018"}],"wp:term":[{"taxonomy":"product_brand","embeddable":true,"href":"https:\/\/wagenthaler.com\/shop\/wp-json\/wp\/v2\/product_brand?post=36018"},{"taxonomy":"product_cat","embeddable":true,"href":"https:\/\/wagenthaler.com\/shop\/wp-json\/wp\/v2\/product_cat?post=36018"},{"taxonomy":"product_tag","embeddable":true,"href":"https:\/\/wagenthaler.com\/shop\/wp-json\/wp\/v2\/product_tag?post=36018"}],"curies":[{"name":"wp","href":"https:\/\/api.w.org\/{rel}","templated":true}]}}