{"id":3634,"date":"2026-01-27T04:35:41","date_gmt":"2026-01-27T03:35:41","guid":{"rendered":"https:\/\/shop.wagenthaler.com\/produkt\/import\/"},"modified":"2026-01-27T04:35:41","modified_gmt":"2026-01-27T03:35:41","slug":"akrapovic-tail-pipe-set-carbon-fuer-bmw-x3-m-x3-m-competition-f97-opf-gpf","status":"publish","type":"product","link":"https:\/\/wagenthaler.com\/shop\/akrapovic-tail-pipe-set-carbon-fuer-bmw-x3-m-x3-m-competition-f97-opf-gpf\/","title":{"rendered":"Akrapovi\u010d Tail pipe set (Carbon) f\u00fcr BMW X3 M \/ X3 M Competition (F97) &#8211; OPF\/GPF"},"content":{"rendered":"<p>Runden Sie das System durch zwei Paar auff\u00e4llige, handgefertigte <strong>Karbon-Endrohre<\/strong> ab.<br \/><\/br\/><\/p>\n<p>Das Tail Pipe Set (Karbon) muss separat als optionales Zubeh\u00f6r bestellt werden. W\u00e4hlen Sie TP-CT\/59 f\u00fcr die Modelle X3 M  \/ Competiton.<br \/><\/br\/><\/p>\n","protected":false},"excerpt":{"rendered":"<p>Runden Sie das System durch zwei Paar auff\u00e4llige, handgefertigte Karbon-Endrohre ab. Das Tail Pipe Set (Karbon) muss separat als optionales Zubeh\u00f6r bestellt werden. W\u00e4hlen Sie TP-CT\/59 f\u00fcr die Modelle X3 M \/ Competiton.<\/p>\n","protected":false},"featured_media":3610,"comment_status":"open","ping_status":"closed","template":"","meta":[],"product_brand":[],"product_cat":[18,17],"product_tag":[],"class_list":{"0":"post-3634","1":"product","2":"type-product","3":"status-publish","4":"has-post-thumbnail","6":"product_cat-akrapovic-zubehoer","7":"product_cat-bmw","9":"first","10":"instock","11":"sale","12":"taxable","13":"shipping-taxable","14":"purchasable","15":"product-type-simple"},"_links":{"self":[{"href":"https:\/\/wagenthaler.com\/shop\/wp-json\/wp\/v2\/product\/3634","targetHints":{"allow":["GET"]}}],"collection":[{"href":"https:\/\/wagenthaler.com\/shop\/wp-json\/wp\/v2\/product"}],"about":[{"href":"https:\/\/wagenthaler.com\/shop\/wp-json\/wp\/v2\/types\/product"}],"replies":[{"embeddable":true,"href":"https:\/\/wagenthaler.com\/shop\/wp-json\/wp\/v2\/comments?post=3634"}],"wp:featuredmedia":[{"embeddable":true,"href":"https:\/\/wagenthaler.com\/shop\/wp-json\/wp\/v2\/media\/3610"}],"wp:attachment":[{"href":"https:\/\/wagenthaler.com\/shop\/wp-json\/wp\/v2\/media?parent=3634"}],"wp:term":[{"taxonomy":"product_brand","embeddable":true,"href":"https:\/\/wagenthaler.com\/shop\/wp-json\/wp\/v2\/product_brand?post=3634"},{"taxonomy":"product_cat","embeddable":true,"href":"https:\/\/wagenthaler.com\/shop\/wp-json\/wp\/v2\/product_cat?post=3634"},{"taxonomy":"product_tag","embeddable":true,"href":"https:\/\/wagenthaler.com\/shop\/wp-json\/wp\/v2\/product_tag?post=3634"}],"curies":[{"name":"wp","href":"https:\/\/api.w.org\/{rel}","templated":true}]}}