{"id":3635,"date":"2026-01-27T04:35:42","date_gmt":"2026-01-27T03:35:42","guid":{"rendered":"https:\/\/shop.wagenthaler.com\/produkt\/import\/"},"modified":"2026-03-01T03:00:02","modified_gmt":"2026-03-01T02:00:02","slug":"akrapovic-slip-on-line-titan-fuer-bmw-x4-m-x4-m-competition-f98","status":"publish","type":"product","link":"https:\/\/wagenthaler.com\/shop\/akrapovic-slip-on-line-titan-fuer-bmw-x4-m-x4-m-competition-f98\/","title":{"rendered":"Akrapovi\u010d Slip-On Line (Titan) f\u00fcr BMW X4 M \/ X4 M Competition (F98)"},"content":{"rendered":"<p><strong>Das Evolution Link Pipe Set (Titan) E-BM\/T\/8 ist als obligatorischer Bestandteil f\u00fcr Fahrzeuge ohne Otto-\/Benzinpartikelfilter zu bestellen.<\/strong><\/p>\n<p>Die Akrapovi\u010d Abgasanlage f\u00fcr den X3 M\/Competition besteht aus hochwertigem, leichtem Titan mit zwei Paar Titan-\/Kohlefaser-Endrohren und verf\u00fcgt \u00fcber Auslassventile mit Geh\u00e4usen aus der hauseigenen Gie\u00dferei. Sie ist eine atemberaubende Konstruktion, die Leistung mit einem unglaublichen Sound und einer attraktiven Optik kombiniert. Der Sound wurde so abgestimmt, dass er ideal zum Reihensechszylinder-Turbomotor passt und das Lautst\u00e4rkegef\u00fchl verbessert, was beim Schalten ein aufregendes akustisches Feedback liefert. Jedes unerw\u00fcnschte Dr\u00f6hnen wird beseitigt. Das optionale Akrapovi\u010d Sound Kit kann erg\u00e4nzt werden, um das Paket zus\u00e4tzlich zu verbessern.<\/p>\n<p>F\u00fcr den unverwechselbaren letzten Schliff ist ein <strong>optionaler Hochglanz-Diffusor<\/strong> hinten aus Karbonfaser ebenfalls erh\u00e4ltlich.<\/p>\n<p><strong>Das Tail Pipe Set (Karbon) muss separat als optionales Zubeh\u00f6r bestellt werden. W\u00e4hlen Sie TP-CT\/60 f\u00fcr die Modelle X4 M \/ Competiton.<\/strong><br \/><\/br\/><\/p>\n<p><\/br\/><\/p>\n<p><\/br\/><\/p>\n","protected":false},"excerpt":{"rendered":"<p>Das Evolution Link Pipe Set (Titan) E-BM\/T\/8 ist als obligatorischer Bestandteil f\u00fcr Fahrzeuge ohne Otto-\/Benzinpartikelfilter zu bestellen. Die Akrapovi\u010d Abgasanlage f\u00fcr den X3 M\/Competition besteht aus hochwertigem, leichtem Titan mit zwei Paar Titan-\/Kohlefaser-Endrohren und verf\u00fcgt \u00fcber Auslassventile mit Geh\u00e4usen aus der hauseigenen Gie\u00dferei. Sie ist eine atemberaubende Konstruktion, die Leistung mit einem unglaublichen Sound und [&hellip;]<\/p>\n","protected":false},"featured_media":3636,"comment_status":"open","ping_status":"closed","template":"","meta":[],"product_brand":[],"product_cat":[16,17],"product_tag":[],"class_list":{"0":"post-3635","1":"product","2":"type-product","3":"status-publish","4":"has-post-thumbnail","6":"product_cat-akrapovic-auspuffanlagen","7":"product_cat-bmw","9":"first","10":"instock","11":"sale","12":"taxable","13":"shipping-taxable","14":"purchasable","15":"product-type-variable"},"_links":{"self":[{"href":"https:\/\/wagenthaler.com\/shop\/wp-json\/wp\/v2\/product\/3635","targetHints":{"allow":["GET"]}}],"collection":[{"href":"https:\/\/wagenthaler.com\/shop\/wp-json\/wp\/v2\/product"}],"about":[{"href":"https:\/\/wagenthaler.com\/shop\/wp-json\/wp\/v2\/types\/product"}],"replies":[{"embeddable":true,"href":"https:\/\/wagenthaler.com\/shop\/wp-json\/wp\/v2\/comments?post=3635"}],"wp:featuredmedia":[{"embeddable":true,"href":"https:\/\/wagenthaler.com\/shop\/wp-json\/wp\/v2\/media\/3636"}],"wp:attachment":[{"href":"https:\/\/wagenthaler.com\/shop\/wp-json\/wp\/v2\/media?parent=3635"}],"wp:term":[{"taxonomy":"product_brand","embeddable":true,"href":"https:\/\/wagenthaler.com\/shop\/wp-json\/wp\/v2\/product_brand?post=3635"},{"taxonomy":"product_cat","embeddable":true,"href":"https:\/\/wagenthaler.com\/shop\/wp-json\/wp\/v2\/product_cat?post=3635"},{"taxonomy":"product_tag","embeddable":true,"href":"https:\/\/wagenthaler.com\/shop\/wp-json\/wp\/v2\/product_tag?post=3635"}],"curies":[{"name":"wp","href":"https:\/\/api.w.org\/{rel}","templated":true}]}}