{"id":3643,"date":"2026-01-27T04:36:18","date_gmt":"2026-01-27T03:36:18","guid":{"rendered":"https:\/\/shop.wagenthaler.com\/produkt\/akrapovic-di-bm-ca-6-fuer-bmw-x4-m-x4-m-competition-f98\/"},"modified":"2026-01-27T04:36:50","modified_gmt":"2026-01-27T03:36:50","slug":"akrapovic-rear-carbon-fibre-diffuser-high-gloss-fuer-bmw-x4-m-x4-m-competition-f98","status":"publish","type":"product","link":"https:\/\/wagenthaler.com\/shop\/akrapovic-rear-carbon-fibre-diffuser-high-gloss-fuer-bmw-x4-m-x4-m-competition-f98\/","title":{"rendered":"Akrapovi\u010d Rear Carbon Fibre Diffuser &#8211; High Gloss f\u00fcr BMW X4 M \/ X4 M Competition (F98)"},"content":{"rendered":"<p>Um den X4 M \/ X4 M Competition noch st\u00e4rker von der Masse abzuheben, kann der optische Reiz der Akrapovi\u010d Abgassysteme durch einen optionalen, ABE-typgepr\u00fcften <strong>Karbon-Heckdiffusor<\/strong> weiter gesteigert werden. Dieser ist aus feinsten Materialien handgefertigt und unterstreicht den exklusiven Look der Karbon-Endrohre. Erh\u00e4ltlich in <strong>hochgl\u00e4nzender <\/strong>Ausf\u00fchrung.<\/p>\n<p><strong>Achtung: Kann nicht mit der originalen Anh\u00e4ngerkupplung installiert werden.\u00a0Mit dem Akrapovi\u010d Diffusor funktioniert der Freisprechsensor zum \u00d6ffnen\/Schlie\u00dfen der Heckklappe nicht.<\/strong><\/br\/><\/p>\n<p><strong><br \/><\/br\/><\/strong><\/p>\n","protected":false},"excerpt":{"rendered":"<p>Um den X4 M \/ X4 M Competition noch st\u00e4rker von der Masse abzuheben, kann der optische Reiz der Akrapovi\u010d Abgassysteme durch einen optionalen, ABE-typgepr\u00fcften Karbon-Heckdiffusor weiter gesteigert werden. Dieser ist aus feinsten Materialien handgefertigt und unterstreicht den exklusiven Look der Karbon-Endrohre. Erh\u00e4ltlich in hochgl\u00e4nzender Ausf\u00fchrung. Achtung: Kann nicht mit der originalen Anh\u00e4ngerkupplung installiert werden.\u00a0Mit [&hellip;]<\/p>\n","protected":false},"featured_media":3644,"comment_status":"open","ping_status":"closed","template":"","meta":[],"product_brand":[],"product_cat":[18,17],"product_tag":[],"class_list":{"0":"post-3643","1":"product","2":"type-product","3":"status-publish","4":"has-post-thumbnail","6":"product_cat-akrapovic-zubehoer","7":"product_cat-bmw","9":"first","10":"outofstock","11":"sale","12":"taxable","13":"shipping-taxable","14":"purchasable","15":"product-type-simple"},"_links":{"self":[{"href":"https:\/\/wagenthaler.com\/shop\/wp-json\/wp\/v2\/product\/3643","targetHints":{"allow":["GET"]}}],"collection":[{"href":"https:\/\/wagenthaler.com\/shop\/wp-json\/wp\/v2\/product"}],"about":[{"href":"https:\/\/wagenthaler.com\/shop\/wp-json\/wp\/v2\/types\/product"}],"replies":[{"embeddable":true,"href":"https:\/\/wagenthaler.com\/shop\/wp-json\/wp\/v2\/comments?post=3643"}],"wp:featuredmedia":[{"embeddable":true,"href":"https:\/\/wagenthaler.com\/shop\/wp-json\/wp\/v2\/media\/3644"}],"wp:attachment":[{"href":"https:\/\/wagenthaler.com\/shop\/wp-json\/wp\/v2\/media?parent=3643"}],"wp:term":[{"taxonomy":"product_brand","embeddable":true,"href":"https:\/\/wagenthaler.com\/shop\/wp-json\/wp\/v2\/product_brand?post=3643"},{"taxonomy":"product_cat","embeddable":true,"href":"https:\/\/wagenthaler.com\/shop\/wp-json\/wp\/v2\/product_cat?post=3643"},{"taxonomy":"product_tag","embeddable":true,"href":"https:\/\/wagenthaler.com\/shop\/wp-json\/wp\/v2\/product_tag?post=3643"}],"curies":[{"name":"wp","href":"https:\/\/api.w.org\/{rel}","templated":true}]}}