{"id":3653,"date":"2026-01-27T04:36:50","date_gmt":"2026-01-27T03:36:50","guid":{"rendered":"https:\/\/shop.wagenthaler.com\/produkt\/import\/"},"modified":"2026-02-05T14:18:29","modified_gmt":"2026-02-05T13:18:29","slug":"akrapovic-slip-on-line-titan-fuer-bmw-x4-m-x4-m-competition-f98-opf-gpf","status":"publish","type":"product","link":"https:\/\/wagenthaler.com\/shop\/akrapovic-slip-on-line-titan-fuer-bmw-x4-m-x4-m-competition-f98-opf-gpf\/","title":{"rendered":"Akrapovi\u010d Slip-On Line (Titan) f\u00fcr BMW X4 M \/ X4 M Competition (F98) &#8211; OPF\/GPF"},"content":{"rendered":"<p>Die Slip-On Line besteht aus hochwertigem, leichtem <strong>Titan<\/strong> mit zwei Paaren Titan \/ <strong>Karbonfaser<\/strong>-Endrohren und verf\u00fcgt \u00fcber Auslassventile mit Geh\u00e4usen, die in der hauseigenen Gie\u00dferei hergestellt wurden. Sie ist eine atemberaubende Konstruktion, die <strong>Leistung<\/strong> mit einem unglaublichen <strong>Sound<\/strong> und einer attraktiven Optik kombiniert. Der Sound wurde so abgestimmt, dass er ideal zum Reihensechszylinder-Turbomotor passt und das Lautst\u00e4rkegef\u00fchl verbessert, was beim Schalten ein aufregendes akustisches Feedback liefert. Jedes unerw\u00fcnschte Dr\u00f6hnen wird beseitigt. Die Slip-On Line (Titan) ist vollst\u00e4ndig <strong>ECE-konform<\/strong> und bietet gegen\u00fcber dem BMW SUV mit serienm\u00e4\u00dfiger M Sport-Abgasanlage Leistungs- und Drehmomentsteigerungen \u00fcber den gesamten Drehzahlbereich, wie von den erfahrenen Akrapovi\u010d Ingenieuren ermittelt wurde. Durch die Verwendung modernster Materialien wird das Gewicht gegen\u00fcber der M Sport Abgasanlage um 10,7 kg reduziert. Das optionale Evolution Link pipe set (Titan) und ein Akrapovi\u010d Sound Kit k\u00f6nnen erg\u00e4nzt werden, um das Paket zus\u00e4tzlich zu verbessern. In Verbindung mit dem optionalen Evolution Link pipe set (Titan) und dem Akrapovi\u010d Sound Kit ist die ECE-Typgenehmigung nicht mehr g\u00fcltig.<\/p>\n<p><strong>Das Tail Pipe Set (Karbon) muss separat als optionales Zubeh\u00f6r bestellt werden. W\u00e4hlen Sie TP-CT\/60 f\u00fcr die Modelle X4 M \/ Competiton.<\/p>\n<p>F\u00fcr die Installation des Slip-On-Systems muss die Serien-Abgasanlage abgeschnitten werden. Bitte lesen Sie die Hinweise vor Montagebeginn sorgf\u00e4ltig.<br \/><\/br\/><\/br\/><\/p>\n","protected":false},"excerpt":{"rendered":"<p>Die Slip-On Line besteht aus hochwertigem, leichtem Titan mit zwei Paaren Titan \/ Karbonfaser-Endrohren und verf\u00fcgt \u00fcber Auslassventile mit Geh\u00e4usen, die in der hauseigenen Gie\u00dferei hergestellt wurden. Sie ist eine atemberaubende Konstruktion, die Leistung mit einem unglaublichen Sound und einer attraktiven Optik kombiniert. Der Sound wurde so abgestimmt, dass er ideal zum Reihensechszylinder-Turbomotor passt und [&hellip;]<\/p>\n","protected":false},"featured_media":23275,"comment_status":"open","ping_status":"closed","template":"","meta":[],"product_brand":[],"product_cat":[16,17],"product_tag":[],"class_list":{"0":"post-3653","1":"product","2":"type-product","3":"status-publish","4":"has-post-thumbnail","6":"product_cat-akrapovic-auspuffanlagen","7":"product_cat-bmw","9":"first","10":"onbackorder","11":"sale","12":"taxable","13":"shipping-taxable","14":"purchasable","15":"product-type-simple"},"_links":{"self":[{"href":"https:\/\/wagenthaler.com\/shop\/wp-json\/wp\/v2\/product\/3653","targetHints":{"allow":["GET"]}}],"collection":[{"href":"https:\/\/wagenthaler.com\/shop\/wp-json\/wp\/v2\/product"}],"about":[{"href":"https:\/\/wagenthaler.com\/shop\/wp-json\/wp\/v2\/types\/product"}],"replies":[{"embeddable":true,"href":"https:\/\/wagenthaler.com\/shop\/wp-json\/wp\/v2\/comments?post=3653"}],"wp:featuredmedia":[{"embeddable":true,"href":"https:\/\/wagenthaler.com\/shop\/wp-json\/wp\/v2\/media\/23275"}],"wp:attachment":[{"href":"https:\/\/wagenthaler.com\/shop\/wp-json\/wp\/v2\/media?parent=3653"}],"wp:term":[{"taxonomy":"product_brand","embeddable":true,"href":"https:\/\/wagenthaler.com\/shop\/wp-json\/wp\/v2\/product_brand?post=3653"},{"taxonomy":"product_cat","embeddable":true,"href":"https:\/\/wagenthaler.com\/shop\/wp-json\/wp\/v2\/product_cat?post=3653"},{"taxonomy":"product_tag","embeddable":true,"href":"https:\/\/wagenthaler.com\/shop\/wp-json\/wp\/v2\/product_tag?post=3653"}],"curies":[{"name":"wp","href":"https:\/\/api.w.org\/{rel}","templated":true}]}}