{"id":3667,"date":"2026-01-27T04:37:52","date_gmt":"2026-01-27T03:37:52","guid":{"rendered":"https:\/\/shop.wagenthaler.com\/produkt\/import\/"},"modified":"2026-01-27T04:37:52","modified_gmt":"2026-01-27T03:37:52","slug":"akrapovic-evolution-link-pipe-set-titan-fuer-bmw-x4-m-x4-m-competition-f98-opf-gpf","status":"publish","type":"product","link":"https:\/\/wagenthaler.com\/shop\/akrapovic-evolution-link-pipe-set-titan-fuer-bmw-x4-m-x4-m-competition-f98-opf-gpf\/","title":{"rendered":"Akrapovi\u010d Evolution Link pipe set (Titan) f\u00fcr BMW X4 M \/ X4 M Competition (F98) &#8211; OPF\/GPF"},"content":{"rendered":"<p><strong>Der Evolution Link Pipe Set (Titan) wurde zusammen mit der Slip-On Line (Titan) system montiert werden.<br \/><\/br\/><\/strong><\/p>\n<p>Das Link Pipe Set, Upgrade f\u00fcr das Slip-On Line System (Titan), besteht vollst\u00e4ndig aus hochwertigem Titan und bietet zus\u00e4tzliche Klangerlebnisse aus einem Spektrum, das perfekt auf den Reihensechszylinder-Turbomotor des Fahrzeugs abgestimmt ist. Der sportliche Charakter des Motors wird ausbalanciert, um echten <strong>Rennsound<\/strong> ohne unerw\u00fcnschtes Dr\u00f6hnen im Innenraum zu liefern. Ein individuell gestalteter und entwickelter Verbindungsrohrabschnitt, der die Abgasimpulse jedes Turboladers mischt, erm\u00f6glicht es Akrapovi\u010d, dem Auto seinen tiefen, charakteristischen Klang harmonisch bis zum roten Bereich des Motors zu liefern \u2013 und das ohne Kompromisse beim Komfort.\u00a0<\/p>\n<p>Bei der Installation des Akrapovi\u010d Evolution Link pipe set muss die ECU neu programmiert werden, um m\u00f6gliche Warnhinweise zur \u00dcberpr\u00fcfung der Motorleuchte zu vermeiden.<\/p>\n<p>DIESES PRODUKT ERF\u00dcLLT NICHT DIE EINZUHALTENDEN ABGASNORMEN IM STRASSENGEBRAUCH.<\/p>\n<p><\/br\/><\/p>\n","protected":false},"excerpt":{"rendered":"<p>Der Evolution Link Pipe Set (Titan) wurde zusammen mit der Slip-On Line (Titan) system montiert werden. Das Link Pipe Set, Upgrade f\u00fcr das Slip-On Line System (Titan), besteht vollst\u00e4ndig aus hochwertigem Titan und bietet zus\u00e4tzliche Klangerlebnisse aus einem Spektrum, das perfekt auf den Reihensechszylinder-Turbomotor des Fahrzeugs abgestimmt ist. Der sportliche Charakter des Motors wird ausbalanciert, [&hellip;]<\/p>\n","protected":false},"featured_media":3608,"comment_status":"open","ping_status":"closed","template":"","meta":[],"product_brand":[],"product_cat":[18,17],"product_tag":[],"class_list":{"0":"post-3667","1":"product","2":"type-product","3":"status-publish","4":"has-post-thumbnail","6":"product_cat-akrapovic-zubehoer","7":"product_cat-bmw","9":"first","10":"instock","11":"taxable","12":"shipping-taxable","13":"purchasable","14":"product-type-simple"},"_links":{"self":[{"href":"https:\/\/wagenthaler.com\/shop\/wp-json\/wp\/v2\/product\/3667","targetHints":{"allow":["GET"]}}],"collection":[{"href":"https:\/\/wagenthaler.com\/shop\/wp-json\/wp\/v2\/product"}],"about":[{"href":"https:\/\/wagenthaler.com\/shop\/wp-json\/wp\/v2\/types\/product"}],"replies":[{"embeddable":true,"href":"https:\/\/wagenthaler.com\/shop\/wp-json\/wp\/v2\/comments?post=3667"}],"wp:featuredmedia":[{"embeddable":true,"href":"https:\/\/wagenthaler.com\/shop\/wp-json\/wp\/v2\/media\/3608"}],"wp:attachment":[{"href":"https:\/\/wagenthaler.com\/shop\/wp-json\/wp\/v2\/media?parent=3667"}],"wp:term":[{"taxonomy":"product_brand","embeddable":true,"href":"https:\/\/wagenthaler.com\/shop\/wp-json\/wp\/v2\/product_brand?post=3667"},{"taxonomy":"product_cat","embeddable":true,"href":"https:\/\/wagenthaler.com\/shop\/wp-json\/wp\/v2\/product_cat?post=3667"},{"taxonomy":"product_tag","embeddable":true,"href":"https:\/\/wagenthaler.com\/shop\/wp-json\/wp\/v2\/product_tag?post=3667"}],"curies":[{"name":"wp","href":"https:\/\/api.w.org\/{rel}","templated":true}]}}