{"id":3670,"date":"2026-01-27T04:37:58","date_gmt":"2026-01-27T03:37:58","guid":{"rendered":"https:\/\/shop.wagenthaler.com\/produkt\/import\/"},"modified":"2026-02-05T14:17:24","modified_gmt":"2026-02-05T13:17:24","slug":"akrapovic-evolution-line-titan-fuer-bmw-x5-m-e70","status":"publish","type":"product","link":"https:\/\/wagenthaler.com\/shop\/akrapovic-evolution-line-titan-fuer-bmw-x5-m-e70\/","title":{"rendered":"Akrapovi\u010d Evolution Line (Titan) f\u00fcr BMW X5 M (E70)"},"content":{"rendered":"<p>Die M-Abteilung von BMW hat dieses m\u00e4chtige SUV herausgebracht. Mit einer Evolution-Line-Titanauspuffanlage von Akrapovic hat es noch mehr Power, weniger Gewicht und einen tieferen, sportiven Sound.<br \/>Das Auspuffsystem besteht aus einer Link Pipe mit Resonatoren, einer X-Pipe und einem Schalld\u00e4mpfer mit Dual-Mode-Abgasklappensteuerung zur Verringerung des Staudrucks und zur Verbesserung der Kraftentfaltung.<br \/>Das System verbessert die Kraftentfaltung vor allem im oberen und mittleren Drehzahlbereich. Die Dual-Mode-Klappensteuerung bewirkt einen tieferen, aber kultivierten Sound im unteren und einen sportiveren Auspuffklang im oberen Drehzahlbereich, und zwar ohne Dr\u00f6hnfrequenzen.<br \/>Geben Sie der Optik den letzten Schliff mit vier 100-mm-Endrohren aus Titan oder Carbon<br \/>Weitere Tuningm\u00f6glichkeiten bieten unsere High-Flow-Downpipes aus Edelstahl.<br \/>Bei Installation optionaler Akrapovic-Nachr\u00fcst-Downpipes mit Sportkatalysator, die nur f\u00fcr die Verwendung auf geschlossenen Strecken bestimmt sind, ist ECU-Remapping vorgeschrieben. Bei Installation einer Akrapovic-Nachr\u00fcst-Aufpuffanlage, die f\u00fcr den Einsatz auf geschlossenen Strecken entwickelt wurde, empfehlen wir ECU-Remapping, um dem etwaigen Anspringen der Motorwarnleuchte vorzubeugen.<\/p>\n","protected":false},"excerpt":{"rendered":"<p>Die M-Abteilung von BMW hat dieses m\u00e4chtige SUV herausgebracht. Mit einer Evolution-Line-Titanauspuffanlage von Akrapovic hat es noch mehr Power, weniger Gewicht und einen tieferen, sportiven Sound.Das Auspuffsystem besteht aus einer Link Pipe mit Resonatoren, einer X-Pipe und einem Schalld\u00e4mpfer mit Dual-Mode-Abgasklappensteuerung zur Verringerung des Staudrucks und zur Verbesserung der Kraftentfaltung.Das System verbessert die Kraftentfaltung vor [&hellip;]<\/p>\n","protected":false},"featured_media":23265,"comment_status":"open","ping_status":"closed","template":"","meta":[],"product_brand":[],"product_cat":[16,17],"product_tag":[],"class_list":{"0":"post-3670","1":"product","2":"type-product","3":"status-publish","4":"has-post-thumbnail","6":"product_cat-akrapovic-auspuffanlagen","7":"product_cat-bmw","9":"first","10":"instock","11":"taxable","12":"shipping-taxable","13":"purchasable","14":"product-type-simple"},"_links":{"self":[{"href":"https:\/\/wagenthaler.com\/shop\/wp-json\/wp\/v2\/product\/3670","targetHints":{"allow":["GET"]}}],"collection":[{"href":"https:\/\/wagenthaler.com\/shop\/wp-json\/wp\/v2\/product"}],"about":[{"href":"https:\/\/wagenthaler.com\/shop\/wp-json\/wp\/v2\/types\/product"}],"replies":[{"embeddable":true,"href":"https:\/\/wagenthaler.com\/shop\/wp-json\/wp\/v2\/comments?post=3670"}],"wp:featuredmedia":[{"embeddable":true,"href":"https:\/\/wagenthaler.com\/shop\/wp-json\/wp\/v2\/media\/23265"}],"wp:attachment":[{"href":"https:\/\/wagenthaler.com\/shop\/wp-json\/wp\/v2\/media?parent=3670"}],"wp:term":[{"taxonomy":"product_brand","embeddable":true,"href":"https:\/\/wagenthaler.com\/shop\/wp-json\/wp\/v2\/product_brand?post=3670"},{"taxonomy":"product_cat","embeddable":true,"href":"https:\/\/wagenthaler.com\/shop\/wp-json\/wp\/v2\/product_cat?post=3670"},{"taxonomy":"product_tag","embeddable":true,"href":"https:\/\/wagenthaler.com\/shop\/wp-json\/wp\/v2\/product_tag?post=3670"}],"curies":[{"name":"wp","href":"https:\/\/api.w.org\/{rel}","templated":true}]}}