{"id":3676,"date":"2026-01-27T04:38:19","date_gmt":"2026-01-27T03:38:19","guid":{"rendered":"https:\/\/shop.wagenthaler.com\/produkt\/import\/"},"modified":"2026-01-27T04:38:21","modified_gmt":"2026-01-27T03:38:21","slug":"akrapovic-downpipe-edelstahl-fuer-bmw-x5-m-e70","status":"publish","type":"product","link":"https:\/\/wagenthaler.com\/shop\/akrapovic-downpipe-edelstahl-fuer-bmw-x5-m-e70\/","title":{"rendered":"Akrapovi\u010d Downpipe (Edelstahl) f\u00fcr BMW X5 M (E70)"},"content":{"rendered":"<p>F\u00fcr das ultimative Tuning-Ergebnis, weitere Gewichtsreduktion und gro\u00dfartigen <strong>Racing<\/strong> Sound bieten wir <strong>Down Pipes<\/strong> aus Edelstahl ohne Katalysator an. Diese High-flow DownPipe erfordert eine ECU-Umprogrammierung und passt perfekt zum Evolution <strong>Performance-Auspuff<\/strong> system.<\/p>\n<p><font color=\"#7d7d7d\" size=\"1\"> Bei der Installation optionaler Akrapovic-Nachr\u00fcst-Down Pipes mit oder ohne Sportkatalysator, die nur f\u00fcr die Verwendung auf geschlossenen Strecken bestimmt sind, ist ECU-Remapping vorgeschrieben. Bei Installation einer Akrapovic-Nachr\u00fcst-Aufpuffanlage, die f\u00fcr den Einsatz auf geschlossenen Strecken entwickelt wurde, empfehlen wir ECU-Remapping, um dem etwaigen Anspringen der Motorwarnleuchte vorzubeugen.<\/font><\/p>\n<p>DIESES PRODUKT ERF\u00dcLLT NICHT DIE EINZUHALTENDEN ABGASNORMEN IM STRASSENGEBRAUCH.<\/p>\n","protected":false},"excerpt":{"rendered":"<p>F\u00fcr das ultimative Tuning-Ergebnis, weitere Gewichtsreduktion und gro\u00dfartigen Racing Sound bieten wir Down Pipes aus Edelstahl ohne Katalysator an. Diese High-flow DownPipe erfordert eine ECU-Umprogrammierung und passt perfekt zum Evolution Performance-Auspuff system. Bei der Installation optionaler Akrapovic-Nachr\u00fcst-Down Pipes mit oder ohne Sportkatalysator, die nur f\u00fcr die Verwendung auf geschlossenen Strecken bestimmt sind, ist ECU-Remapping vorgeschrieben. [&hellip;]<\/p>\n","protected":false},"featured_media":3677,"comment_status":"open","ping_status":"closed","template":"","meta":[],"product_brand":[],"product_cat":[18,17],"product_tag":[],"class_list":{"0":"post-3676","1":"product","2":"type-product","3":"status-publish","4":"has-post-thumbnail","6":"product_cat-akrapovic-zubehoer","7":"product_cat-bmw","9":"first","10":"instock","11":"taxable","12":"shipping-taxable","13":"purchasable","14":"product-type-simple"},"_links":{"self":[{"href":"https:\/\/wagenthaler.com\/shop\/wp-json\/wp\/v2\/product\/3676","targetHints":{"allow":["GET"]}}],"collection":[{"href":"https:\/\/wagenthaler.com\/shop\/wp-json\/wp\/v2\/product"}],"about":[{"href":"https:\/\/wagenthaler.com\/shop\/wp-json\/wp\/v2\/types\/product"}],"replies":[{"embeddable":true,"href":"https:\/\/wagenthaler.com\/shop\/wp-json\/wp\/v2\/comments?post=3676"}],"wp:featuredmedia":[{"embeddable":true,"href":"https:\/\/wagenthaler.com\/shop\/wp-json\/wp\/v2\/media\/3677"}],"wp:attachment":[{"href":"https:\/\/wagenthaler.com\/shop\/wp-json\/wp\/v2\/media?parent=3676"}],"wp:term":[{"taxonomy":"product_brand","embeddable":true,"href":"https:\/\/wagenthaler.com\/shop\/wp-json\/wp\/v2\/product_brand?post=3676"},{"taxonomy":"product_cat","embeddable":true,"href":"https:\/\/wagenthaler.com\/shop\/wp-json\/wp\/v2\/product_cat?post=3676"},{"taxonomy":"product_tag","embeddable":true,"href":"https:\/\/wagenthaler.com\/shop\/wp-json\/wp\/v2\/product_tag?post=3676"}],"curies":[{"name":"wp","href":"https:\/\/api.w.org\/{rel}","templated":true}]}}