{"id":3725,"date":"2026-01-27T04:41:49","date_gmt":"2026-01-27T03:41:49","guid":{"rendered":"https:\/\/shop.wagenthaler.com\/produkt\/import\/"},"modified":"2026-01-27T04:42:06","modified_gmt":"2026-01-27T03:42:06","slug":"akrapovic-endrohr-set-carbon-fuer-bmw-x6-e71","status":"publish","type":"product","link":"https:\/\/wagenthaler.com\/shop\/akrapovic-endrohr-set-carbon-fuer-bmw-x6-e71\/","title":{"rendered":"Akrapovi\u010d Endrohr Set (Carbon) f\u00fcr BMW X6 (E71)"},"content":{"rendered":"<p>Geben Sie der Optik Ihres BMW X6 (xDrive35i, xDrive30d, xDrive40d) den letzten Schliff mit einem Paar exquisiter Akrapovic-Carbonfaser-Endrohre.  Diese einfachen, verschraubten Teile k\u00f6nnen ohne jegliche \u00c4nderung der Serienanlage montiert werden.  Die 110-mm-Endrohre aus unserer Titanlegierung mit hochwertiger Carbonfaserumh\u00fcllung runden den Look dieses sportlichen Fahrzeugs von BMW ab.<\/p>\n","protected":false},"excerpt":{"rendered":"<p>Geben Sie der Optik Ihres BMW X6 (xDrive35i, xDrive30d, xDrive40d) den letzten Schliff mit einem Paar exquisiter Akrapovic-Carbonfaser-Endrohre. Diese einfachen, verschraubten Teile k\u00f6nnen ohne jegliche \u00c4nderung der Serienanlage montiert werden. Die 110-mm-Endrohre aus unserer Titanlegierung mit hochwertiger Carbonfaserumh\u00fcllung runden den Look dieses sportlichen Fahrzeugs von BMW ab.<\/p>\n","protected":false},"featured_media":3726,"comment_status":"open","ping_status":"closed","template":"","meta":[],"product_brand":[],"product_cat":[18,17],"product_tag":[],"class_list":{"0":"post-3725","1":"product","2":"type-product","3":"status-publish","4":"has-post-thumbnail","6":"product_cat-akrapovic-zubehoer","7":"product_cat-bmw","9":"first","10":"instock","11":"taxable","12":"shipping-taxable","13":"purchasable","14":"product-type-simple"},"_links":{"self":[{"href":"https:\/\/wagenthaler.com\/shop\/wp-json\/wp\/v2\/product\/3725","targetHints":{"allow":["GET"]}}],"collection":[{"href":"https:\/\/wagenthaler.com\/shop\/wp-json\/wp\/v2\/product"}],"about":[{"href":"https:\/\/wagenthaler.com\/shop\/wp-json\/wp\/v2\/types\/product"}],"replies":[{"embeddable":true,"href":"https:\/\/wagenthaler.com\/shop\/wp-json\/wp\/v2\/comments?post=3725"}],"wp:featuredmedia":[{"embeddable":true,"href":"https:\/\/wagenthaler.com\/shop\/wp-json\/wp\/v2\/media\/3726"}],"wp:attachment":[{"href":"https:\/\/wagenthaler.com\/shop\/wp-json\/wp\/v2\/media?parent=3725"}],"wp:term":[{"taxonomy":"product_brand","embeddable":true,"href":"https:\/\/wagenthaler.com\/shop\/wp-json\/wp\/v2\/product_brand?post=3725"},{"taxonomy":"product_cat","embeddable":true,"href":"https:\/\/wagenthaler.com\/shop\/wp-json\/wp\/v2\/product_cat?post=3725"},{"taxonomy":"product_tag","embeddable":true,"href":"https:\/\/wagenthaler.com\/shop\/wp-json\/wp\/v2\/product_tag?post=3725"}],"curies":[{"name":"wp","href":"https:\/\/api.w.org\/{rel}","templated":true}]}}