{"id":3730,"date":"2026-01-27T04:42:07","date_gmt":"2026-01-27T03:42:07","guid":{"rendered":"https:\/\/shop.wagenthaler.com\/produkt\/import\/"},"modified":"2026-02-05T14:15:40","modified_gmt":"2026-02-05T13:15:40","slug":"akrapovic-evolution-line-titan-fuer-bmw-x6-m-e71","status":"publish","type":"product","link":"https:\/\/wagenthaler.com\/shop\/akrapovic-evolution-line-titan-fuer-bmw-x6-m-e71\/","title":{"rendered":"Akrapovi\u010d Evolution Line (Titan) f\u00fcr BMW X6 M (E71)"},"content":{"rendered":"<p>Dieses SAC von der M-Abteilung von BMW, eine richtiggehende Tour de Force, l\u00e4sst sich erweitern mit der Evolution-Auspuffanlage von Akrapovic, um erh\u00f6hte Power, geringeres Gewicht und einen besseren Sound zu erreichen.  Evolution ist ein komplettes System hinter dem Katalysator und besteht aus Titan-Link-Pipes mit Resonatoren, einer Titan-X-Pipe und einem Schalld\u00e4mpfer mit integrierten Klappen. Das System verringert den Staudruck drastisch und verbessert die Kraftentfaltung.  Der Sound wird verwandelt durch das Dual-Mode-Abgasklappensystem, das einen tieferen, aber kultivierten Sound im unteren und einen sportiveren Auspuffklang im oberen Drehzahlbereich bewirkt, und zwar ohne Dr\u00f6hnfrequenzen.  Geben Sie der Optik den letzten Schliff mit einem Set von vier exquisiten 100-mm-Endrohren aus Titan oder Carbon  Weitere Tuningm\u00f6glichkeiten bieten unsere High-Flow-Downpipes aus Edelstahl.  Bei Installation optionaler Akrapovic-Nachr\u00fcst-Downpipes mit Sportkatalysator, die nur f\u00fcr die Verwendung auf geschlossenen Strecken bestimmt sind, ist ECU-Remapping vorgeschrieben. Bei Installation einer Akrapovic-Nachr\u00fcst-Aufpuffanlage, die f\u00fcr den Einsatz auf geschlossenen Strecken entwickelt wurde, empfehlen wir ECU.Remapping, um dem etwaigen Anspringen der Motorwarnleuchte vorzubeugen.<\/p>\n","protected":false},"excerpt":{"rendered":"<p>Dieses SAC von der M-Abteilung von BMW, eine richtiggehende Tour de Force, l\u00e4sst sich erweitern mit der Evolution-Auspuffanlage von Akrapovic, um erh\u00f6hte Power, geringeres Gewicht und einen besseren Sound zu erreichen. Evolution ist ein komplettes System hinter dem Katalysator und besteht aus Titan-Link-Pipes mit Resonatoren, einer Titan-X-Pipe und einem Schalld\u00e4mpfer mit integrierten Klappen. Das System [&hellip;]<\/p>\n","protected":false},"featured_media":23254,"comment_status":"open","ping_status":"closed","template":"","meta":[],"product_brand":[],"product_cat":[16,17],"product_tag":[],"class_list":{"0":"post-3730","1":"product","2":"type-product","3":"status-publish","4":"has-post-thumbnail","6":"product_cat-akrapovic-auspuffanlagen","7":"product_cat-bmw","9":"first","10":"instock","11":"taxable","12":"shipping-taxable","13":"purchasable","14":"product-type-simple"},"_links":{"self":[{"href":"https:\/\/wagenthaler.com\/shop\/wp-json\/wp\/v2\/product\/3730","targetHints":{"allow":["GET"]}}],"collection":[{"href":"https:\/\/wagenthaler.com\/shop\/wp-json\/wp\/v2\/product"}],"about":[{"href":"https:\/\/wagenthaler.com\/shop\/wp-json\/wp\/v2\/types\/product"}],"replies":[{"embeddable":true,"href":"https:\/\/wagenthaler.com\/shop\/wp-json\/wp\/v2\/comments?post=3730"}],"wp:featuredmedia":[{"embeddable":true,"href":"https:\/\/wagenthaler.com\/shop\/wp-json\/wp\/v2\/media\/23254"}],"wp:attachment":[{"href":"https:\/\/wagenthaler.com\/shop\/wp-json\/wp\/v2\/media?parent=3730"}],"wp:term":[{"taxonomy":"product_brand","embeddable":true,"href":"https:\/\/wagenthaler.com\/shop\/wp-json\/wp\/v2\/product_brand?post=3730"},{"taxonomy":"product_cat","embeddable":true,"href":"https:\/\/wagenthaler.com\/shop\/wp-json\/wp\/v2\/product_cat?post=3730"},{"taxonomy":"product_tag","embeddable":true,"href":"https:\/\/wagenthaler.com\/shop\/wp-json\/wp\/v2\/product_tag?post=3730"}],"curies":[{"name":"wp","href":"https:\/\/api.w.org\/{rel}","templated":true}]}}