{"id":3735,"date":"2026-01-27T04:42:38","date_gmt":"2026-01-27T03:42:38","guid":{"rendered":"https:\/\/shop.wagenthaler.com\/produkt\/import\/"},"modified":"2026-01-27T04:42:39","modified_gmt":"2026-01-27T03:42:39","slug":"akrapovic-rear-carbon-fibre-diffuser-fuer-bmw-x6-m-f86","status":"publish","type":"product","link":"https:\/\/wagenthaler.com\/shop\/akrapovic-rear-carbon-fibre-diffuser-fuer-bmw-x6-m-f86\/","title":{"rendered":"Akrapovi\u010d Rear Carbon Fibre Diffuser f\u00fcr BMW X6 M (F86)"},"content":{"rendered":"<p>Die Heckansichten des BMW X5 M (F85) und des BMW X6 M (F86) k\u00f6nnen durch die Kombination mit dem optionalen und ABE-konformen Karbon-Diffusor weiter versch\u00f6nert werden. Entwickelt mit <strong>hochwertigen Materialien aus dem Rennsport <\/strong>ist dieses <strong>wunderbar gefertigte<\/strong> Accessoire so gestaltet, dass es sich perfekt in die Linienf\u00fchrung beider Fahrzeuge integriert und die <strong>einzigartigen Endrohre <\/strong>der Evolution Line (Titan) erg\u00e4nzt.<\/p>\n<p>Diffusor kann auch bei BMW Anh\u00e4ngerkupplung\u00a0 verwendet werden. Die Montage des Akrapovi\u010d Carbon Heckdiffusors hat zur Folge, dass das BMW Komfortzugangssystem nicht verwendet werden kann.<\/p>\n","protected":false},"excerpt":{"rendered":"<p>Die Heckansichten des BMW X5 M (F85) und des BMW X6 M (F86) k\u00f6nnen durch die Kombination mit dem optionalen und ABE-konformen Karbon-Diffusor weiter versch\u00f6nert werden. Entwickelt mit hochwertigen Materialien aus dem Rennsport ist dieses wunderbar gefertigte Accessoire so gestaltet, dass es sich perfekt in die Linienf\u00fchrung beider Fahrzeuge integriert und die einzigartigen Endrohre der [&hellip;]<\/p>\n","protected":false},"featured_media":3690,"comment_status":"open","ping_status":"closed","template":"","meta":[],"product_brand":[],"product_cat":[18,17],"product_tag":[],"class_list":{"0":"post-3735","1":"product","2":"type-product","3":"status-publish","4":"has-post-thumbnail","6":"product_cat-akrapovic-zubehoer","7":"product_cat-bmw","9":"first","10":"outofstock","11":"sale","12":"taxable","13":"shipping-taxable","14":"purchasable","15":"product-type-simple"},"_links":{"self":[{"href":"https:\/\/wagenthaler.com\/shop\/wp-json\/wp\/v2\/product\/3735","targetHints":{"allow":["GET"]}}],"collection":[{"href":"https:\/\/wagenthaler.com\/shop\/wp-json\/wp\/v2\/product"}],"about":[{"href":"https:\/\/wagenthaler.com\/shop\/wp-json\/wp\/v2\/types\/product"}],"replies":[{"embeddable":true,"href":"https:\/\/wagenthaler.com\/shop\/wp-json\/wp\/v2\/comments?post=3735"}],"wp:featuredmedia":[{"embeddable":true,"href":"https:\/\/wagenthaler.com\/shop\/wp-json\/wp\/v2\/media\/3690"}],"wp:attachment":[{"href":"https:\/\/wagenthaler.com\/shop\/wp-json\/wp\/v2\/media?parent=3735"}],"wp:term":[{"taxonomy":"product_brand","embeddable":true,"href":"https:\/\/wagenthaler.com\/shop\/wp-json\/wp\/v2\/product_brand?post=3735"},{"taxonomy":"product_cat","embeddable":true,"href":"https:\/\/wagenthaler.com\/shop\/wp-json\/wp\/v2\/product_cat?post=3735"},{"taxonomy":"product_tag","embeddable":true,"href":"https:\/\/wagenthaler.com\/shop\/wp-json\/wp\/v2\/product_tag?post=3735"}],"curies":[{"name":"wp","href":"https:\/\/api.w.org\/{rel}","templated":true}]}}