{"id":3740,"date":"2026-01-27T04:42:59","date_gmt":"2026-01-27T03:42:59","guid":{"rendered":"https:\/\/shop.wagenthaler.com\/produkt\/akrapovic-e-bm-t-15-fuer-bmw-x6-m-x6-m-competition-f96\/"},"modified":"2026-01-27T04:43:04","modified_gmt":"2026-01-27T03:43:04","slug":"akrapovic-evolution-link-pipe-set-titan-fuer-bmw-x6-m-x6-m-competition-f96","status":"publish","type":"product","link":"https:\/\/wagenthaler.com\/shop\/akrapovic-evolution-link-pipe-set-titan-fuer-bmw-x6-m-x6-m-competition-f96\/","title":{"rendered":"Akrapovi\u010d Evolution Link Pipe Set (Titan) f\u00fcr BMW X6 M \/ X6 M Competition (F96)"},"content":{"rendered":"<p><strong>Der Evolution Link Pipe Set (Titan) wurde zusammen mit der Slip-On Line (Titan) system montiert werden.<\/strong><\/p>\n<p>Das Komplett-Titan-Zubeh\u00f6rset besteht aus komplexen Teilen, die in der hauseigenen Gie\u00dferei von Akrapovi\u010d gegossen werden, und wird aus leichten, hochwertigen Legierungen hergestellt, um das Gewicht zu reduzieren. Durch die Kombination des Evolution Link pipe set aus Titan mit der Slip-On Line Abgasanlage aus Titan entsteht ein Komplettsystem, das perfekt aufeinander abgestimmt ist, um in allen Fahrmodi das beste Klangerlebnis zu bieten. Die Sound-Ingenieure von Akrapovi\u010d haben hart gearbeitet, um einen sportlichen V8-Sound mit einem unverwechselbaren Akrapovi\u010d Charakter zu erzeugen, der gleichzeitig geschmeidig bleibt und jegliches Dr\u00f6hnen eliminiert, alles ausgelegt auf einen maximalen Alltagskomfort. Der Klang ist \u00e4hnlich dem eines Muscle Cars und bietet einen berauschenden Sound. Mit einem gegossenen Kollektor in der Link Pipe, in dem sich die Gase von beiden Seiten des Motors vermischen, sorgt das Link Pipe Set f\u00fcr einen gleichm\u00e4\u00dfigen Gasfluss und tr\u00e4gt als ideales Upgrade f\u00fcr die Slip-On Line Anlage aus Titan zum perfekten Klang bei.\u00a0<\/br\/><\/p>\n<p>Mit dem Einbau des Evolution Link-Rohrsatzes erlischt die ECE-Typgenehmigung f\u00fcr die Slip-On-Line-Abgasanlage (Titanium) und eine Neuzuordnung des Steuerger\u00e4ts ist bei der Montage zwingend erforderlich.<br \/><\/br\/><\/p>\n<p>DIESES PRODUKT ERF\u00dcLLT NICHT DIE EINZUHALTENDEN ABGASNORMEN IM STRASSENGEBRAUCH.<\/p>\n<p><\/br\/><\/p>\n","protected":false},"excerpt":{"rendered":"<p>Der Evolution Link Pipe Set (Titan) wurde zusammen mit der Slip-On Line (Titan) system montiert werden. Das Komplett-Titan-Zubeh\u00f6rset besteht aus komplexen Teilen, die in der hauseigenen Gie\u00dferei von Akrapovi\u010d gegossen werden, und wird aus leichten, hochwertigen Legierungen hergestellt, um das Gewicht zu reduzieren. Durch die Kombination des Evolution Link pipe set aus Titan mit der [&hellip;]<\/p>\n","protected":false},"featured_media":3699,"comment_status":"open","ping_status":"closed","template":"","meta":[],"product_brand":[],"product_cat":[18,17],"product_tag":[],"class_list":{"0":"post-3740","1":"product","2":"type-product","3":"status-publish","4":"has-post-thumbnail","6":"product_cat-akrapovic-zubehoer","7":"product_cat-bmw","9":"first","10":"instock","11":"taxable","12":"shipping-taxable","13":"purchasable","14":"product-type-simple"},"_links":{"self":[{"href":"https:\/\/wagenthaler.com\/shop\/wp-json\/wp\/v2\/product\/3740","targetHints":{"allow":["GET"]}}],"collection":[{"href":"https:\/\/wagenthaler.com\/shop\/wp-json\/wp\/v2\/product"}],"about":[{"href":"https:\/\/wagenthaler.com\/shop\/wp-json\/wp\/v2\/types\/product"}],"replies":[{"embeddable":true,"href":"https:\/\/wagenthaler.com\/shop\/wp-json\/wp\/v2\/comments?post=3740"}],"wp:featuredmedia":[{"embeddable":true,"href":"https:\/\/wagenthaler.com\/shop\/wp-json\/wp\/v2\/media\/3699"}],"wp:attachment":[{"href":"https:\/\/wagenthaler.com\/shop\/wp-json\/wp\/v2\/media?parent=3740"}],"wp:term":[{"taxonomy":"product_brand","embeddable":true,"href":"https:\/\/wagenthaler.com\/shop\/wp-json\/wp\/v2\/product_brand?post=3740"},{"taxonomy":"product_cat","embeddable":true,"href":"https:\/\/wagenthaler.com\/shop\/wp-json\/wp\/v2\/product_cat?post=3740"},{"taxonomy":"product_tag","embeddable":true,"href":"https:\/\/wagenthaler.com\/shop\/wp-json\/wp\/v2\/product_tag?post=3740"}],"curies":[{"name":"wp","href":"https:\/\/api.w.org\/{rel}","templated":true}]}}