{"id":3750,"date":"2026-01-27T04:43:14","date_gmt":"2026-01-27T03:43:14","guid":{"rendered":"https:\/\/shop.wagenthaler.com\/produkt\/import\/"},"modified":"2026-01-27T04:44:08","modified_gmt":"2026-01-27T03:44:08","slug":"akrapovic-slip-on-line-titan-fuer-bmw-xm-g09","status":"publish","type":"product","link":"https:\/\/wagenthaler.com\/shop\/akrapovic-slip-on-line-titan-fuer-bmw-xm-g09\/","title":{"rendered":"Akrapovi\u010d Slip-On Line (Titan) f\u00fcr BMW XM (G09)"},"content":{"rendered":"<p>Dieses Produkt ist aus hochwertigem Titan gefertigt und verf\u00fcgt \u00fcber integrierte akustische Reflektoren, die den Sound in den Fahrzeuginnenraum leiten und das akustische Gesamterlebnis der Akrapovi\u010d-Abgasanlage verbessern. Zwei integrierte Klappen, die sich jeweils auf einer Seite des Schalld\u00e4mpfers befinden und durch den Akrapovi\u010d-Steuerungssatz bedient werden, passen den Gasfluss f\u00fcr ein aufregendes Klangerlebnis an. Der Sound hat einen linearen Verlauf in Abh\u00e4ngigkeit von der Drehzahl und der Motorlast und bietet einen sanften und harmonischen Klang bei niedrigen Drehzahlen, der sich im mittleren Drehzahlbereich zu einem unverwechselbaren V8-Brummen steigert, bevor er bei h\u00f6heren Drehzahlen ein Crescendo aus hochfrequentem, sportlichem Sound erreicht.<br \/>Die Abgasanlage ist mit zwei Paar auff\u00e4lliger Endrohre mit Titan-Innenh\u00fclse und einer handgefertigten Karbon-Au\u00dfenh\u00fclse ausgestattet. Die komplexen Teile dieser Slip-On Line (Titanium), einschlie\u00dflich der Klappengeh\u00e4use und der beiden Kollektoren, werden alle in der firmeneigenen Titangie\u00dferei gegossen. Das System ist 11,35 kg (50,7 %) leichter als die serienm\u00e4\u00dfige Anlage.<br \/>Auf dem Akrapovi\u010d-Pr\u00fcfstand wurden Leistung und Drehmoment um 7,6 kW (10,3 PS) bzw. 12,6 Nm bei 5.750 U\/min im Vergleich zu einem BMW XM Label mit M Abgasanlage gesteigert. Durch die Plug-and-Play-Installation ist kein Re-Mapping erforderlich, und es liegt eine EG\/ECE-Typgenehmigung vor.<br \/>Ein weiteres Upgrade des Slip-On Line (Titanium) Systems ist durch das optionale Evolution Link Pipe Set (Titanium) erh\u00e4ltlich, das f\u00fcr diejenigen gedacht ist, die eine noch h\u00f6here Leistungssteigerung w\u00fcnschen. Die Installation des Evolution Link Pipe Set (Titanium) bedeutet, dass die EG\/ECE-Typgenehmigung f\u00fcr die Slip-On Line (Titanium) nicht mehr g\u00fcltig ist.<\/p>\n<p><\/br\/><\/p>\n","protected":false},"excerpt":{"rendered":"<p>Dieses Produkt ist aus hochwertigem Titan gefertigt und verf\u00fcgt \u00fcber integrierte akustische Reflektoren, die den Sound in den Fahrzeuginnenraum leiten und das akustische Gesamterlebnis der Akrapovi\u010d-Abgasanlage verbessern. Zwei integrierte Klappen, die sich jeweils auf einer Seite des Schalld\u00e4mpfers befinden und durch den Akrapovi\u010d-Steuerungssatz bedient werden, passen den Gasfluss f\u00fcr ein aufregendes Klangerlebnis an. Der Sound [&hellip;]<\/p>\n","protected":false},"featured_media":3751,"comment_status":"open","ping_status":"closed","template":"","meta":[],"product_brand":[],"product_cat":[16,17],"product_tag":[],"class_list":{"0":"post-3750","1":"product","2":"type-product","3":"status-publish","4":"has-post-thumbnail","6":"product_cat-akrapovic-auspuffanlagen","7":"product_cat-bmw","9":"first","10":"onbackorder","11":"sale","12":"taxable","13":"shipping-taxable","14":"purchasable","15":"product-type-simple"},"_links":{"self":[{"href":"https:\/\/wagenthaler.com\/shop\/wp-json\/wp\/v2\/product\/3750","targetHints":{"allow":["GET"]}}],"collection":[{"href":"https:\/\/wagenthaler.com\/shop\/wp-json\/wp\/v2\/product"}],"about":[{"href":"https:\/\/wagenthaler.com\/shop\/wp-json\/wp\/v2\/types\/product"}],"replies":[{"embeddable":true,"href":"https:\/\/wagenthaler.com\/shop\/wp-json\/wp\/v2\/comments?post=3750"}],"wp:featuredmedia":[{"embeddable":true,"href":"https:\/\/wagenthaler.com\/shop\/wp-json\/wp\/v2\/media\/3751"}],"wp:attachment":[{"href":"https:\/\/wagenthaler.com\/shop\/wp-json\/wp\/v2\/media?parent=3750"}],"wp:term":[{"taxonomy":"product_brand","embeddable":true,"href":"https:\/\/wagenthaler.com\/shop\/wp-json\/wp\/v2\/product_brand?post=3750"},{"taxonomy":"product_cat","embeddable":true,"href":"https:\/\/wagenthaler.com\/shop\/wp-json\/wp\/v2\/product_cat?post=3750"},{"taxonomy":"product_tag","embeddable":true,"href":"https:\/\/wagenthaler.com\/shop\/wp-json\/wp\/v2\/product_tag?post=3750"}],"curies":[{"name":"wp","href":"https:\/\/api.w.org\/{rel}","templated":true}]}}