{"id":3764,"date":"2026-01-27T04:44:14","date_gmt":"2026-01-27T03:44:14","guid":{"rendered":"https:\/\/shop.wagenthaler.com\/produkt\/import\/"},"modified":"2026-01-27T04:45:09","modified_gmt":"2026-01-27T03:45:09","slug":"akrapovic-slip-on-line-titan-fuer-bmw-z4-m40i-g29","status":"publish","type":"product","link":"https:\/\/wagenthaler.com\/shop\/akrapovic-slip-on-line-titan-fuer-bmw-z4-m40i-g29\/","title":{"rendered":"Akrapovi\u010d Slip-On Line (Titan) f\u00fcr BMW Z4 M40i (G29)"},"content":{"rendered":"<p>Das System wurde nach genauen Spezifikationen aus hochwertigem <strong>Titan<\/strong> gefertigt \u2013 und verf\u00fcgt \u00fcber Bauteile, die in der firmeneigenen Gie\u00dferei von Akrapovi\u010d gegossen wurden. Dabei wurden <strong>leichte<\/strong> Materialien verwendet, um das Gesamtgewicht des Fahrzeugs zu reduzieren sowie die Leistung und den Drehmoment \u00fcber den gesamten Drehzahlbereich zu optimieren. Entsprechend der <strong>ECE<\/strong>-Typgenehmigung passt sich das Design des Systems vollst\u00e4ndig an die Linienf\u00fchrung des Fahrzeugs an, die Anordnung mit einem einzigen Schalld\u00e4mpfer mit vier hervorragenden, handgefertigten runden <strong>Karbonfaser-Endrohren<\/strong> verleiht dem Heck des Fahrzeugs ein unverwechselbares Aussehen. Verschiedene Sound-Modi sorgen f\u00fcr ein noch intensiveres Fahrerlebnis: Der Sechszylindermotor dr\u00f6hnt sportlich und animiert, sobald die Drehzahl steigt, und der Komfort-Modus sorgt f\u00fcr ein noch angenehmeres Fahrerlebnis, das sich ideal f\u00fcr Cabrio-Fahrten eignet.<\/p>\n<p>Ein optionales Akrapovi\u010d Sound Kit zur Steuerung der verschiedenen Soundeinstellungen ist erh\u00e4ltlich. Durch den Einbau des Evolution Link Pipe-Set aus Edelstahl bestehen optionale Abstimmungsm\u00f6glichkeiten, da bei Verwendung des Sound Kits durch das Anbringen des Link Pipe die ECE-Typgenehmigung nicht mehr gegeben ist.<br \/><\/br\/><\/p>\n<p>Die Anwendung und ECE-Typengenehmigung sind g\u00fcltig f\u00fcr die Motoren-Type B58B30C. Die ECE-Typgenehmigung gilt nur f\u00fcr Fahrzeuge mit Otto-\/Benzinpartikelfilter.<br \/><\/br\/><\/p>\n<p>F\u00fcr die Installation des Slip-On-Systems muss die Serien-Abgasanlage abgeschnitten werden. Bitte lesen Sie die Hinweise vor Montagebeginn sorgf\u00e4ltig.<\/p>\n","protected":false},"excerpt":{"rendered":"<p>Das System wurde nach genauen Spezifikationen aus hochwertigem Titan gefertigt \u2013 und verf\u00fcgt \u00fcber Bauteile, die in der firmeneigenen Gie\u00dferei von Akrapovi\u010d gegossen wurden. Dabei wurden leichte Materialien verwendet, um das Gesamtgewicht des Fahrzeugs zu reduzieren sowie die Leistung und den Drehmoment \u00fcber den gesamten Drehzahlbereich zu optimieren. Entsprechend der ECE-Typgenehmigung passt sich das Design [&hellip;]<\/p>\n","protected":false},"featured_media":3765,"comment_status":"open","ping_status":"closed","template":"","meta":[],"product_brand":[],"product_cat":[16,17],"product_tag":[],"class_list":{"0":"post-3764","1":"product","2":"type-product","3":"status-publish","4":"has-post-thumbnail","6":"product_cat-akrapovic-auspuffanlagen","7":"product_cat-bmw","9":"first","10":"outofstock","11":"sale","12":"taxable","13":"shipping-taxable","14":"purchasable","15":"product-type-simple"},"_links":{"self":[{"href":"https:\/\/wagenthaler.com\/shop\/wp-json\/wp\/v2\/product\/3764","targetHints":{"allow":["GET"]}}],"collection":[{"href":"https:\/\/wagenthaler.com\/shop\/wp-json\/wp\/v2\/product"}],"about":[{"href":"https:\/\/wagenthaler.com\/shop\/wp-json\/wp\/v2\/types\/product"}],"replies":[{"embeddable":true,"href":"https:\/\/wagenthaler.com\/shop\/wp-json\/wp\/v2\/comments?post=3764"}],"wp:featuredmedia":[{"embeddable":true,"href":"https:\/\/wagenthaler.com\/shop\/wp-json\/wp\/v2\/media\/3765"}],"wp:attachment":[{"href":"https:\/\/wagenthaler.com\/shop\/wp-json\/wp\/v2\/media?parent=3764"}],"wp:term":[{"taxonomy":"product_brand","embeddable":true,"href":"https:\/\/wagenthaler.com\/shop\/wp-json\/wp\/v2\/product_brand?post=3764"},{"taxonomy":"product_cat","embeddable":true,"href":"https:\/\/wagenthaler.com\/shop\/wp-json\/wp\/v2\/product_cat?post=3764"},{"taxonomy":"product_tag","embeddable":true,"href":"https:\/\/wagenthaler.com\/shop\/wp-json\/wp\/v2\/product_tag?post=3764"}],"curies":[{"name":"wp","href":"https:\/\/api.w.org\/{rel}","templated":true}]}}