{"id":3772,"date":"2026-01-27T04:45:06","date_gmt":"2026-01-27T03:45:06","guid":{"rendered":"https:\/\/shop.wagenthaler.com\/produkt\/akrapovic-dp-ty-ss-1-fuer-bmw-z4-m40i-g29\/"},"modified":"2026-01-27T04:45:13","modified_gmt":"2026-01-27T03:45:13","slug":"akrapovic-downpipe-w-cat-edelstahl-fuer-bmw-z4-m40i-g29","status":"publish","type":"product","link":"https:\/\/wagenthaler.com\/shop\/akrapovic-downpipe-w-cat-edelstahl-fuer-bmw-z4-m40i-g29\/","title":{"rendered":"Akrapovi\u010d Downpipe w Cat (Edelstahl) f\u00fcr BMW Z4 M40i (G29)"},"content":{"rendered":"<p><strong>Die Downpipe w Cat (SS) wurde zusammen mit der Evolution Line (Titan) montiert werden.<br \/><\/br\/><\/strong><\/p>\n<p>Die <strong>Hochleistungs<\/strong>-Downpipe ist unter Verwendung hochwertigen <strong>Edelstahls<\/strong> gefertigt. Wenn sie mit einer Evolution Line Anlage verbunden wird, entsteht ein komplettes System von der Downpipe bis zu den Endrohren, das die Performance-Werte sowie Drehmoment und Leistung steigert. Inklusive ist ein <strong>Sport-Katalysators.<\/strong> Diese optionale Downpipe produziert einen <strong>verbesserten Sound<\/strong>, der pure <strong>Rennsport-Emotionen<\/strong> und ein fantastisches Feedback bei hohen Drehzahlen liefert, ohne unerw\u00fcnschtes Dr\u00f6hnen und tauglich f\u00fcr den t\u00e4glichen Gebrauch.<\/p>\n<p>Nach der Installation des Akrapovi\u010d Downpipe ist eine Neuprogrammierung der ECU erforderlich, um m\u00f6gliche Warnsignale der Motorkontrollleuchte zu verhindern.<\/p>\n<p>Die Downpipe ist als optionales Produkt f\u00fcr folgende Evolution-Systeme erh\u00e4ltlich:<\/p>\n<p>Toyota Supra (A90) ohne OPF\/GPF: Slip-On Line (Titan) + Evolution Linkpipe (SS) &#8211; S-TY\/T\/1H + E-TY\/SS\/1<br \/>\u00a0<br \/>BMW Z4 M40i (G29) ohne OPF\/GPF: Slip-On Line (Titan) + Evolution Linkpipe (SS) &#8211; S-BM\/T\/9H + E-TY\/SS\/1<\/p>\n<p>DIESES PRODUKT ERF\u00dcLLT NICHT DIE EINZUHALTENDEN ABGASNORMEN IM STRASSENGEBRAUCH.<\/p>\n<p><\/br\/><\/p>\n","protected":false},"excerpt":{"rendered":"<p>Die Downpipe w Cat (SS) wurde zusammen mit der Evolution Line (Titan) montiert werden. Die Hochleistungs-Downpipe ist unter Verwendung hochwertigen Edelstahls gefertigt. Wenn sie mit einer Evolution Line Anlage verbunden wird, entsteht ein komplettes System von der Downpipe bis zu den Endrohren, das die Performance-Werte sowie Drehmoment und Leistung steigert. Inklusive ist ein Sport-Katalysators. Diese [&hellip;]<\/p>\n","protected":false},"featured_media":3773,"comment_status":"open","ping_status":"closed","template":"","meta":[],"product_brand":[],"product_cat":[18,17],"product_tag":[],"class_list":{"0":"post-3772","1":"product","2":"type-product","3":"status-publish","4":"has-post-thumbnail","6":"product_cat-akrapovic-zubehoer","7":"product_cat-bmw","9":"first","10":"outofstock","11":"sale","12":"taxable","13":"shipping-taxable","14":"purchasable","15":"product-type-simple"},"_links":{"self":[{"href":"https:\/\/wagenthaler.com\/shop\/wp-json\/wp\/v2\/product\/3772","targetHints":{"allow":["GET"]}}],"collection":[{"href":"https:\/\/wagenthaler.com\/shop\/wp-json\/wp\/v2\/product"}],"about":[{"href":"https:\/\/wagenthaler.com\/shop\/wp-json\/wp\/v2\/types\/product"}],"replies":[{"embeddable":true,"href":"https:\/\/wagenthaler.com\/shop\/wp-json\/wp\/v2\/comments?post=3772"}],"wp:featuredmedia":[{"embeddable":true,"href":"https:\/\/wagenthaler.com\/shop\/wp-json\/wp\/v2\/media\/3773"}],"wp:attachment":[{"href":"https:\/\/wagenthaler.com\/shop\/wp-json\/wp\/v2\/media?parent=3772"}],"wp:term":[{"taxonomy":"product_brand","embeddable":true,"href":"https:\/\/wagenthaler.com\/shop\/wp-json\/wp\/v2\/product_brand?post=3772"},{"taxonomy":"product_cat","embeddable":true,"href":"https:\/\/wagenthaler.com\/shop\/wp-json\/wp\/v2\/product_cat?post=3772"},{"taxonomy":"product_tag","embeddable":true,"href":"https:\/\/wagenthaler.com\/shop\/wp-json\/wp\/v2\/product_tag?post=3772"}],"curies":[{"name":"wp","href":"https:\/\/api.w.org\/{rel}","templated":true}]}}