{"id":3780,"date":"2026-01-27T04:46:01","date_gmt":"2026-01-27T03:46:01","guid":{"rendered":"https:\/\/shop.wagenthaler.com\/produkt\/import\/"},"modified":"2026-01-27T04:46:06","modified_gmt":"2026-01-27T03:46:06","slug":"akrapovic-evolution-link-pipe-set-edelstahl-for-opf-gpf-fuer-bmw-z4-m40i-g29","status":"publish","type":"product","link":"https:\/\/wagenthaler.com\/shop\/akrapovic-evolution-link-pipe-set-edelstahl-for-opf-gpf-fuer-bmw-z4-m40i-g29\/","title":{"rendered":"Akrapovi\u010d Evolution Link pipe set (Edelstahl) &#8211; for OPF\/GPF f\u00fcr BMW Z4 M40i (G29)"},"content":{"rendered":"<p><strong>Der Evolution Link Pipe Set (Titan) wurde zusammen\u00a0mit der Slip-On Line (Titan) system oder der Evolution Line (Titan) montiert werden.<br \/><\/br\/><\/strong><\/p>\n<p>Das Evolution Link Pipe Set erweitert das Slip-On System zu einem Evolution System. Das Evolution Link Pipe Set besteht aus hochwertigem austenitischem Edelstahl. Es verf\u00fcgt \u00fcber eine Verbindung zweier zentraler Link Pipes, die die serienm\u00e4\u00dfige Single-Pipe-Version ersetzen und einen optimalen Fluss der Motorabgase erm\u00f6glichen. Das Set wurde entwickelt, um Leistung und Drehmoment zu steigern sowie das Gesamtgewicht zu reduzieren, und liefert einen tiefen, sportlichen Sound ohne unerw\u00fcnschte Dr\u00f6hnfrequenzen, der den &#65279;puren Klang des Reihensechszylinders entfesselt.&#65279;<\/p>\n<p>Nach der Installation des Akrapovi\u010d Evolution Link Pipe Sets ist eine Neuprogrammierung der ECU erforderlich, um m\u00f6gliche Warnsignale der Motorkontrollleuchte zu verhindern.<\/p>\n<p>DIESES PRODUKT ERF\u00dcLLT NICHT DIE EINZUHALTENDEN ABGASNORMEN IM STRASSENGEBRAUCH.<\/p>\n<p><\/br\/><\/p>\n","protected":false},"excerpt":{"rendered":"<p>Der Evolution Link Pipe Set (Titan) wurde zusammen\u00a0mit der Slip-On Line (Titan) system oder der Evolution Line (Titan) montiert werden. Das Evolution Link Pipe Set erweitert das Slip-On System zu einem Evolution System. Das Evolution Link Pipe Set besteht aus hochwertigem austenitischem Edelstahl. Es verf\u00fcgt \u00fcber eine Verbindung zweier zentraler Link Pipes, die die serienm\u00e4\u00dfige [&hellip;]<\/p>\n","protected":false},"featured_media":3781,"comment_status":"open","ping_status":"closed","template":"","meta":[],"product_brand":[],"product_cat":[18,17],"product_tag":[],"class_list":{"0":"post-3780","1":"product","2":"type-product","3":"status-publish","4":"has-post-thumbnail","6":"product_cat-akrapovic-zubehoer","7":"product_cat-bmw","9":"first","10":"outofstock","11":"sale","12":"taxable","13":"shipping-taxable","14":"purchasable","15":"product-type-simple"},"_links":{"self":[{"href":"https:\/\/wagenthaler.com\/shop\/wp-json\/wp\/v2\/product\/3780","targetHints":{"allow":["GET"]}}],"collection":[{"href":"https:\/\/wagenthaler.com\/shop\/wp-json\/wp\/v2\/product"}],"about":[{"href":"https:\/\/wagenthaler.com\/shop\/wp-json\/wp\/v2\/types\/product"}],"replies":[{"embeddable":true,"href":"https:\/\/wagenthaler.com\/shop\/wp-json\/wp\/v2\/comments?post=3780"}],"wp:featuredmedia":[{"embeddable":true,"href":"https:\/\/wagenthaler.com\/shop\/wp-json\/wp\/v2\/media\/3781"}],"wp:attachment":[{"href":"https:\/\/wagenthaler.com\/shop\/wp-json\/wp\/v2\/media?parent=3780"}],"wp:term":[{"taxonomy":"product_brand","embeddable":true,"href":"https:\/\/wagenthaler.com\/shop\/wp-json\/wp\/v2\/product_brand?post=3780"},{"taxonomy":"product_cat","embeddable":true,"href":"https:\/\/wagenthaler.com\/shop\/wp-json\/wp\/v2\/product_cat?post=3780"},{"taxonomy":"product_tag","embeddable":true,"href":"https:\/\/wagenthaler.com\/shop\/wp-json\/wp\/v2\/product_tag?post=3780"}],"curies":[{"name":"wp","href":"https:\/\/api.w.org\/{rel}","templated":true}]}}