{"id":38409,"date":"2026-02-06T16:08:23","date_gmt":"2026-02-06T15:08:23","guid":{"rendered":"https:\/\/wagenthaler.com\/shop\/kw-v3-gewindefahrwerk-fuer-audi-tt-fv-fv3-8j-8j1-07-2014\/"},"modified":"2026-02-06T16:34:04","modified_gmt":"2026-02-06T15:34:04","slug":"kw-v3-gewindefahrwerk-fuer-audi-tt-fv-fv3-8j-8j1-07-2014","status":"publish","type":"product","link":"https:\/\/wagenthaler.com\/shop\/kw-v3-gewindefahrwerk-fuer-audi-tt-fv-fv3-8j-8j1-07-2014\/","title":{"rendered":"KW V3 Gewindefahrwerk f\u00fcr AUDI TT (FV) FV3, 8J, 8J1 07\/2014-"},"content":{"rendered":"<p><b>Unbegrenzte Individualit\u00e4t f\u00fcr Performance &#038; Komfort. D\u00e4mpferkraftverstellung separat f\u00fcr die Zug- &#038; Druckstufe.<\/b><br \/>Wie bei jedem KW Gewindefahrwerk entwickeln unsere Fahrwerkingenieure auch f\u00fcr die fahrzeugspezifischen Anwendungen des KW V3 eine sportlich-harmonische Grundabstimmung. Neben Tests auf unserem KW 7-post Fahrdynamikpr\u00fcfstand absolvieren wir dazu ausgiebige Messfahrten auf Landstra\u00dfen, der Autobahn und selbst auf der N\u00fcrburgring Nordschleife Testkilometer f\u00fcr Testkilometer, um Ihnen die perfekte Fahrwerkabstimmung zu garantieren. Seit Jahren ist das weltweit zu den Top-Aftermarketprodukten z\u00e4hlende KW V3 die Referenz f\u00fcr Gewindefahrwerke. Mit seiner D\u00e4mpfercharakteristik, der hochwertigen Verarbeitung und der ausgezeichneten Langlebigkeit \u00fcberzeugt es anspruchsvolle Sportwagenfahrer, Tuner, Gro\u00df- und Kleinserienhersteller wie Alpina, MTM, Manthey, Oettinger und viele weitere namhafte Unternehmen in der internationalen Automobilbranche.<\/p>\n<p>Spitzentechnologie aus dem Motorsport<br \/>Viel mehr als eine sportliche Tieferlegung und ein ausgezeichnetes Fahrverhalten auf allen Stra\u00dfen erhalten Sie mit dem KW V3. Es basiert auf unser langj\u00e4hrigen Erfahrung als Fahrwerkhersteller und Ausr\u00fcster im internationalen Motorsport wie etwa in den Tourenwagenserien ADAC GT Masters, FIA GT1, FIA GT3, International GT Open, WTC, VLN und auch beim legend\u00e4ren ADAC Zurich 24h-Rennen N\u00fcrburgring.<br \/>\u00c4hnlich wie bei unseren Rennsport-Gewindefahrwerken aus dem KW Competition-Programm kann beim KW V3 die Zugstufe und die Druckstufe unabh\u00e4ngig voneinander eingestellt werden. Diese individuelle Abstimmungsm\u00f6glichkeit wird von Veredlern, Sportwagenmanufakturen, Tunern und anspruchsvollen Fahrern weltweit gesch\u00e4tzt.<\/p>\n<p>Das perfekte Fahrwerksetup f\u00fcr deutlich mehr Fahrdynamik<br \/>Haben Sie an Ihrem sportlichen Stra\u00dfenfahrzeug bereits erste Performance-Modifikationen durchgef\u00fchrt, ist es ein Leichtes mit dem KW V3 diese zielgerichtet in der D\u00e4mpferabstimmung zu ber\u00fccksichtigen. Die patentierte KW Ventiltechnik f\u00fcr die getrennte Abstimmung der Zug- und Druckstufe erlaubt es Ihnen die fahrzeugspezifische Grundabstimmung von KW individuell anzupassen. Beispielsweise gibt Ihnen das im Lowspeed-Bereich der Druckstufe in zw\u00f6lf Klicks einstellbare KW-Bodenventil den Spielraum, selbst die Reifencharakteristik Ihrer High- und Ultra-High-Performance-Stra\u00dfenreifen bei der Fahrwerkabstimmung zu ber\u00fccksichtigen.<br \/>Durch die patentierte Druckstufeneinstellung am unteren Kolbenende des Edelstahlgeh\u00e4uses ben\u00f6tigten Sie dazu nicht einmal Werkzeug. Die einstellbare Druckstufenabstimmung mit ihren zw\u00f6lf exakten Klicks erlaubt es Ihnen per Hand auf Karosserieroll- und Wankbewegungen Einfluss zu nehmen, ohne dabei die optimal zur Federrate passende Zugstufend\u00e4mpfung ver\u00e4ndern zu m\u00fcssen.<br \/>Mit der individuell einstellbaren Zugstufenabstimmung des KW V3 k\u00f6nnen Sie direkt das Handling und den Komfort durch die exakte Klickverstellung beeinflussen. Je nach Fahrzeugtyp werden die Zugstufenventile der KW Zweirohrd\u00e4mpfer am oberen Ende der Kolbenstange \u00fcber ein integriertes Einstellr\u00e4dchen oder dem im Lieferumfang beinhalteten Aufsteck-Einstellr\u00e4dchen abgestimmt.<br \/>Indem Sie \u00fcber das Einstellr\u00e4dchen die Zugkraft erh\u00f6hen, verringern sich die Aufbaubewegungen an der Karosserie. Ihr Auto f\u00e4hrt sich dadurch spurtreuer und Sie haben bei erh\u00f6hten Kurvengeschwindigkeiten noch mehr Stabilit\u00e4t. Wechseln Sie beispielsweise von den freigegebenen Rad\/Reifenkombinationen Ihres Automobilherstellers zu gr\u00f6\u00dferen Felgen, k\u00f6nnen Sie mit dem KW V3 das Fahrverhalten Ihres Autos und Ihrer neuen Leichtmetallr\u00e4der perfekt aufeinander abstimmen.<\/p>\n<p>Hochwertig, individuell und langlebig<br \/>Schon w\u00e4hrend der Produktion wird das KW V3 ausgiebigen Qualit\u00e4tstests unterzogen und jeder einzelne D\u00e4mpfer \u00fcberpr\u00fcft. Nur so werden wir unserem Anspruch gerecht, beim Einbau eines KW Gewindefahrwerks V3 durch einen KW Fachhandelspartner eine Garantie von bis zu f\u00fcnf Jahren zu gew\u00e4hrleisten. Durch die filigrane Verarbeitung und der Nutzung hochwertiger Komponenten sind beispielsweise die KW Gewindefederbeine aus Edelstahl zu 100 Prozent rostfrei und besitzen eine unbegrenzte Lebensdauer.<br \/>Dadurch ist die Funktionsweise der stufenlosen Tieferlegung \u00fcber das schmutzunempfindliche KW Trapezgewinde und den KW Polyamid-Gewindering auch nach Jahren nicht beeintr\u00e4chtigt. Durch die individuelle Tieferlegung mit ihrem stufenlosen Verstellbereich k\u00f6nnen Sie die Sportlichkeit Ihres Fahrzeugs auch optisch betonen. Ein Feature, das in der Performanceorientierten Tuningszene sehr beliebt ist.<\/p>\n<p>&#8211; in Zug- und Druckd\u00e4mpfung frei einstellbare D\u00e4mpfungstechnik<br \/>&#8211; Edelstahltechnik inox-line<br \/>&#8211; individuelle, stufenlose Tieferlegung<br \/>&#8211; gepr\u00fcfter Verstellbereich<br \/>&#8211; hochwertige Bauteile f\u00fcr lange Lebensdauer<br \/>&#8211; einstellbare Zugstufend\u00e4mpfung mit 16 exakten Klicks<br \/>&#8211; 12-fach einstellbare Druckstufend\u00e4mpfung mit Klickverstellung<br \/>&#8211; einzigartige, unabh\u00e4ngig voneinander wirkende D\u00e4mpfungskraftverstellung<\/p>\n<p>Setup: Die individuell einstellbare Zug- &#038; Druckstufend\u00e4mpfung der KW V3<br \/>Das KW V3 ist das ideale Zubeh\u00f6r f\u00fcr Performance-orientierte Autofahrer und Tuningenthusiasten, die bei ihren Fahrzeugen einen gro\u00dfen Anspruch auf Sportlichkeit legen. Die separat in Zug- und Druckstufe einstellbaren D\u00e4mpfer erlauben dabei, mit ihrer durchdachten Klickverstellung eine umfangreiche D\u00e4mpferabstimmung vorzunehmen. So ist es ein Leichtes das Einlenkverhalten, die Spurtreue, den Reifengrip und Handling-Eigenschaften ma\u00dfgeblich f\u00fcr eine sichere Kontrollierbarkeit im Grenzbereich direkt zu beeinflussen.<\/p>\n","protected":false},"excerpt":{"rendered":"<p>Maximale Performance im <strong>AUDI<\/strong>. Pr\u00e4zises Handling, voll einstellbar.<\/p>\n<ul class='kw-specs'>\n<li><strong>Tieferlegung:<\/strong> VA 15-45mm \/ HA 20-45 mm<\/li>\n<li><strong>Material:<\/strong> Edelstahl<\/li>\n<\/ul>\n<p><em>Jetzt konfigurieren!<\/em><\/p>\n","protected":false},"featured_media":24019,"comment_status":"open","ping_status":"closed","template":"","meta":[],"product_brand":[],"product_cat":[57,50],"product_tag":[],"class_list":{"0":"post-38409","1":"product","2":"type-product","3":"status-publish","4":"has-post-thumbnail","6":"product_cat-audi","7":"product_cat-kw-gewindefahrwerke","9":"first","10":"instock","11":"taxable","12":"shipping-taxable","13":"purchasable","14":"product-type-variable"},"_links":{"self":[{"href":"https:\/\/wagenthaler.com\/shop\/wp-json\/wp\/v2\/product\/38409","targetHints":{"allow":["GET"]}}],"collection":[{"href":"https:\/\/wagenthaler.com\/shop\/wp-json\/wp\/v2\/product"}],"about":[{"href":"https:\/\/wagenthaler.com\/shop\/wp-json\/wp\/v2\/types\/product"}],"replies":[{"embeddable":true,"href":"https:\/\/wagenthaler.com\/shop\/wp-json\/wp\/v2\/comments?post=38409"}],"wp:featuredmedia":[{"embeddable":true,"href":"https:\/\/wagenthaler.com\/shop\/wp-json\/wp\/v2\/media\/24019"}],"wp:attachment":[{"href":"https:\/\/wagenthaler.com\/shop\/wp-json\/wp\/v2\/media?parent=38409"}],"wp:term":[{"taxonomy":"product_brand","embeddable":true,"href":"https:\/\/wagenthaler.com\/shop\/wp-json\/wp\/v2\/product_brand?post=38409"},{"taxonomy":"product_cat","embeddable":true,"href":"https:\/\/wagenthaler.com\/shop\/wp-json\/wp\/v2\/product_cat?post=38409"},{"taxonomy":"product_tag","embeddable":true,"href":"https:\/\/wagenthaler.com\/shop\/wp-json\/wp\/v2\/product_tag?post=38409"}],"curies":[{"name":"wp","href":"https:\/\/api.w.org\/{rel}","templated":true}]}}