{"id":38430,"date":"2026-02-06T16:09:02","date_gmt":"2026-02-06T15:09:02","guid":{"rendered":"https:\/\/wagenthaler.com\/shop\/kw-ddc-ecu-gewindefahrwerk-fuer-audi-tt-fv-fv3-8j-8j1-07-2014\/"},"modified":"2026-02-06T16:14:04","modified_gmt":"2026-02-06T15:14:04","slug":"kw-ddc-ecu-gewindefahrwerk-fuer-audi-tt-fv-fv3-8j-8j1-07-2014","status":"publish","type":"product","link":"https:\/\/wagenthaler.com\/shop\/kw-ddc-ecu-gewindefahrwerk-fuer-audi-tt-fv-fv3-8j-8j1-07-2014\/","title":{"rendered":"KW DDC &#8211; ECU Gewindefahrwerk f\u00fcr AUDI TT (FV) FV3, 8J, 8J1 07\/2014-"},"content":{"rendered":"<p><b>KW Dynamic Damping Control ECU Individualit\u00e4t auf Knopfdruck.<\/b><br \/>Die KW DDC Gewindefahrwerke sind die intelligente Fahrwerkl\u00f6sung zum Nachr\u00fcsten aus dem KW iSuspension Lieferprogramm. Sie kombinieren die Vorteile eines adaptiven D\u00e4mpfungssystems mit einer fahrzeugspezifischen sportlich-harmonischen D\u00e4mpfercharakteristik mit einer stilechten und sportlichen Tieferlegung. Erh\u00e4ltlich sind die adaptiven KW Gewindefahrwerke in der Ausf\u00fchrung KW DDC ECU mit optionaler App-Steuerung f\u00fcr Fahrzeuge ohne aktiv regelndes Serienfahrwerk und als KW DDC Plug &#038; Play Variante f\u00fcr ausgew\u00e4hlte Fahrzeugmodelle mit adaptivem Serienfahrwerk.<br \/>Die adaptiven KW DDC ECU Gewindefahrwerke erlauben eine stufenlose Tieferlegung im gepr\u00fcften Verstellbereich. Dank des schmutzunempfindlichen Trapezgewindes und dem Polyamid-Gewindering kann die stufenlose Tieferlegung auch nach Jahren schnell und leicht variiert werden. Die Tieferlegung erfolgt fahrzeugbedingt entweder an den radf\u00fchrenden KW Edelstahl-Federbeinen oder bei nicht radf\u00fchrenden Doppelquerlenkerhinterachsen an der Hinterachsh\u00f6henverstellung. Egal wo auf der Welt, sportliche Autofahrer, Automobilmanufakturen und Veredler vertrauen auf unsere KW Technologie &#8222;Made in Germany&#8220;.<br \/>Jedes KW Gewindefahrwerk wird in der Produktion ausgiebigen Belastungstests unterzogen und direkt in unserem Firmenstammsitz im schw\u00e4bischen Fichtenberg entwickelt und gefertigt, um die hohen Standards unseres KW Qualit\u00e4tsmanagements zu erf\u00fcllen. So ist es f\u00fcr uns als deutscher Hersteller eine Selbstverst\u00e4ndlichkeit auf unsere, die Erstausr\u00fcsterqualit\u00e4t \u00fcbertreffenden KW Gewindefahrwerke und \u00fcber 4.600 Anwendungen umfassenden Fahrwerkl\u00f6sungen eine mehrj\u00e4hrige Garantie zu gew\u00e4hrleisten. Sie betr\u00e4gt beim Einbau bei einem unserer KW Fachhandelspartner bis zu f\u00fcnf Jahren. Aktuell sind die adaptiven KW DDC ECU Gewindefahrwerke mit App-Steuerung f\u00fcr Audi, BMW, Mercedes-Benz, Porsche, VW und viele andere Fahrzeuge wie dem Range Rover Evoque lieferbar.<\/p>\n<p>&#8211; nachr\u00fcstbare elektronische D\u00e4mpferverstellung, kombiniert mit den Vorteilen eines KW Gewindefahrwerks<br \/>&#8211; mit optionaler App-Steuerung<br \/>&#8211; drei D\u00e4mpfungssetups: Comfort \/ Sport \/ Sport +<br \/>&#8211; Bedienung \u00fcber Nachr\u00fcsttaster oder optionale App<br \/>&#8211; per KW DDC App eigene Setups intuitiv erstellen<\/p>\n<p>KW DDC Taster &#8211; 1x Taster, 3x mehr erfahren<br \/>Der Lieferumfang des KW DDC ECU Gewindefahrwerks beinhaltet auch einen KW DDC Taster. Dieser erlaubt es auf Wunsch die KW DDC Fahrmodi &#8222;&#8220;Comfort&#8220;&#8220;, &#8222;&#8220;Sport&#8220;&#8220; und &#8222;&#8220;Sport+&#8220;&#8220; direkt vom Cockpit auszuw\u00e4hlen. Hierbei \u00e4ndert der KW DDC Taster den Farbton passend zur KW DDC APP.<\/p>\n<p>W-LAN Modul &#038; App-Steuerung<br \/>Optional erh\u00e4ltliche App-Steuerung zur live Fahrwerksabstimmung per iPhone, iPod touch, iPad.<br \/>Erleben Sie Innovation und Qualit\u00e4t der Extraklasse &#8222;Made in Germany&#8220;: das KW DDC (Dynamic Damping Control) Gewindefahrwerk mit ECU (Electronic Control Unit). Das Gewindefahrwerk mit seinen elektronisch regelbaren D\u00e4mpfern erm\u00f6glicht eine intelligente Fahrwerkabstimmung per App-Steuerung und ist bereits f\u00fcr zahlreiche Fahrzeuge ohne adaptives Serienfahrwerk lieferbar.<br \/>Dadurch k\u00f6nnen Sie Ihr Fahrzeug mit einer adaptiven D\u00e4mpfersteuerung aufwerten und optional per KW DDC App auf Ihre Fahrweise anpassen. Sie ben\u00f6tigen dazu kein Werkzeug oder m\u00fcssen an den D\u00e4mpfern selbst Hand anlegen.<br \/>Die kostenlose KW DDC App in Verbindung mit unserem optional erh\u00e4ltlichen W-Lan Modul bilden Ihr Hilfsmittel, um eine individuelle D\u00e4mpferabstimmung live und in Echtzeit vorzunehmen.<\/p>\n","protected":false},"excerpt":{"rendered":"<p>Elektronische D\u00e4mpferregelung. Plug &#038; Play L\u00f6sung f\u00fcr den AUDI.<\/p>\n<ul class='kw-specs'>\n<li><strong>Tieferlegung:<\/strong> VA 20-50mm \/ HA 20-45 mm<\/li>\n<li><strong>Material:<\/strong> Edelstahl<\/li>\n<\/ul>\n<p><em>Jetzt konfigurieren!<\/em><\/p>\n","protected":false},"featured_media":25162,"comment_status":"open","ping_status":"closed","template":"","meta":[],"product_brand":[],"product_cat":[57,50],"product_tag":[],"class_list":{"0":"post-38430","1":"product","2":"type-product","3":"status-publish","4":"has-post-thumbnail","6":"product_cat-audi","7":"product_cat-kw-gewindefahrwerke","9":"first","10":"instock","11":"taxable","12":"shipping-taxable","13":"purchasable","14":"product-type-variable"},"_links":{"self":[{"href":"https:\/\/wagenthaler.com\/shop\/wp-json\/wp\/v2\/product\/38430","targetHints":{"allow":["GET"]}}],"collection":[{"href":"https:\/\/wagenthaler.com\/shop\/wp-json\/wp\/v2\/product"}],"about":[{"href":"https:\/\/wagenthaler.com\/shop\/wp-json\/wp\/v2\/types\/product"}],"replies":[{"embeddable":true,"href":"https:\/\/wagenthaler.com\/shop\/wp-json\/wp\/v2\/comments?post=38430"}],"wp:featuredmedia":[{"embeddable":true,"href":"https:\/\/wagenthaler.com\/shop\/wp-json\/wp\/v2\/media\/25162"}],"wp:attachment":[{"href":"https:\/\/wagenthaler.com\/shop\/wp-json\/wp\/v2\/media?parent=38430"}],"wp:term":[{"taxonomy":"product_brand","embeddable":true,"href":"https:\/\/wagenthaler.com\/shop\/wp-json\/wp\/v2\/product_brand?post=38430"},{"taxonomy":"product_cat","embeddable":true,"href":"https:\/\/wagenthaler.com\/shop\/wp-json\/wp\/v2\/product_cat?post=38430"},{"taxonomy":"product_tag","embeddable":true,"href":"https:\/\/wagenthaler.com\/shop\/wp-json\/wp\/v2\/product_tag?post=38430"}],"curies":[{"name":"wp","href":"https:\/\/api.w.org\/{rel}","templated":true}]}}