{"id":41809,"date":"2026-02-22T18:30:15","date_gmt":"2026-02-22T17:30:15","guid":{"rendered":"https:\/\/wagenthaler.com\/shop\/kw-hls-4-gewindefahrwerk-v5-m-hls-4-hydraulik-liftsystem-fuer-porsche-carrera-gt-980-07-2003-12-2006\/"},"modified":"2026-02-22T18:33:50","modified_gmt":"2026-02-22T17:33:50","slug":"kw-hls-4-gewindefahrwerk-v5-m-hls-4-hydraulik-liftsystem-fuer-porsche-carrera-gt-980-07-2003-12-2006","status":"publish","type":"product","link":"https:\/\/wagenthaler.com\/shop\/kw-hls-4-gewindefahrwerk-v5-m-hls-4-hydraulik-liftsystem-fuer-porsche-carrera-gt-980-07-2003-12-2006\/","title":{"rendered":"KW HLS 4 Gewindefahrwerk V5 m. HLS 4 Hydraulik Liftsystem f\u00fcr PORSCHE CARRERA GT (980) 07\/2003-12\/2006"},"content":{"rendered":"<p><b>F\u00fcr einfaches \u00dcberfahren von diversen Hindernissen f\u00fcr sportliche PKW mit geringer Bodenfreiheit<\/b><\/p>\n<p>Auf Knopfdruck mehr Bodenfreiheit<br \/>Mit dem HLS Lift-System k\u00f6nnen Sie Ihren Sportwagen oder Ihr tiefergelegtes Fahrzeug anheben, um Hindernisse wie Speedbumpers, Bodenwellen, Bahn\u00fcberg\u00e4nge, Baustellen, Garagen- und Tiefgarageneinfahrten gefahrlos zu \u00fcberfahren. Je nach Ausf\u00fchrung des installierten HLS Lift-System wird entweder Ihr Fahrzeug an der Vorderachse oder an beiden Achsen um bis zu 45 Millimeter hydraulisch angehoben.<br \/>So wird verhindert, dass Ihre Aerodynamikkomponenten, Unterbodenschutz oder gar \u00d6lwanne besch\u00e4digt werden. Das Lift-System ist je nach Fahrzeugtyp und Modell als fahrzeugspezifische L\u00f6sung inklusive und ohne KW Gewindefahrwerk erh\u00e4ltlich. Sollte Ihr Fahrzeug noch nicht in unser KW HLS Lieferprogramm fallen, haben unsere Ingenieure auch ein universelles Liftsystem entwickelt.<\/p>\n<p>\u00dcberzeugende L\u00f6sung made by KW<br \/>F\u00fcr eine gro\u00dfe Bandbreite an Supersportwagen und selbst f\u00fcr Kompaktmodelle ist unser HLS als anwendungsspezifische L\u00f6sung lieferbar. Dabei sind alle Lieferbestandteile wie die Hydraulikleitungen, Hydraulikpumpe auf Ihr Fahrzeug angepasst und somit harmonieren alle unsere Komponenten perfekt mit Ihrem Sportwagen. Ob Sie das HLS mit Ihrem Serienfahrwerk kombinieren oder mit unseren zu den weltweit zu den Top-Aftermarketprodukten z\u00e4hlenden KW Gewindefahrwerken in Edelstahlausf\u00fchrung kombinieren, m\u00fcssen Sie f\u00fcr sich selbst entscheiden. F\u00fcr KW haben sich bereits Alpina, BMW M, Manthey, Mercedes-Benz AMG, Novitec Rosso und viele weitere namhafte Unternehmen in der internationalen Automobilbranche entschieden.<br \/>Das Lift Kit erlaubt es in der Variante &#8222;&#8220;HLS 2&#8243;&#8220;, wobei es nur an der Vorderachse installiert wird, Ihren Sportwagen vorne anzuheben. Wenn Sie sich f\u00fcr die Variante &#8222;&#8220;HLS 4&#8243;&#8220; entscheiden, wird Ihr gesamtes Fahrzeug angehoben. Dazu wird an jedem KW Gewindefederbein ein Hydraulikzylinder zwischen Federteller und Feder montiert. Der gro\u00dfe Vorteil des Hydrauliksystems besteht darin, dass im Fahrbetrieb keine Komprimierung (Bewegung) der ausgefahrenen Zylindereinheit (keine unerw\u00fcnschte zus\u00e4tzliche Federung) auftritt und dadurch die Fahrdynamik nicht beeintr\u00e4chtig werden kann. Der Lieferumfang f\u00fcr alle HLS Lift Kit Varianten beinhaltet unter anderem auch ein Steuerger\u00e4t, das mit der Fahrzeug-Bordelektronik verbunden ist. Dadurch wird das Fahrzeug ab einer gewissen Geschwindigkeit automatisch auf die Ursprungstiefe des KW Gewindefahrwerks oder Ihres Serienfahrwerks wieder abgesenkt.<\/p>\n<p>&#8211; als Komplettl\u00f6sung inklusive KW Gewindefahrwerk<br \/>&#8211; oder als Nachr\u00fcstsatz erh\u00e4ltlich<br \/>&#8211; Bet\u00e4tigung vom Innenraum durch Taster mit LED-Positionsanzeige oder optional \u00fcber Funkfernbedienung<br \/>&#8211; im Fahrbetrieb (bis 80 km\/h) aktivierbar<br \/>&#8211; schnelles Anheben in 4-5 Sekunden bei HLS 2<br \/>&#8211; absolut korrosionsbest\u00e4ndig (coadierte Zylinderbauteile aus Alu)<\/p>\n","protected":false},"excerpt":{"rendered":"<p>Das Upgrade f\u00fcr deinen <strong>PORSCHE<\/strong>. Besseres Handling.<\/p>\n<ul class='kw-specs'>\n<li><strong>Tieferlegung:<\/strong> VA 0-10mm \/ HA 0-10 mm<\/li>\n<li><strong>Material:<\/strong> Aluminium<\/li>\n<\/ul>\n<p><em>Jetzt konfigurieren!<\/em><\/p>\n","protected":false},"featured_media":41810,"comment_status":"open","ping_status":"closed","template":"","meta":[],"product_brand":[],"product_cat":[50,20],"product_tag":[],"class_list":{"0":"post-41809","1":"product","2":"type-product","3":"status-publish","4":"has-post-thumbnail","6":"product_cat-kw-gewindefahrwerke","7":"product_cat-porsche","9":"first","10":"onbackorder","11":"taxable","12":"shipping-taxable","13":"purchasable","14":"product-type-variable"},"_links":{"self":[{"href":"https:\/\/wagenthaler.com\/shop\/wp-json\/wp\/v2\/product\/41809","targetHints":{"allow":["GET"]}}],"collection":[{"href":"https:\/\/wagenthaler.com\/shop\/wp-json\/wp\/v2\/product"}],"about":[{"href":"https:\/\/wagenthaler.com\/shop\/wp-json\/wp\/v2\/types\/product"}],"replies":[{"embeddable":true,"href":"https:\/\/wagenthaler.com\/shop\/wp-json\/wp\/v2\/comments?post=41809"}],"wp:featuredmedia":[{"embeddable":true,"href":"https:\/\/wagenthaler.com\/shop\/wp-json\/wp\/v2\/media\/41810"}],"wp:attachment":[{"href":"https:\/\/wagenthaler.com\/shop\/wp-json\/wp\/v2\/media?parent=41809"}],"wp:term":[{"taxonomy":"product_brand","embeddable":true,"href":"https:\/\/wagenthaler.com\/shop\/wp-json\/wp\/v2\/product_brand?post=41809"},{"taxonomy":"product_cat","embeddable":true,"href":"https:\/\/wagenthaler.com\/shop\/wp-json\/wp\/v2\/product_cat?post=41809"},{"taxonomy":"product_tag","embeddable":true,"href":"https:\/\/wagenthaler.com\/shop\/wp-json\/wp\/v2\/product_tag?post=41809"}],"curies":[{"name":"wp","href":"https:\/\/api.w.org\/{rel}","templated":true}]}}