{"id":41872,"date":"2026-02-22T18:30:50","date_gmt":"2026-02-22T17:30:50","guid":{"rendered":"https:\/\/wagenthaler.com\/shop\/kw-v5-porsche-carrera-gt-edition-gewindefahrwerk-fuer-porsche-carrera-gt-980-07-2003-12-2006\/"},"modified":"2026-02-22T18:33:50","modified_gmt":"2026-02-22T17:33:50","slug":"kw-v5-porsche-carrera-gt-edition-gewindefahrwerk-fuer-porsche-carrera-gt-980-07-2003-12-2006","status":"publish","type":"product","link":"https:\/\/wagenthaler.com\/shop\/kw-v5-porsche-carrera-gt-edition-gewindefahrwerk-fuer-porsche-carrera-gt-980-07-2003-12-2006\/","title":{"rendered":"KW V5 (Porsche Carrera GT Edition) Gewindefahrwerk f\u00fcr PORSCHE CARRERA GT (980) 07\/2003-12\/2006"},"content":{"rendered":"<p>Mit dem neuen KW V5 Gewindefahrwerk setzt KW auf seine erfolgreiche Motorsportfahrwerktechnologie mit Verdr\u00e4ngerkolben und modularen sowie in Serie geschalteten D\u00e4mpferventilen. Die KW V5 \u00fcberzeugt in Sportwagen und Supersportwagen mit einer pr\u00e4zisen und schnellen D\u00e4mpfung ohne Zeitverzug. Selbst bei geringen Federwegen, Lenkbewegungen und minimalen Fahrbahnunebenheiten reagieren die D\u00e4mpfer und Ventile direkt.<\/p>\n<p>Gegen\u00fcber konventionellen Gewinde- und Sportfahrwerken in der Erstausr\u00fcstung und im Aftermarket setzen wir bei der KW V5 auf unsere erfolgreiche D\u00e4mpfertechnologie mit Verdr\u00e4ngerkolben und modularen sowie in Serie geschalteten D\u00e4mpferventilen. Zus\u00e4tzlich bietet die KW V5 die Freiheit, die in Serie seitlich platzierten Ventile f\u00fcr die Low- und Highspeedkr\u00e4fte der Druckstufen- sowie Zugstufend\u00e4mpfung mit jeweils 14 Klicks exakt auf das pers\u00f6nlich gew\u00fcnschte Fahrverhalten weiter einzustellen. Auch k\u00f6nnen mit dem KW V5 Gewindefahrwerk eine stufenlos einstellbare maximale Tieferlegung gew\u00e4hlt werden.<\/p>\n<p>&#8211; 4-fach einstellbare High-Performance-D\u00e4mpfer mit Gewindefederbeinen aus Aluminium<br \/>&#8211; Solid Piston (Verdr\u00e4nge Kolben) Technologie<br \/>&#8211; Separate und unabh\u00e4ngige D\u00e4mpfereinstellung in: <br \/>&#8211; Lowspeed Zugstufend\u00e4mpfung mit 14 exakten Klicks + (straffer) \/ &#8211; (komfortabler)<br \/>&#8211; Highspeed Zugstufend\u00e4mpfung mit 14 exakten Klicks + (straffer) \/ &#8211; (komfortabler)<br \/>&#8211; Lowspeed-Druckstufend\u00e4mpfung mit 14 exakten Klicks + (straffer) \/ &#8211; (komfortabler)<br \/>&#8211; Highspeed-Druckstufend\u00e4mpfung mit 14 exakten Klicks + (straffer) \/ &#8211; (komfortabler)<br \/>&#8211; Zwei Grundabstimmungen ab Werk mit Komforteinstellung und Performanceeinstellung<\/p>\n","protected":false},"excerpt":{"rendered":"<p>Das Upgrade f\u00fcr deinen <strong>PORSCHE<\/strong>. Besseres Handling.<\/p>\n<ul class='kw-specs'>\n<li><strong>Tieferlegung:<\/strong> VA 0-10mm \/ HA 0-10 mm<\/li>\n<li><strong>Material:<\/strong> <\/li>\n<\/ul>\n<p><em>Jetzt konfigurieren!<\/em><\/p>\n","protected":false},"featured_media":41873,"comment_status":"open","ping_status":"closed","template":"","meta":[],"product_brand":[],"product_cat":[50,20],"product_tag":[],"class_list":{"0":"post-41872","1":"product","2":"type-product","3":"status-publish","4":"has-post-thumbnail","6":"product_cat-kw-gewindefahrwerke","7":"product_cat-porsche","9":"first","10":"onbackorder","11":"taxable","12":"shipping-taxable","13":"purchasable","14":"product-type-variable"},"_links":{"self":[{"href":"https:\/\/wagenthaler.com\/shop\/wp-json\/wp\/v2\/product\/41872","targetHints":{"allow":["GET"]}}],"collection":[{"href":"https:\/\/wagenthaler.com\/shop\/wp-json\/wp\/v2\/product"}],"about":[{"href":"https:\/\/wagenthaler.com\/shop\/wp-json\/wp\/v2\/types\/product"}],"replies":[{"embeddable":true,"href":"https:\/\/wagenthaler.com\/shop\/wp-json\/wp\/v2\/comments?post=41872"}],"wp:featuredmedia":[{"embeddable":true,"href":"https:\/\/wagenthaler.com\/shop\/wp-json\/wp\/v2\/media\/41873"}],"wp:attachment":[{"href":"https:\/\/wagenthaler.com\/shop\/wp-json\/wp\/v2\/media?parent=41872"}],"wp:term":[{"taxonomy":"product_brand","embeddable":true,"href":"https:\/\/wagenthaler.com\/shop\/wp-json\/wp\/v2\/product_brand?post=41872"},{"taxonomy":"product_cat","embeddable":true,"href":"https:\/\/wagenthaler.com\/shop\/wp-json\/wp\/v2\/product_cat?post=41872"},{"taxonomy":"product_tag","embeddable":true,"href":"https:\/\/wagenthaler.com\/shop\/wp-json\/wp\/v2\/product_tag?post=41872"}],"curies":[{"name":"wp","href":"https:\/\/api.w.org\/{rel}","templated":true}]}}