{"id":47648,"date":"2026-02-22T20:54:37","date_gmt":"2026-02-22T19:54:37","guid":{"rendered":"https:\/\/wagenthaler.com\/shop\/kw-ddc-ecu-hls-4-gewindefahrwerk-fuer-mercedes-benz-sls-amg-roadster-r197-197-06-2011\/"},"modified":"2026-04-03T05:56:38","modified_gmt":"2026-04-03T03:56:38","slug":"kw-ddc-ecu-hls-4-gewindefahrwerk-fuer-mercedes-benz-sls-amg-roadster-r197-197-06-2011","status":"publish","type":"product","link":"https:\/\/wagenthaler.com\/shop\/kw-ddc-ecu-hls-4-gewindefahrwerk-fuer-mercedes-benz-sls-amg-roadster-r197-197-06-2011\/","title":{"rendered":"KW DDC &#8211; ECU + HLS 4 Gewindefahrwerk f\u00fcr MERCEDES-BENZ SLS AMG Roadster (R197) 197 06\/2011-"},"content":{"rendered":"<p><b>\u00dcberzeugende L\u00f6sung made by KW &#8211; sie fahren ja nicht irgendein Auto, sondern einen AMG<\/b><br \/>F\u00fcr eine gro\u00dfe Bandbreite an Supersportwagen und selbst f\u00fcr die wiedergeborene Stilikone Mercedes-Benz SLS AMG ist unser KW Hydraulic Lift System als anwendungsspezifische L\u00f6sung lieferbar. Dabei sind alle Lieferbestandteile wie die Hydraulikleitungen, Hydraulikpumpe auf Ihren Mercedes-Benz SLS AMG angepasst und alle unsere Komponenten harmonieren perfekt mit Ihrem &#8222;&#8220;Fl\u00fcgelt\u00fcrer.&#8220;&#8220; Schlie\u00dflich r\u00fcsten wir im internationalen Kundenmotorsport zahlreiche Mercedes-Benz SLS AMG GT3 mit unseren KW Competition Motorsportkomponenten aus &#8211; und selbst bei Modellen der Mercedes-Benz AMG Black Series ist das Fahrwerk-Knowhow von KW gefragt.<\/p>\n<p>Auf Knopfdruck das perfekte Setup \u2026<\/p>\n<p>Sollten Sie zu einem Mercedes-Benz SLS AMG Enthusiasten der ersten Stunde z\u00e4hlen und ihr &#8222;&#8220;Fl\u00fcgelt\u00fcrer&#8220;&#8220; noch \u00fcber kein adaptives Fahrwerk verf\u00fcgen, finden Sie bei KW eine intelligente Nachr\u00fcstl\u00f6sung. F\u00fcr Sie kombinierten wir das adaptive KW DDC ECU Gewindefahrwerk aus unserem KW iSuspension Lieferprogramm mit dem KW Hydraulic Lift System. Mit dem DDC ECU Gewindefahrwerk von KW k\u00f6nnen Sie Ihren AMG SLS nicht nur auf Wunsch zwischen 10 und 35 Millimeter tieferlegen, sondern zwischen den KW Fahrmodi &#8222;&#8220;Comfort&#8220;&#8220;, &#8222;&#8220;Sport&#8220;&#8220; oder &#8222;&#8220;Sport+&#8220;&#8220; w\u00e4hlen. Wenn Sie m\u00f6chten, k\u00f6nnen Sie sogar per iPhone App die KW D\u00e4mpfer getrennt an Vorder- und Hinterachse nach Ihren Anspr\u00fcchen abstimmen. Dazu ben\u00f6tigen Sie keinen Techniker oder Werkzeug oder m\u00fcssen mit Ihrem SLS AMG auf die Hebeb\u00fchne.<\/p>\n<p>Die kostenlose KW DDC App in Verbindung mit unserem optional erh\u00e4ltlichen W-LAN Modul gibt Ihnen die M\u00f6glichkeit das KW Fahrwerk direkt abzustimmen und die elektronisch regelbaren KW D\u00e4mpfer reagieren sofort auf Ihre Einstellungen. Der Lieferumfang des KW DDC ECU Gewindefahrwerks beinhaltet einen dezenten KW DDC Taster zur unauff\u00e4lligen Installation im Armaturenbrett. Dieser erlaubt es auf Wunsch die KW DDC Fahrmodi &#8222;&#8220;Comfort&#8220;&#8220;, &#8222;&#8220;Sport&#8220;&#8220; und &#8222;&#8220;Sport+&#8220;&#8220; direkt vom Cockpit auszuw\u00e4hlen. Hierbei \u00e4ndert der KW DDC Taster den Farbton passend zur optionalen KW DDC APP.<\/p>\n<p>Fahren Sie beispielsweise mit Ihrem SLS AMG auf schlechten Stra\u00dfen oder bei einer Ausflugsfahrt durch eine Altstadt auf Kopfsteinpflaster, ist der &#8222;&#8220;Comfort&#8220;&#8220; Modus Ihr idealer Begleiter. Harmonisch werden die Fahrbahnunebenheiten ged\u00e4mpft und das KW DDC ECU Gewindefahrwerk passt sich automatisch der Geschwindigkeit an. Erh\u00f6hen Sie das Tempo, \u00e4ndert sich selbstst\u00e4ndig die D\u00e4mpfercharakteristik und das Fahrwerk wird straffer. Im Modi &#8222;&#8220;Sport&#8220;&#8220; profitieren Sie von einem direkteren Handling und der SLS AMG f\u00e4hrt sich deutlich anspruchsvoller als im Comfort-Modus. Wechseln Sie etwa bei Passstra\u00dfen auf den &#8222;&#8220;Sport+&#8220;&#8220; Modus, \u00fcberzeugt Sie der SLS durch sein kompromissloses Fahrverhalten.<\/p>\n<p>\u2026 oder mehr Bodenfreiheit<\/p>\n<p>Durch das adaptive KW DDC ECU Gewindefahrwerk mit dem KW HLS Lift System k\u00f6nnen Sie Ihren tiefergelegten Mercedes-Benz SLS AMG anheben, um Hindernisse wie Speedbumpers, Bodenwellen, Bahn\u00fcberg\u00e4nge, Baustellen, Garagen- und Tiefgarageneinfahrten gefahrlos zu \u00fcberfahren. Das KW Lift Kit erlaubt es Ihren \u201eFl\u00fcgelt\u00fcrer\u201c an beiden Achsen um bis zu 45 Millimeter hydraulisch anzuheben. Dazu wird an jedem KW Gewindefederbein aus Aluminium ein Hydraulikzylinder zwischen Federteller und Feder montiert. Der gro\u00dfe Vorteil des Hydrauliksystems besteht darin, dass im Fahrbetrieb keine Komprimierung (Bewegung) der ausgefahrenen Zylindereinheit (keine unerw\u00fcnschte zus\u00e4tzliche Federung) auftritt und dadurch die Fahrdynamik Ihres Mercedes-Benz SLS AMG nicht beeintr\u00e4chtig werden kann. Der Lieferumfang f\u00fcr alle HLS Lift Kit Varianten beinhaltet unter anderem auch ein Steuerger\u00e4t, das mit der Bordelektronik verbunden ist. Dadurch wird Ihr SLS AMG ab einer gewissen Geschwindigkeit automatisch auf die von Ihnen gew\u00e4hlte Ursprungstiefe des KW Gewindefahrwerks wieder abgesenkt.<\/p>\n<p>KW DDC ECU Gewindefahrwerk mit HLS: <\/p>\n<p>&#8211; nachr\u00fcstbare elektronische D\u00e4mpferverstellung, kombiniert mit den Vorteilen eines KW Gewindefahrwerks<br \/>&#8211; mit optionaler App-Steuerung<br \/>&#8211; drei D\u00e4mpfungssetups: Comfort \/ Sport \/ Sport +<br \/>&#8211; Bedienung \u00fcber Nachr\u00fcsttaster oder optionale App<br \/>&#8211; per KW DDC App eigene Setups intuitiv erstellen<br \/>&#8211; Bet\u00e4tigung vom Innenraum durch Taster mit LED-Positionsanzeige oder optional \u00fcber Funkfernbedienung<br \/>&#8211; im Fahrbetrieb (bis 80 km\/h) aktivierbar<br \/>&#8211; schnelles Anheben in 4-5 Sekunden bei HLS 2<br \/>&#8211; absolut korrosionsbest\u00e4ndig (coadierte Zylinderbauteile aus Alu)<\/p>\n","protected":false},"excerpt":{"rendered":"<p>Elektronische D\u00e4mpferregelung. Plug &amp; Play L\u00f6sung f\u00fcr den MERCEDES-BENZ.<\/p>\n<ul class='kw-specs'>\n<li><strong>Tieferlegung:<\/strong> VA 10-35mm \/ HA 10-35 mm<\/li>\n<li><strong>Material:<\/strong> Edelstahl<\/li>\n<\/ul>\n<p><em>Jetzt konfigurieren!<\/em><\/p>\n","protected":false},"featured_media":47627,"comment_status":"open","ping_status":"closed","template":"","meta":[],"product_brand":[],"product_cat":[949,59],"product_tag":[],"class_list":{"0":"post-47648","1":"product","2":"type-product","3":"status-publish","4":"has-post-thumbnail","6":"product_cat-kw-fahrwerk","7":"product_cat-mercedes-benz","9":"first","10":"onbackorder","11":"taxable","12":"shipping-taxable","13":"purchasable","14":"product-type-variable"},"_links":{"self":[{"href":"https:\/\/wagenthaler.com\/shop\/wp-json\/wp\/v2\/product\/47648","targetHints":{"allow":["GET"]}}],"collection":[{"href":"https:\/\/wagenthaler.com\/shop\/wp-json\/wp\/v2\/product"}],"about":[{"href":"https:\/\/wagenthaler.com\/shop\/wp-json\/wp\/v2\/types\/product"}],"replies":[{"embeddable":true,"href":"https:\/\/wagenthaler.com\/shop\/wp-json\/wp\/v2\/comments?post=47648"}],"wp:featuredmedia":[{"embeddable":true,"href":"https:\/\/wagenthaler.com\/shop\/wp-json\/wp\/v2\/media\/47627"}],"wp:attachment":[{"href":"https:\/\/wagenthaler.com\/shop\/wp-json\/wp\/v2\/media?parent=47648"}],"wp:term":[{"taxonomy":"product_brand","embeddable":true,"href":"https:\/\/wagenthaler.com\/shop\/wp-json\/wp\/v2\/product_brand?post=47648"},{"taxonomy":"product_cat","embeddable":true,"href":"https:\/\/wagenthaler.com\/shop\/wp-json\/wp\/v2\/product_cat?post=47648"},{"taxonomy":"product_tag","embeddable":true,"href":"https:\/\/wagenthaler.com\/shop\/wp-json\/wp\/v2\/product_tag?post=47648"}],"curies":[{"name":"wp","href":"https:\/\/api.w.org\/{rel}","templated":true}]}}