{"id":50500,"date":"2026-02-25T00:22:36","date_gmt":"2026-02-24T23:22:36","guid":{"rendered":"https:\/\/wagenthaler.com\/shop\/oz-racing-hyper-xt-hlt\/"},"modified":"2026-04-20T04:39:22","modified_gmt":"2026-04-20T02:39:22","slug":"oz-racing-hyper-xt-hlt","status":"publish","type":"product","link":"https:\/\/wagenthaler.com\/shop\/oz-racing-hyper-xt-hlt\/","title":{"rendered":"OZ Racing HYPER XT HLT"},"content":{"rendered":"<p>Mit der HYPER XT HLT bietet OZ Racing eine Felge aus der OZ Racing-Serie, die auf jahrzehntelanger Motorsport-Erfahrung basiert.<\/p>\n<p>Die Felge wird in 1 Oberfl\u00e4chen angeboten:<\/p>\n<ul>\n<li>GLOSS BLACK<\/li>\n<\/ul>\n<p>Das Gr\u00f6ssenspektrum reicht von 20 bis 22 Zoll:<\/p>\n<ul>\n<li>20&#8243;<\/li>\n<li>21&#8243;<\/li>\n<li>22&#8243;<\/li>\n<\/ul>\n<p>Konstruktionstyp: MONOBLOC FLAT.<\/p>\n<p>Referenzgewicht: 17.52 kg.<\/p>\n<p>Die maximale Radlast betr\u00e4gt 950 kg.<\/p>\n<p>Alle Ausf\u00fchrungen sind T\u00dcV-gepr\u00fcft und werden mit ABE bzw. Teilegutachten ausgeliefert.<\/p>\n<p>Wagenthaler bietet Beratung, fachgerechte Montage und T\u00dcV-Abnahme direkt vor Ort bei M\u00fcnchen und Landsberg.<\/p>\n<p><a href=\"https:\/\/www.ozracing.com\/de\/alufelgen\/oz-racing\/hyper-xt-hlt\" class=\"oz-modal-trigger\" data-modal-title=\"HYPER XT HLT \u2013 OZ Racing\" target=\"_blank\" rel=\"noopener\">Alle Details auf ozracing.com ansehen<\/a><\/p>\n","protected":false},"excerpt":{"rendered":"<p>Mit der HYPER XT HLT bietet OZ Racing eine Felge aus der OZ Racing-Serie, die auf jahrzehntelanger Motorsport-Erfahrung basiert. Die Felge wird in 1 Oberfl\u00e4chen angeboten: GLOSS BLACK Das Gr\u00f6ssenspektrum reicht von 20 bis 22 Zoll: 20&#8243; 21&#8243; 22&#8243; Konstruktionstyp: MONOBLOC FLAT. Referenzgewicht: 17.52 kg. Die maximale Radlast betr\u00e4gt 950 kg. Alle Ausf\u00fchrungen sind T\u00dcV-gepr\u00fcft [&hellip;]<\/p>\n","protected":false},"featured_media":50867,"comment_status":"open","ping_status":"closed","template":"","meta":[],"product_brand":[],"product_cat":[124,60],"product_tag":[],"class_list":{"0":"post-50500","1":"product","2":"type-product","3":"status-publish","4":"has-post-thumbnail","6":"product_cat-oz-racing","7":"product_cat-oz-racing-felgen","9":"first","10":"instock","11":"taxable","12":"shipping-taxable","13":"purchasable","14":"product-type-variable"},"_links":{"self":[{"href":"https:\/\/wagenthaler.com\/shop\/wp-json\/wp\/v2\/product\/50500","targetHints":{"allow":["GET"]}}],"collection":[{"href":"https:\/\/wagenthaler.com\/shop\/wp-json\/wp\/v2\/product"}],"about":[{"href":"https:\/\/wagenthaler.com\/shop\/wp-json\/wp\/v2\/types\/product"}],"replies":[{"embeddable":true,"href":"https:\/\/wagenthaler.com\/shop\/wp-json\/wp\/v2\/comments?post=50500"}],"wp:featuredmedia":[{"embeddable":true,"href":"https:\/\/wagenthaler.com\/shop\/wp-json\/wp\/v2\/media\/50867"}],"wp:attachment":[{"href":"https:\/\/wagenthaler.com\/shop\/wp-json\/wp\/v2\/media?parent=50500"}],"wp:term":[{"taxonomy":"product_brand","embeddable":true,"href":"https:\/\/wagenthaler.com\/shop\/wp-json\/wp\/v2\/product_brand?post=50500"},{"taxonomy":"product_cat","embeddable":true,"href":"https:\/\/wagenthaler.com\/shop\/wp-json\/wp\/v2\/product_cat?post=50500"},{"taxonomy":"product_tag","embeddable":true,"href":"https:\/\/wagenthaler.com\/shop\/wp-json\/wp\/v2\/product_tag?post=50500"}],"curies":[{"name":"wp","href":"https:\/\/api.w.org\/{rel}","templated":true}]}}