{"id":50509,"date":"2026-02-25T00:22:48","date_gmt":"2026-02-24T23:22:48","guid":{"rendered":"https:\/\/wagenthaler.com\/shop\/oz-racing-indy-hlt-2\/"},"modified":"2026-04-20T04:39:22","modified_gmt":"2026-04-20T02:39:22","slug":"oz-racing-indy-hlt","status":"publish","type":"product","link":"https:\/\/wagenthaler.com\/shop\/oz-racing-indy-hlt\/","title":{"rendered":"OZ Racing INDY HLT"},"content":{"rendered":"<p>Die INDY HLT ist eine Leichtmetallfelge aus der OZ Racing-Kollektion von OZ Racing, entwickelt und gefertigt in Italien.<\/p>\n<p>Verf\u00fcgbar in 1 Farbvarianten:<\/p>\n<ul>\n<li>GLOSS BLACK<\/li>\n<\/ul>\n<p>Die Felge wird in diesen Gr\u00f6ssen angeboten:<\/p>\n<ul>\n<li>18&#8243;<\/li>\n<li>19&#8243;<\/li>\n<li>20&#8243;<\/li>\n<\/ul>\n<p>Die Bauart ist MONOBLOC CONCAVE.<\/p>\n<p>Mit einem Gewicht ab 14.43 kg geh\u00f6rt sie zu den leichteren Felgen dieser Klasse.<\/p>\n<p>Die maximale Radlast betr\u00e4gt 705 kg.<\/p>\n<p>Jede INDY HLT durchl\u00e4uft strenge Qualit\u00e4tskontrollen und ist mit Teilegutachten verf\u00fcgbar.<\/p>\n<p>Bei Wagenthaler erhalten Sie pers\u00f6nliche Beratung, Komplettrad-Service und T\u00dcV-Eintragung aus einer Hand.<\/p>\n<p><a href=\"https:\/\/www.ozracing.com\/de\/alufelgen\/oz-racing\/indy-hlt\" class=\"oz-modal-trigger\" data-modal-title=\"INDY HLT \u2013 OZ Racing\" target=\"_blank\" rel=\"noopener\">Alle Details auf ozracing.com ansehen<\/a><\/p>\n","protected":false},"excerpt":{"rendered":"<p>Die INDY HLT ist eine Leichtmetallfelge aus der OZ Racing-Kollektion von OZ Racing, entwickelt und gefertigt in Italien. Verf\u00fcgbar in 1 Farbvarianten: GLOSS BLACK Die Felge wird in diesen Gr\u00f6ssen angeboten: 18&#8243; 19&#8243; 20&#8243; Die Bauart ist MONOBLOC CONCAVE. Mit einem Gewicht ab 14.43 kg geh\u00f6rt sie zu den leichteren Felgen dieser Klasse. Die maximale [&hellip;]<\/p>\n","protected":false},"featured_media":50871,"comment_status":"open","ping_status":"closed","template":"","meta":[],"product_brand":[],"product_cat":[124,60],"product_tag":[],"class_list":{"0":"post-50509","1":"product","2":"type-product","3":"status-publish","4":"has-post-thumbnail","6":"product_cat-oz-racing","7":"product_cat-oz-racing-felgen","9":"first","10":"outofstock","11":"taxable","12":"shipping-taxable","13":"product-type-variable"},"_links":{"self":[{"href":"https:\/\/wagenthaler.com\/shop\/wp-json\/wp\/v2\/product\/50509","targetHints":{"allow":["GET"]}}],"collection":[{"href":"https:\/\/wagenthaler.com\/shop\/wp-json\/wp\/v2\/product"}],"about":[{"href":"https:\/\/wagenthaler.com\/shop\/wp-json\/wp\/v2\/types\/product"}],"replies":[{"embeddable":true,"href":"https:\/\/wagenthaler.com\/shop\/wp-json\/wp\/v2\/comments?post=50509"}],"wp:featuredmedia":[{"embeddable":true,"href":"https:\/\/wagenthaler.com\/shop\/wp-json\/wp\/v2\/media\/50871"}],"wp:attachment":[{"href":"https:\/\/wagenthaler.com\/shop\/wp-json\/wp\/v2\/media?parent=50509"}],"wp:term":[{"taxonomy":"product_brand","embeddable":true,"href":"https:\/\/wagenthaler.com\/shop\/wp-json\/wp\/v2\/product_brand?post=50509"},{"taxonomy":"product_cat","embeddable":true,"href":"https:\/\/wagenthaler.com\/shop\/wp-json\/wp\/v2\/product_cat?post=50509"},{"taxonomy":"product_tag","embeddable":true,"href":"https:\/\/wagenthaler.com\/shop\/wp-json\/wp\/v2\/product_tag?post=50509"}],"curies":[{"name":"wp","href":"https:\/\/api.w.org\/{rel}","templated":true}]}}