{"id":50551,"date":"2026-02-25T00:23:35","date_gmt":"2026-02-24T23:23:35","guid":{"rendered":"https:\/\/wagenthaler.com\/shop\/oz-racing-omnia-2\/"},"modified":"2026-04-20T04:39:22","modified_gmt":"2026-04-20T02:39:22","slug":"oz-racing-omnia","status":"publish","type":"product","link":"https:\/\/wagenthaler.com\/shop\/oz-racing-omnia\/","title":{"rendered":"OZ Racing OMNIA"},"content":{"rendered":"<p>Die OMNIA von OZ Racing geh\u00f6rt zur OZ Racing-Reihe und verbindet italienische Fertigungsqualit\u00e4t mit leistungsorientiertem Design.<\/p>\n<p>Sie ist in 1 Ausf\u00fchrungen erh\u00e4ltlich:<\/p>\n<ul>\n<li>GRIGIO CORSA BRIGHT<\/li>\n<\/ul>\n<p>Erh\u00e4ltlich in folgenden Durchmessern:<\/p>\n<ul>\n<li>17&#8243;<\/li>\n<li>18&#8243;<\/li>\n<\/ul>\n<p>Gefertigt in MONOBLOC-Bauweise.<\/p>\n<p>Das Referenzgewicht liegt bei 10.56 kg.<\/p>\n<p>Die maximale Radlast betr\u00e4gt 650 kg.<\/p>\n<p>Die Felge ist T\u00dcV-zertifiziert und f\u00fcr den deutschen Markt zugelassen.<\/p>\n<p>Vom Beratungsgespr\u00e4ch \u00fcber die Montage bis zur T\u00dcV-Eintragung \u2013 bei Wagenthaler bekommen Sie alles aus einer Hand.<\/p>\n<p><a href=\"https:\/\/www.ozracing.com\/de\/alufelgen\/oz-racing\/omnia\" class=\"oz-modal-trigger\" data-modal-title=\"OMNIA \u2013 OZ Racing\" target=\"_blank\" rel=\"noopener\">Alle Details auf ozracing.com ansehen<\/a><\/p>\n","protected":false},"excerpt":{"rendered":"<p>Die OMNIA von OZ Racing geh\u00f6rt zur OZ Racing-Reihe und verbindet italienische Fertigungsqualit\u00e4t mit leistungsorientiertem Design. Sie ist in 1 Ausf\u00fchrungen erh\u00e4ltlich: GRIGIO CORSA BRIGHT Erh\u00e4ltlich in folgenden Durchmessern: 17&#8243; 18&#8243; Gefertigt in MONOBLOC-Bauweise. Das Referenzgewicht liegt bei 10.56 kg. Die maximale Radlast betr\u00e4gt 650 kg. Die Felge ist T\u00dcV-zertifiziert und f\u00fcr den deutschen Markt [&hellip;]<\/p>\n","protected":false},"featured_media":50890,"comment_status":"open","ping_status":"closed","template":"","meta":[],"product_brand":[],"product_cat":[124,60],"product_tag":[],"class_list":{"0":"post-50551","1":"product","2":"type-product","3":"status-publish","4":"has-post-thumbnail","6":"product_cat-oz-racing","7":"product_cat-oz-racing-felgen","9":"first","10":"outofstock","11":"taxable","12":"shipping-taxable","13":"product-type-variable"},"_links":{"self":[{"href":"https:\/\/wagenthaler.com\/shop\/wp-json\/wp\/v2\/product\/50551","targetHints":{"allow":["GET"]}}],"collection":[{"href":"https:\/\/wagenthaler.com\/shop\/wp-json\/wp\/v2\/product"}],"about":[{"href":"https:\/\/wagenthaler.com\/shop\/wp-json\/wp\/v2\/types\/product"}],"replies":[{"embeddable":true,"href":"https:\/\/wagenthaler.com\/shop\/wp-json\/wp\/v2\/comments?post=50551"}],"wp:featuredmedia":[{"embeddable":true,"href":"https:\/\/wagenthaler.com\/shop\/wp-json\/wp\/v2\/media\/50890"}],"wp:attachment":[{"href":"https:\/\/wagenthaler.com\/shop\/wp-json\/wp\/v2\/media?parent=50551"}],"wp:term":[{"taxonomy":"product_brand","embeddable":true,"href":"https:\/\/wagenthaler.com\/shop\/wp-json\/wp\/v2\/product_brand?post=50551"},{"taxonomy":"product_cat","embeddable":true,"href":"https:\/\/wagenthaler.com\/shop\/wp-json\/wp\/v2\/product_cat?post=50551"},{"taxonomy":"product_tag","embeddable":true,"href":"https:\/\/wagenthaler.com\/shop\/wp-json\/wp\/v2\/product_tag?post=50551"}],"curies":[{"name":"wp","href":"https:\/\/api.w.org\/{rel}","templated":true}]}}