{"id":50557,"date":"2026-02-25T00:23:48","date_gmt":"2026-02-24T23:23:48","guid":{"rendered":"https:\/\/wagenthaler.com\/shop\/oz-racing-rally-desert-2\/"},"modified":"2026-04-20T04:39:22","modified_gmt":"2026-04-20T02:39:22","slug":"oz-racing-rally-desert","status":"publish","type":"product","link":"https:\/\/wagenthaler.com\/shop\/oz-racing-rally-desert\/","title":{"rendered":"OZ Racing RALLY DESERT"},"content":{"rendered":"<p>Die RALLY DESERT ist eine Leichtmetallfelge aus der OZ Racing-Kollektion von OZ Racing, entwickelt und gefertigt in Italien.<\/p>\n<p>Verf\u00fcgbar in 1 Farbvarianten:<\/p>\n<ul>\n<li>MATT BLACK<\/li>\n<\/ul>\n<p>Die RALLY DESERT ist in 18 Zoll verf\u00fcgbar.<\/p>\n<p>Die Bauart ist MONOBLOC.<\/p>\n<p>Mit einem Gewicht ab 16.61 kg geh\u00f6rt sie zu den leichteren Felgen dieser Klasse.<\/p>\n<p>Die maximale Radlast betr\u00e4gt 1300 kg.<\/p>\n<p>Jede RALLY DESERT durchl\u00e4uft strenge Qualit\u00e4tskontrollen und ist mit Teilegutachten verf\u00fcgbar.<\/p>\n<p>Bei Wagenthaler erhalten Sie pers\u00f6nliche Beratung, Komplettrad-Service und T\u00dcV-Eintragung aus einer Hand.<\/p>\n<p><a href=\"https:\/\/www.ozracing.com\/de\/alufelgen\/oz-racing\/rally-desert\" class=\"oz-modal-trigger\" data-modal-title=\"RALLY DESERT \u2013 OZ Racing\" target=\"_blank\" rel=\"noopener\">Alle Details auf ozracing.com ansehen<\/a><\/p>\n","protected":false},"excerpt":{"rendered":"<p>Die RALLY DESERT ist eine Leichtmetallfelge aus der OZ Racing-Kollektion von OZ Racing, entwickelt und gefertigt in Italien. Verf\u00fcgbar in 1 Farbvarianten: MATT BLACK Die RALLY DESERT ist in 18 Zoll verf\u00fcgbar. Die Bauart ist MONOBLOC. Mit einem Gewicht ab 16.61 kg geh\u00f6rt sie zu den leichteren Felgen dieser Klasse. Die maximale Radlast betr\u00e4gt 1300 [&hellip;]<\/p>\n","protected":false},"featured_media":50894,"comment_status":"open","ping_status":"closed","template":"","meta":[],"product_brand":[],"product_cat":[124,60],"product_tag":[],"class_list":{"0":"post-50557","1":"product","2":"type-product","3":"status-publish","4":"has-post-thumbnail","6":"product_cat-oz-racing","7":"product_cat-oz-racing-felgen","9":"first","10":"instock","11":"taxable","12":"shipping-taxable","13":"purchasable","14":"product-type-variable"},"_links":{"self":[{"href":"https:\/\/wagenthaler.com\/shop\/wp-json\/wp\/v2\/product\/50557","targetHints":{"allow":["GET"]}}],"collection":[{"href":"https:\/\/wagenthaler.com\/shop\/wp-json\/wp\/v2\/product"}],"about":[{"href":"https:\/\/wagenthaler.com\/shop\/wp-json\/wp\/v2\/types\/product"}],"replies":[{"embeddable":true,"href":"https:\/\/wagenthaler.com\/shop\/wp-json\/wp\/v2\/comments?post=50557"}],"wp:featuredmedia":[{"embeddable":true,"href":"https:\/\/wagenthaler.com\/shop\/wp-json\/wp\/v2\/media\/50894"}],"wp:attachment":[{"href":"https:\/\/wagenthaler.com\/shop\/wp-json\/wp\/v2\/media?parent=50557"}],"wp:term":[{"taxonomy":"product_brand","embeddable":true,"href":"https:\/\/wagenthaler.com\/shop\/wp-json\/wp\/v2\/product_brand?post=50557"},{"taxonomy":"product_cat","embeddable":true,"href":"https:\/\/wagenthaler.com\/shop\/wp-json\/wp\/v2\/product_cat?post=50557"},{"taxonomy":"product_tag","embeddable":true,"href":"https:\/\/wagenthaler.com\/shop\/wp-json\/wp\/v2\/product_tag?post=50557"}],"curies":[{"name":"wp","href":"https:\/\/api.w.org\/{rel}","templated":true}]}}