{"id":50562,"date":"2026-02-25T00:23:55","date_gmt":"2026-02-24T23:23:55","guid":{"rendered":"https:\/\/wagenthaler.com\/shop\/oz-racing-rally-desert-tgr-wrt-2\/"},"modified":"2026-04-20T04:39:22","modified_gmt":"2026-04-20T02:39:22","slug":"oz-racing-rally-desert-tgr-wrt","status":"publish","type":"product","link":"https:\/\/wagenthaler.com\/shop\/oz-racing-rally-desert-tgr-wrt\/","title":{"rendered":"OZ Racing RALLY DESERT TGR-WRT"},"content":{"rendered":"<p>Mit der RALLY DESERT TGR-WRT bietet OZ Racing eine Felge aus der OZ Racing-Serie, die auf jahrzehntelanger Motorsport-Erfahrung basiert.<\/p>\n<p>Die Felge wird in 1 Oberfl\u00e4chen angeboten:<\/p>\n<ul>\n<li>MATT BLACK -A- SILVER LETTERING<\/li>\n<\/ul>\n<p>Die RALLY DESERT TGR-WRT ist in 18 Zoll verf\u00fcgbar.<\/p>\n<p>Konstruktionstyp: MONOBLOC.<\/p>\n<p>Referenzgewicht: 16.09 kg.<\/p>\n<p>Die maximale Radlast betr\u00e4gt 1300 kg.<\/p>\n<p>Alle Ausf\u00fchrungen sind T\u00dcV-gepr\u00fcft und werden mit ABE bzw. Teilegutachten ausgeliefert.<\/p>\n<p>Wagenthaler bietet Beratung, fachgerechte Montage und T\u00dcV-Abnahme direkt vor Ort bei M\u00fcnchen und Landsberg.<\/p>\n<p><a href=\"https:\/\/www.ozracing.com\/de\/alufelgen\/oz-racing\/rally-desert-tgr-wrt\" class=\"oz-modal-trigger\" data-modal-title=\"RALLY DESERT TGR-WRT \u2013 OZ Racing\" target=\"_blank\" rel=\"noopener\">Alle Details auf ozracing.com ansehen<\/a><\/p>\n","protected":false},"excerpt":{"rendered":"<p>Mit der RALLY DESERT TGR-WRT bietet OZ Racing eine Felge aus der OZ Racing-Serie, die auf jahrzehntelanger Motorsport-Erfahrung basiert. Die Felge wird in 1 Oberfl\u00e4chen angeboten: MATT BLACK -A- SILVER LETTERING Die RALLY DESERT TGR-WRT ist in 18 Zoll verf\u00fcgbar. Konstruktionstyp: MONOBLOC. Referenzgewicht: 16.09 kg. Die maximale Radlast betr\u00e4gt 1300 kg. Alle Ausf\u00fchrungen sind T\u00dcV-gepr\u00fcft [&hellip;]<\/p>\n","protected":false},"featured_media":50897,"comment_status":"open","ping_status":"closed","template":"","meta":[],"product_brand":[],"product_cat":[124,60],"product_tag":[],"class_list":{"0":"post-50562","1":"product","2":"type-product","3":"status-publish","4":"has-post-thumbnail","6":"product_cat-oz-racing","7":"product_cat-oz-racing-felgen","9":"first","10":"instock","11":"taxable","12":"shipping-taxable","13":"purchasable","14":"product-type-variable"},"_links":{"self":[{"href":"https:\/\/wagenthaler.com\/shop\/wp-json\/wp\/v2\/product\/50562","targetHints":{"allow":["GET"]}}],"collection":[{"href":"https:\/\/wagenthaler.com\/shop\/wp-json\/wp\/v2\/product"}],"about":[{"href":"https:\/\/wagenthaler.com\/shop\/wp-json\/wp\/v2\/types\/product"}],"replies":[{"embeddable":true,"href":"https:\/\/wagenthaler.com\/shop\/wp-json\/wp\/v2\/comments?post=50562"}],"wp:featuredmedia":[{"embeddable":true,"href":"https:\/\/wagenthaler.com\/shop\/wp-json\/wp\/v2\/media\/50897"}],"wp:attachment":[{"href":"https:\/\/wagenthaler.com\/shop\/wp-json\/wp\/v2\/media?parent=50562"}],"wp:term":[{"taxonomy":"product_brand","embeddable":true,"href":"https:\/\/wagenthaler.com\/shop\/wp-json\/wp\/v2\/product_brand?post=50562"},{"taxonomy":"product_cat","embeddable":true,"href":"https:\/\/wagenthaler.com\/shop\/wp-json\/wp\/v2\/product_cat?post=50562"},{"taxonomy":"product_tag","embeddable":true,"href":"https:\/\/wagenthaler.com\/shop\/wp-json\/wp\/v2\/product_tag?post=50562"}],"curies":[{"name":"wp","href":"https:\/\/api.w.org\/{rel}","templated":true}]}}