{"id":50590,"date":"2026-02-25T00:24:21","date_gmt":"2026-02-24T23:24:21","guid":{"rendered":"https:\/\/wagenthaler.com\/shop\/oz-racing-rally-racing-van-2\/"},"modified":"2026-04-20T04:39:22","modified_gmt":"2026-04-20T02:39:22","slug":"oz-racing-rally-racing-van","status":"publish","type":"product","link":"https:\/\/wagenthaler.com\/shop\/oz-racing-rally-racing-van\/","title":{"rendered":"OZ Racing RALLY RACING VAN"},"content":{"rendered":"<p>Die RALLY RACING VAN ist eine Leichtmetallfelge aus der OZ Racing-Kollektion von OZ Racing, entwickelt und gefertigt in Italien.<\/p>\n<p>Verf\u00fcgbar in 1 Farbvarianten:<\/p>\n<ul>\n<li>DARK GRAPHITE SILVER LETTERING<\/li>\n<\/ul>\n<p>Die RALLY RACING VAN ist in 18 Zoll verf\u00fcgbar.<\/p>\n<p>Die Bauart ist MONOBLOC.<\/p>\n<p>Mit einem Gewicht ab 14.31 kg geh\u00f6rt sie zu den leichteren Felgen dieser Klasse.<\/p>\n<p>Die maximale Radlast betr\u00e4gt 1200 kg.<\/p>\n<p>Jede RALLY RACING VAN durchl\u00e4uft strenge Qualit\u00e4tskontrollen und ist mit Teilegutachten verf\u00fcgbar.<\/p>\n<p>Bei Wagenthaler erhalten Sie pers\u00f6nliche Beratung, Komplettrad-Service und T\u00dcV-Eintragung aus einer Hand.<\/p>\n<p><a href=\"https:\/\/www.ozracing.com\/de\/alufelgen\/oz-racing\/rally-racing-van\" class=\"oz-modal-trigger\" data-modal-title=\"RALLY RACING VAN \u2013 OZ Racing\" target=\"_blank\" rel=\"noopener\">Alle Details auf ozracing.com ansehen<\/a><\/p>\n","protected":false},"excerpt":{"rendered":"<p>Die RALLY RACING VAN ist eine Leichtmetallfelge aus der OZ Racing-Kollektion von OZ Racing, entwickelt und gefertigt in Italien. Verf\u00fcgbar in 1 Farbvarianten: DARK GRAPHITE SILVER LETTERING Die RALLY RACING VAN ist in 18 Zoll verf\u00fcgbar. Die Bauart ist MONOBLOC. Mit einem Gewicht ab 14.31 kg geh\u00f6rt sie zu den leichteren Felgen dieser Klasse. Die [&hellip;]<\/p>\n","protected":false},"featured_media":50907,"comment_status":"open","ping_status":"closed","template":"","meta":[],"product_brand":[],"product_cat":[124,60],"product_tag":[],"class_list":{"0":"post-50590","1":"product","2":"type-product","3":"status-publish","4":"has-post-thumbnail","6":"product_cat-oz-racing","7":"product_cat-oz-racing-felgen","9":"first","10":"instock","11":"taxable","12":"shipping-taxable","13":"purchasable","14":"product-type-variable"},"_links":{"self":[{"href":"https:\/\/wagenthaler.com\/shop\/wp-json\/wp\/v2\/product\/50590","targetHints":{"allow":["GET"]}}],"collection":[{"href":"https:\/\/wagenthaler.com\/shop\/wp-json\/wp\/v2\/product"}],"about":[{"href":"https:\/\/wagenthaler.com\/shop\/wp-json\/wp\/v2\/types\/product"}],"replies":[{"embeddable":true,"href":"https:\/\/wagenthaler.com\/shop\/wp-json\/wp\/v2\/comments?post=50590"}],"wp:featuredmedia":[{"embeddable":true,"href":"https:\/\/wagenthaler.com\/shop\/wp-json\/wp\/v2\/media\/50907"}],"wp:attachment":[{"href":"https:\/\/wagenthaler.com\/shop\/wp-json\/wp\/v2\/media?parent=50590"}],"wp:term":[{"taxonomy":"product_brand","embeddable":true,"href":"https:\/\/wagenthaler.com\/shop\/wp-json\/wp\/v2\/product_brand?post=50590"},{"taxonomy":"product_cat","embeddable":true,"href":"https:\/\/wagenthaler.com\/shop\/wp-json\/wp\/v2\/product_cat?post=50590"},{"taxonomy":"product_tag","embeddable":true,"href":"https:\/\/wagenthaler.com\/shop\/wp-json\/wp\/v2\/product_tag?post=50590"}],"curies":[{"name":"wp","href":"https:\/\/api.w.org\/{rel}","templated":true}]}}