{"id":51173,"date":"2026-03-20T04:31:28","date_gmt":"2026-03-20T03:31:28","guid":{"rendered":"https:\/\/wagenthaler.com\/shop\/kw-kw-v6-racing-gewindefahrwerk-fuer-bmw-3er-coupe-e36-3b-3-b-m3b-m3-b-10-1991-05-1999\/"},"modified":"2026-04-03T05:29:42","modified_gmt":"2026-04-03T03:29:42","slug":"kw-kw-v6-racing-gewindefahrwerk-fuer-bmw-3er-coupe-e36-3b-3-b-m3b-m3-b-10-1991-05-1999","status":"publish","type":"product","link":"https:\/\/wagenthaler.com\/shop\/kw-kw-v6-racing-gewindefahrwerk-fuer-bmw-3er-coupe-e36-3b-3-b-m3b-m3-b-10-1991-05-1999\/","title":{"rendered":"KW V6 Racing Gewindefahrwerk f\u00fcr BMW 3er Coupe (E36) 3B, 3\/B, M3B, M3\/B 10\/1991-05\/1999"},"content":{"rendered":"<p>Das KW V6 Racing ist unsere konsequente Weiterentwicklung modernster GT3- und Prototypen-Anwendungen und setzt neue Ma\u00dfst\u00e4be in Sachen Pr\u00e4zision, Performance und Standfestigkeit. Das Fahrwerk basiert auf unserer Solid-Piston-Verdr\u00e4ngerkolben-Technologie und ist zus\u00e4tzlich mit einem Blow-Off-System ausgestattet, das eine noch feinere Kontrolle bei schnellen Anregungen wie Curbs oder Bodenwellen erm\u00f6glicht.<\/p>\n<p>Im Vergleich zum KW V5 Racing bietet das V6 Racing die gleichen Vorteile der Verdr\u00e4ngerkolben-Technologie \u2013 h\u00f6here D\u00e4mpfungskr\u00e4fte, pr\u00e4zisere Kennliniengestaltung und minimierte Kavitation \u2013 jedoch mit erweitertem Einstellbereich durch die Blow-Off-Funktion. Damit ist das KW V6 Racing kompromisslos f\u00fcr den professionellen Motorsport-Einsatz in GT3, GT4, Prototypen und Tourenwagen entwickelt.<\/p>\n<p><b>High-End f\u00fcr den harten Wettbewerb<\/b><\/p>\n<p>Das KW V6 Racing ist eine fahrzeugspezifische Motorsportl\u00f6sung und wird f\u00fcr eine Vielzahl an Anwendungen individuell konstruiert. Die Bauweise erlaubt h\u00f6chste thermische Stabilit\u00e4t, eine extrem direkte Ansprechcharakteristik und feinste D\u00e4mpferabstimmungen f\u00fcr den Einsatz auf h\u00f6chstem Niveau.<\/p>\n<p>Die separate Verstellung von Lowspeed- und Highspeed-Kr\u00e4ften in Zug- und Druckstufe sowie das zus\u00e4tzliche Blow-Off-System erm\u00f6glichen Fahrwerksabstimmungen, wie sie sonst nur im Werksmotorsport \u00fcblich sind.<\/p>\n<p><b>Technische Highlights:<\/b><\/p>\n<li>Solid-Piston-D\u00e4mpfungstechnologie (Verdr\u00e4ngerkolben)<\/li>\n<li>Integriertes Blow-Off-System f\u00fcr extreme Anregungen (z. B. Curbs, Bodenwellen)<\/li>\n<li>Einstellbare Druckstufend\u00e4mpfung (Lowspeed &amp; Highspeed)<\/li>\n<li>Einstellbare Zugstufend\u00e4mpfung (Lowspeed &amp; Highspeed)<\/li>\n<li>Aluminium-Unibal-St\u00fctzlager (je nach Fahrzeug inkl. Sturzverstellung)<\/li>\n<li>Hochfeste lineare Rennsportfedern<\/li>\n<li>Motorsport-D\u00e4mpfergeh\u00e4use aus Stahl- oder Aluminiumlegierung (fahrzeugspezifisch)<\/li>\n<li>Fahrzeugspezifische Auslegung inkl. Achsgeometrie, Radlasten, Federwege und Bodenfreiheit<\/li>\n<p>Mit dem KW V6 Racing steht Teams und Fahrern ein Fahrwerk zur Verf\u00fcgung, das direkt aus dem Werksmotorsport abgeleitet wurde und kompromisslos f\u00fcr schnelle Rundenzeiten und konstante Performance im Grenzbereich entwickelt ist.<\/p>\n","protected":false},"excerpt":{"rendered":"<p>Das Upgrade f\u00fcr deinen <strong>BMW<\/strong>. Besseres Handling.<\/p>\n<ul class='kw-specs'>\n<li><strong>Material:<\/strong> <\/li>\n<\/ul>\n<p><em>Jetzt konfigurieren!<\/em><\/p>\n","protected":false},"featured_media":51098,"comment_status":"open","ping_status":"closed","template":"","meta":[],"product_brand":[],"product_cat":[17,949],"product_tag":[],"class_list":{"0":"post-51173","1":"product","2":"type-product","3":"status-publish","4":"has-post-thumbnail","6":"product_cat-bmw","7":"product_cat-kw-fahrwerk","9":"first","10":"onbackorder","11":"taxable","12":"shipping-taxable","13":"purchasable","14":"product-type-variable"},"_links":{"self":[{"href":"https:\/\/wagenthaler.com\/shop\/wp-json\/wp\/v2\/product\/51173","targetHints":{"allow":["GET"]}}],"collection":[{"href":"https:\/\/wagenthaler.com\/shop\/wp-json\/wp\/v2\/product"}],"about":[{"href":"https:\/\/wagenthaler.com\/shop\/wp-json\/wp\/v2\/types\/product"}],"replies":[{"embeddable":true,"href":"https:\/\/wagenthaler.com\/shop\/wp-json\/wp\/v2\/comments?post=51173"}],"wp:featuredmedia":[{"embeddable":true,"href":"https:\/\/wagenthaler.com\/shop\/wp-json\/wp\/v2\/media\/51098"}],"wp:attachment":[{"href":"https:\/\/wagenthaler.com\/shop\/wp-json\/wp\/v2\/media?parent=51173"}],"wp:term":[{"taxonomy":"product_brand","embeddable":true,"href":"https:\/\/wagenthaler.com\/shop\/wp-json\/wp\/v2\/product_brand?post=51173"},{"taxonomy":"product_cat","embeddable":true,"href":"https:\/\/wagenthaler.com\/shop\/wp-json\/wp\/v2\/product_cat?post=51173"},{"taxonomy":"product_tag","embeddable":true,"href":"https:\/\/wagenthaler.com\/shop\/wp-json\/wp\/v2\/product_tag?post=51173"}],"curies":[{"name":"wp","href":"https:\/\/api.w.org\/{rel}","templated":true}]}}