{"id":51522,"date":"2026-04-20T04:38:23","date_gmt":"2026-04-20T02:38:23","guid":{"rendered":"https:\/\/wagenthaler.com\/shop\/oz-racing-rr40\/"},"modified":"2026-04-20T04:39:22","modified_gmt":"2026-04-20T02:39:22","slug":"oz-racing-rr40","status":"publish","type":"product","link":"https:\/\/wagenthaler.com\/shop\/oz-racing-rr40\/","title":{"rendered":"OZ Racing RR40"},"content":{"rendered":"<p>Mit der RR40 bietet OZ Racing eine Felge aus der OZ Racing-Serie, die auf jahrzehntelanger Motorsport-Erfahrung basiert.<\/p>\n<p>Die Felge wird in 1 Oberfl\u00e4chen angeboten:<\/p>\n<ul>\n<li>HYPER TITANIUM SILVER LETTERING<\/li>\n<\/ul>\n<p>Die RR40 ist in 17 Zoll verf\u00fcgbar.<\/p>\n<p>Konstruktionstyp: MONOBLOC.<\/p>\n<p>Referenzgewicht: 13.89 kg.<\/p>\n<p>Die maximale Radlast betr\u00e4gt 580 kg.<\/p>\n<p>Alle Ausf\u00fchrungen sind T\u00dcV-gepr\u00fcft und werden mit ABE bzw. Teilegutachten ausgeliefert.<\/p>\n<p>Wagenthaler bietet Beratung, fachgerechte Montage und T\u00dcV-Abnahme direkt vor Ort bei M\u00fcnchen und Landsberg.<\/p>\n<p><a href=\"https:\/\/www.ozracing.com\/de\/alufelgen\/oz-racing\/rr40\" class=\"oz-modal-trigger\" data-modal-title=\"RR40 \u2013 OZ Racing\" target=\"_blank\" rel=\"noopener\">Alle Details auf ozracing.com ansehen<\/a><\/p>\n","protected":false},"excerpt":{"rendered":"<p>Mit der RR40 bietet OZ Racing eine Felge aus der OZ Racing-Serie, die auf jahrzehntelanger Motorsport-Erfahrung basiert. Die Felge wird in 1 Oberfl\u00e4chen angeboten: HYPER TITANIUM SILVER LETTERING Die RR40 ist in 17 Zoll verf\u00fcgbar. Konstruktionstyp: MONOBLOC. Referenzgewicht: 13.89 kg. Die maximale Radlast betr\u00e4gt 580 kg. Alle Ausf\u00fchrungen sind T\u00dcV-gepr\u00fcft und werden mit ABE bzw. [&hellip;]<\/p>\n","protected":false},"featured_media":51524,"comment_status":"open","ping_status":"closed","template":"","meta":[],"product_brand":[],"product_cat":[124,60],"product_tag":[],"class_list":{"0":"post-51522","1":"product","2":"type-product","3":"status-publish","4":"has-post-thumbnail","6":"product_cat-oz-racing","7":"product_cat-oz-racing-felgen","9":"first","10":"instock","11":"taxable","12":"shipping-taxable","13":"purchasable","14":"product-type-variable"},"_links":{"self":[{"href":"https:\/\/wagenthaler.com\/shop\/wp-json\/wp\/v2\/product\/51522","targetHints":{"allow":["GET"]}}],"collection":[{"href":"https:\/\/wagenthaler.com\/shop\/wp-json\/wp\/v2\/product"}],"about":[{"href":"https:\/\/wagenthaler.com\/shop\/wp-json\/wp\/v2\/types\/product"}],"replies":[{"embeddable":true,"href":"https:\/\/wagenthaler.com\/shop\/wp-json\/wp\/v2\/comments?post=51522"}],"wp:featuredmedia":[{"embeddable":true,"href":"https:\/\/wagenthaler.com\/shop\/wp-json\/wp\/v2\/media\/51524"}],"wp:attachment":[{"href":"https:\/\/wagenthaler.com\/shop\/wp-json\/wp\/v2\/media?parent=51522"}],"wp:term":[{"taxonomy":"product_brand","embeddable":true,"href":"https:\/\/wagenthaler.com\/shop\/wp-json\/wp\/v2\/product_brand?post=51522"},{"taxonomy":"product_cat","embeddable":true,"href":"https:\/\/wagenthaler.com\/shop\/wp-json\/wp\/v2\/product_cat?post=51522"},{"taxonomy":"product_tag","embeddable":true,"href":"https:\/\/wagenthaler.com\/shop\/wp-json\/wp\/v2\/product_tag?post=51522"}],"curies":[{"name":"wp","href":"https:\/\/api.w.org\/{rel}","templated":true}]}}