{"id":9738,"date":"2026-02-03T00:32:30","date_gmt":"2026-02-02T23:32:30","guid":{"rendered":"https:\/\/shop.wagenthaler.com\/produkt\/kw-v5-clubsport-gewindefahrwerk-fuer-bmw-2er-coupe-g42-g87-08-2021\/"},"modified":"2026-04-17T04:41:31","modified_gmt":"2026-04-17T02:41:31","slug":"kw-v5-clubsport-gewindefahrwerk-fuer-bmw-2er-coupe-g42-g87-08-2021","status":"publish","type":"product","link":"https:\/\/wagenthaler.com\/shop\/kw-v5-clubsport-gewindefahrwerk-fuer-bmw-2er-coupe-g42-g87-08-2021\/","title":{"rendered":"KW V5 Clubsport Gewindefahrwerk f\u00fcr BMW 2er Coupe (G42, G87) 08\/2021-"},"content":{"rendered":"<p>Das neue 4-fach einstellbare KW V5 Clubsport bietet modernste KW Solid Piston GT3-Motorsportfahrwerktechnologie f\u00fcr die sportlichsten Stra\u00dfenfahrzeuge mit Sportreifen-Setup f\u00fcr den Einsatz auf der Rennstrecke und auf der Stra\u00dfe. Die gesamte Fahrwerkauslegung des KW V5 Clubsport Gewindefahrwerks mit seinen Uniballagern ist f\u00fcr den Einsatz von Semislickreifen bei seriennahen Fahrzeugen ausgelegt. <\/p>\n<p><b>KW Solid Piston Technology f\u00fcr Rennstrecke und Stra\u00dfe<\/b><\/p>\n<p>Im Gegensatz zu Schwingungsd\u00e4mpfern mit \u00fcberstr\u00f6mten Arbeitskolben nutzt KW beim KW V5 Clubsport Gewindefahrwerk seine im Motorsport bew\u00e4hrte und bei Fahrzeugen wie BMW M4 GT3 und Porsche 911 GT3 R homologierte KW Solid Piston Technology (Verdr\u00e4ngerkolbenaufbau). Die in den Lowspeed- und Highspeed-Kr\u00e4ften separat einstellbaren Druck- und Zugstufenventile sind vom D\u00e4mpferinnenrohr und der Kolbenstange getrennt angeordnet. Dadurch bietet das KW V5 Clubsport mit einstellbarer KW SPCLH-A (KW Solid Piston Compression Low- und Highspeed Adjustable) Druckstufend\u00e4mpfung und der KW SPRLH-A (KW Solid Piston Rebound Low- und Highspeed Adjustable) Zugstufend\u00e4mpfung deutliche Mehrwerte.<\/p>\n<p>&#8211; sensitivere und hochfrequente D\u00e4mpfung<br \/>&#8211; kavitationsfreie Funktion<br \/>&#8211; Niederdruckgasbereich von 6 bis 10 bar<br \/>&#8211; Einzigartige, unabh\u00e4ngig voneinander wirkende D\u00e4mpferkraftverstellung<br \/>&#8211; Druck- und Zugd\u00e4mpfung frei einstellbare D\u00e4mpfungstechnik<br \/>&#8211; einstellbare Lowspeed-Druckstufend\u00e4mpfung mit 13 exakten Klicks<br \/>&#8211; einstellbare Highspeed-Druckstufend\u00e4mpfung mit 13 exakten Klicks<br \/>&#8211; einstellbare Lowspeed-Zugstufend\u00e4mpfung mit 13 exakten Klicks<br \/>&#8211; einstellbare Highspeed-Zugstufend\u00e4mpfung mit 13 exakten Klicks<br \/>&#8211; stufenlose Tieferlegung<br \/>&#8211; gepr\u00fcfter Verstellbereich<br \/>&#8211; Aluminium-Unibal-St\u00fctzlager<br \/>&#8211; Teilegutachten<br \/>&#8211; Hochwertige Bauteile f\u00fcr lange Lebensdauer<\/p>\n<p>Bei aggressiven Lenkman\u00f6vern und einer extremen Kompression bleibt der Karosserieaufbau perfekt abgest\u00fctzt. Durch die einstellbare Mehrventiltechnologie d\u00e4mpft das KW V5 Clubsport Bodenwellen und verh\u00e4ltnism\u00e4\u00dfig gro\u00dfe Querfugen sauber. Selbst beim Anschneiden von Curbs bleiben seriennahe Sportwagen mit dem KW V5 Clubsport Gewindefahrwerk sicher kontrollierbar. Die Einstellm\u00f6glichkeiten in der H\u00f6he erm\u00f6glichen eine Anpassung der Radlasten. Die Einstellm\u00f6glichkeiten, kombiniert mit der separat in Druck- und Zugstufe einstellbaren D\u00e4mpfungstechnik (SPCLH-A und SPRLH-A Technologie), erm\u00f6glichen individuelle Setups passend zum Fahrzeuggewicht, den Reifencharakteristiken, unterschiedlichen Streckenbeschaffenheiten und Einsatzbedingungen \u2013 dank Mehrventiltechnologie und Teilegutachten kann das KW V5 Clubsport Gewindefahrwerk auch im \u00f6ffentlichen Stra\u00dfenverkehr genutzt werden. <\/p>\n<p><b>Setup: Einsatzbereich und D\u00e4mpferabstimmung<\/b><\/p>\n<p>Das KW V5 Clubsport Gewindefahrwerk mit seiner KW Solid Piston Technology ist das ideale Upgrade, um seriennahe Sportwagen sicher und schnell mit Semislickreifen bei Trackdays und Touristenfahrten auf Rennstrecken zu fahren. Dank Teilegutachten kann das KW V5 Clubsport auch im Alltag auf \u00f6ffentlichen Stra\u00dfen genutzt werden.<\/p>\n","protected":false},"excerpt":{"rendered":"<p>Das Upgrade f\u00fcr deinen <strong>BMW<\/strong>. Besseres Handling.<\/p>\n<ul class='kw-specs'>\n<li><strong>Tieferlegung:<\/strong> VA 20-35mm \/ HA 15-30 mm<\/li>\n<li><strong>Material:<\/strong> VA: Stahl verzinkt \/ HA: Aluminium<\/li>\n<\/ul>\n<p><em>Jetzt konfigurieren!<\/em><\/p>\n","protected":false},"featured_media":9739,"comment_status":"open","ping_status":"closed","template":"","meta":[],"product_brand":[],"product_cat":[17,949],"product_tag":[],"class_list":{"0":"post-9738","1":"product","2":"type-product","3":"status-publish","4":"has-post-thumbnail","6":"product_cat-bmw","7":"product_cat-kw-fahrwerk","9":"first","10":"onbackorder","11":"taxable","12":"shipping-taxable","13":"purchasable","14":"product-type-variable"},"_links":{"self":[{"href":"https:\/\/wagenthaler.com\/shop\/wp-json\/wp\/v2\/product\/9738","targetHints":{"allow":["GET"]}}],"collection":[{"href":"https:\/\/wagenthaler.com\/shop\/wp-json\/wp\/v2\/product"}],"about":[{"href":"https:\/\/wagenthaler.com\/shop\/wp-json\/wp\/v2\/types\/product"}],"replies":[{"embeddable":true,"href":"https:\/\/wagenthaler.com\/shop\/wp-json\/wp\/v2\/comments?post=9738"}],"wp:featuredmedia":[{"embeddable":true,"href":"https:\/\/wagenthaler.com\/shop\/wp-json\/wp\/v2\/media\/9739"}],"wp:attachment":[{"href":"https:\/\/wagenthaler.com\/shop\/wp-json\/wp\/v2\/media?parent=9738"}],"wp:term":[{"taxonomy":"product_brand","embeddable":true,"href":"https:\/\/wagenthaler.com\/shop\/wp-json\/wp\/v2\/product_brand?post=9738"},{"taxonomy":"product_cat","embeddable":true,"href":"https:\/\/wagenthaler.com\/shop\/wp-json\/wp\/v2\/product_cat?post=9738"},{"taxonomy":"product_tag","embeddable":true,"href":"https:\/\/wagenthaler.com\/shop\/wp-json\/wp\/v2\/product_tag?post=9738"}],"curies":[{"name":"wp","href":"https:\/\/api.w.org\/{rel}","templated":true}]}}